{"id":467,"date":"2024-01-08T15:39:40","date_gmt":"2024-01-08T15:39:40","guid":{"rendered":"https:\/\/termaly-male-bielice.ms2.decms.eu\/?page_id=467"},"modified":"2026-04-09T13:02:25","modified_gmt":"2026-04-09T13:02:25","slug":"reflexna-masaz-chodidel","status":"publish","type":"page","link":"https:\/\/www.termalymalebielice.com\/sk\/wellness-spa-centrum\/masaze\/reflexna-masaz-chodidel\/","title":{"rendered":"Reflexn\u00e1 mas\u00e1\u017e chodidel"},"content":{"rendered":"<p>Reflexn\u00e1 mas\u00e1\u017e chodidiel je ve\u013emi prospe\u0161n\u00e1 pre ka\u017ed\u00e9ho, kto si potrebuje po \u0165a\u017ekom dni odd\u00fdchnu\u0165 alebo sa jednoducho chce prevent\u00edvne stara\u0165 o svoje zdravie. V\u010faka mas\u00e1\u017ei sa uvo\u013enite, zv\u00fd\u0161ite va\u0161u imunitu a podpor\u00edte kvalitu sp\u00e1nku.<\/p>\n<p>Pre rezerv\u00e1cie kontaktujte na\u0161u recepciu na reception@termalymalebielice.com<br \/>\nalebo telefonicky na +421 910 100 109.<\/p>\n<p>&nbsp;<\/p>\n<div style=\"border: none\"><\/div>\n","protected":false},"excerpt":{"rendered":"<p>Reflexn\u00e1 mas\u00e1\u017e chodidiel je ve\u013emi prospe\u0161n\u00e1 pre ka\u017ed\u00e9ho, kto si potrebuje po \u0165a\u017ekom dni odd\u00fdchnu\u0165 alebo sa jednoducho chce prevent\u00edvne stara\u0165 o svoje zdravie. V\u010faka mas\u00e1\u017ei sa uvo\u013enite, zv\u00fd\u0161ite va\u0161u imunitu a podpor\u00edte kvalitu sp\u00e1nku. Pre rezerv\u00e1cie kontaktujte na\u0161u recepciu na reception@termalymalebielice.com alebo telefonicky na +421 910 100 109. &nbsp;<\/p>\n","protected":false},"author":7,"featured_media":0,"parent":237,"menu_order":60,"comment_status":"closed","ping_status":"closed","template":"template-single-treatments.php","meta":{"footnotes":""},"yoast_head":"<!-- This site is optimized with the Yoast SEO plugin v22.3 - https:\/\/yoast.com\/wordpress\/plugins\/seo\/ -->\n<title>Reflexn\u00e1 mas\u00e1\u017e chodidel - Termaly Male Bielice -<\/title>\n<meta name=\"description\" content=\"Reflexn\u00e1 mas\u00e1\u017e chodidiel je ve\u013emi prospe\u0161n\u00e1 pre ka\u017ed\u00e9ho, kto si potrebuje po \u0165a\u017ekom dni odd\u00fdchnu\u0165 alebo sa chce o seba prevent\u00edvne stara\u0165.\" \/>\n<meta name=\"robots\" content=\"index, follow, max-snippet:-1, max-image-preview:large, max-video-preview:-1\" \/>\n<link rel=\"canonical\" href=\"https:\/\/www.termalymalebielice.com\/sk\/wellness-spa-centrum\/masaze\/reflexna-masaz-chodidel\/\" \/>\n<meta property=\"og:locale\" content=\"sk_SK\" \/>\n<meta property=\"og:type\" content=\"article\" \/>\n<meta property=\"og:title\" content=\"Reflexn\u00e1 mas\u00e1\u017e chodidel - Termaly Male Bielice -\" \/>\n<meta property=\"og:description\" content=\"Reflexn\u00e1 mas\u00e1\u017e chodidiel je ve\u013emi prospe\u0161n\u00e1 pre ka\u017ed\u00e9ho, kto si potrebuje po \u0165a\u017ekom dni odd\u00fdchnu\u0165 alebo sa chce o seba prevent\u00edvne stara\u0165.\" \/>\n<meta property=\"og:url\" content=\"https:\/\/www.termalymalebielice.com\/sk\/wellness-spa-centrum\/masaze\/reflexna-masaz-chodidel\/\" \/>\n<meta property=\"og:site_name\" content=\"Termaly Male Bielice\" \/>\n<meta property=\"article:modified_time\" content=\"2026-04-09T13:02:25+00:00\" \/>\n<meta name=\"twitter:card\" content=\"summary_large_image\" \/>\n<meta name=\"twitter:label1\" content=\"Predpokladan\u00fd \u010das \u010d\u00edtania\" \/>\n\t<meta name=\"twitter:data1\" content=\"1 min\u00fata\" \/>\n<script type=\"application\/ld+json\" class=\"yoast-schema-graph\">{\"@context\":\"https:\/\/schema.org\",\"@graph\":[{\"@type\":\"WebPage\",\"@id\":\"https:\/\/www.termalymalebielice.com\/sk\/wellness-spa-centrum\/masaze\/reflexna-masaz-chodidel\/\",\"url\":\"https:\/\/www.termalymalebielice.com\/sk\/wellness-spa-centrum\/masaze\/reflexna-masaz-chodidel\/\",\"name\":\"Reflexn\u00e1 mas\u00e1\u017e chodidel - Termaly Male Bielice -\",\"isPartOf\":{\"@id\":\"https:\/\/www.termalymalebielice.com\/sk\/#website\"},\"datePublished\":\"2024-01-08T15:39:40+00:00\",\"dateModified\":\"2026-04-09T13:02:25+00:00\",\"description\":\"Reflexn\u00e1 mas\u00e1\u017e chodidiel je ve\u013emi prospe\u0161n\u00e1 pre ka\u017ed\u00e9ho, kto si potrebuje po \u0165a\u017ekom dni odd\u00fdchnu\u0165 alebo sa chce o seba prevent\u00edvne stara\u0165.\",\"breadcrumb\":{\"@id\":\"https:\/\/www.termalymalebielice.com\/sk\/wellness-spa-centrum\/masaze\/reflexna-masaz-chodidel\/#breadcrumb\"},\"inLanguage\":\"sk-SK\",\"potentialAction\":[{\"@type\":\"ReadAction\",\"target\":[\"https:\/\/www.termalymalebielice.com\/sk\/wellness-spa-centrum\/masaze\/reflexna-masaz-chodidel\/\"]}]},{\"@type\":\"BreadcrumbList\",\"@id\":\"https:\/\/www.termalymalebielice.com\/sk\/wellness-spa-centrum\/masaze\/reflexna-masaz-chodidel\/#breadcrumb\",\"itemListElement\":[{\"@type\":\"ListItem\",\"position\":1,\"name\":\"Home\",\"item\":\"https:\/\/www.termalymalebielice.com\/sk\/\"},{\"@type\":\"ListItem\",\"position\":2,\"name\":\"Wellness\",\"item\":\"https:\/\/www.termalymalebielice.com\/sk\/wellness-spa-centrum\/\"},{\"@type\":\"ListItem\",\"position\":3,\"name\":\"Mas\u00e1\u017ee\",\"item\":\"https:\/\/www.termalymalebielice.com\/sk\/wellness-spa-centrum\/masaze\/\"},{\"@type\":\"ListItem\",\"position\":4,\"name\":\"Reflexn\u00e1 mas\u00e1\u017e chodidel\"}]},{\"@type\":\"WebSite\",\"@id\":\"https:\/\/www.termalymalebielice.com\/sk\/#website\",\"url\":\"https:\/\/www.termalymalebielice.com\/sk\/\",\"name\":\"Termaly Male Bielice\",\"description\":\"\",\"potentialAction\":[{\"@type\":\"SearchAction\",\"target\":{\"@type\":\"EntryPoint\",\"urlTemplate\":\"https:\/\/www.termalymalebielice.com\/sk\/?s={search_term_string}\"},\"query-input\":\"required name=search_term_string\"}],\"inLanguage\":\"sk-SK\"}]}<\/script>\n<!-- \/ Yoast SEO plugin. -->","yoast_head_json":{"title":"Reflexn\u00e1 mas\u00e1\u017e chodidel - Termaly Male Bielice -","description":"Reflexn\u00e1 mas\u00e1\u017e chodidiel je ve\u013emi prospe\u0161n\u00e1 pre ka\u017ed\u00e9ho, kto si potrebuje po \u0165a\u017ekom dni odd\u00fdchnu\u0165 alebo sa chce o seba prevent\u00edvne stara\u0165.","robots":{"index":"index","follow":"follow","max-snippet":"max-snippet:-1","max-image-preview":"max-image-preview:large","max-video-preview":"max-video-preview:-1"},"canonical":"https:\/\/www.termalymalebielice.com\/sk\/wellness-spa-centrum\/masaze\/reflexna-masaz-chodidel\/","og_locale":"sk_SK","og_type":"article","og_title":"Reflexn\u00e1 mas\u00e1\u017e chodidel - Termaly Male Bielice -","og_description":"Reflexn\u00e1 mas\u00e1\u017e chodidiel je ve\u013emi prospe\u0161n\u00e1 pre ka\u017ed\u00e9ho, kto si potrebuje po \u0165a\u017ekom dni odd\u00fdchnu\u0165 alebo sa chce o seba prevent\u00edvne stara\u0165.","og_url":"https:\/\/www.termalymalebielice.com\/sk\/wellness-spa-centrum\/masaze\/reflexna-masaz-chodidel\/","og_site_name":"Termaly Male Bielice","article_modified_time":"2026-04-09T13:02:25+00:00","twitter_card":"summary_large_image","twitter_misc":{"Predpokladan\u00fd \u010das \u010d\u00edtania":"1 min\u00fata"},"schema":{"@context":"https:\/\/schema.org","@graph":[{"@type":"WebPage","@id":"https:\/\/www.termalymalebielice.com\/sk\/wellness-spa-centrum\/masaze\/reflexna-masaz-chodidel\/","url":"https:\/\/www.termalymalebielice.com\/sk\/wellness-spa-centrum\/masaze\/reflexna-masaz-chodidel\/","name":"Reflexn\u00e1 mas\u00e1\u017e chodidel - Termaly Male Bielice -","isPartOf":{"@id":"https:\/\/www.termalymalebielice.com\/sk\/#website"},"datePublished":"2024-01-08T15:39:40+00:00","dateModified":"2026-04-09T13:02:25+00:00","description":"Reflexn\u00e1 mas\u00e1\u017e chodidiel je ve\u013emi prospe\u0161n\u00e1 pre ka\u017ed\u00e9ho, kto si potrebuje po \u0165a\u017ekom dni odd\u00fdchnu\u0165 alebo sa chce o seba prevent\u00edvne stara\u0165.","breadcrumb":{"@id":"https:\/\/www.termalymalebielice.com\/sk\/wellness-spa-centrum\/masaze\/reflexna-masaz-chodidel\/#breadcrumb"},"inLanguage":"sk-SK","potentialAction":[{"@type":"ReadAction","target":["https:\/\/www.termalymalebielice.com\/sk\/wellness-spa-centrum\/masaze\/reflexna-masaz-chodidel\/"]}]},{"@type":"BreadcrumbList","@id":"https:\/\/www.termalymalebielice.com\/sk\/wellness-spa-centrum\/masaze\/reflexna-masaz-chodidel\/#breadcrumb","itemListElement":[{"@type":"ListItem","position":1,"name":"Home","item":"https:\/\/www.termalymalebielice.com\/sk\/"},{"@type":"ListItem","position":2,"name":"Wellness","item":"https:\/\/www.termalymalebielice.com\/sk\/wellness-spa-centrum\/"},{"@type":"ListItem","position":3,"name":"Mas\u00e1\u017ee","item":"https:\/\/www.termalymalebielice.com\/sk\/wellness-spa-centrum\/masaze\/"},{"@type":"ListItem","position":4,"name":"Reflexn\u00e1 mas\u00e1\u017e chodidel"}]},{"@type":"WebSite","@id":"https:\/\/www.termalymalebielice.com\/sk\/#website","url":"https:\/\/www.termalymalebielice.com\/sk\/","name":"Termaly Male Bielice","description":"","potentialAction":[{"@type":"SearchAction","target":{"@type":"EntryPoint","urlTemplate":"https:\/\/www.termalymalebielice.com\/sk\/?s={search_term_string}"},"query-input":"required name=search_term_string"}],"inLanguage":"sk-SK"}]}},"acf":[],"_links":{"self":[{"href":"https:\/\/www.termalymalebielice.com\/sk\/wp-json\/wp\/v2\/pages\/467"}],"collection":[{"href":"https:\/\/www.termalymalebielice.com\/sk\/wp-json\/wp\/v2\/pages"}],"about":[{"href":"https:\/\/www.termalymalebielice.com\/sk\/wp-json\/wp\/v2\/types\/page"}],"author":[{"embeddable":true,"href":"https:\/\/www.termalymalebielice.com\/sk\/wp-json\/wp\/v2\/users\/7"}],"replies":[{"embeddable":true,"href":"https:\/\/www.termalymalebielice.com\/sk\/wp-json\/wp\/v2\/comments?post=467"}],"version-history":[{"count":0,"href":"https:\/\/www.termalymalebielice.com\/sk\/wp-json\/wp\/v2\/pages\/467\/revisions"}],"up":[{"embeddable":true,"href":"https:\/\/www.termalymalebielice.com\/sk\/wp-json\/wp\/v2\/pages\/237"}],"wp:attachment":[{"href":"https:\/\/www.termalymalebielice.com\/sk\/wp-json\/wp\/v2\/media?parent=467"}],"curies":[{"name":"wp","href":"https:\/\/api.w.org\/{rel}","templated":true}]}}