{"id":463,"date":"2024-01-08T15:37:18","date_gmt":"2024-01-08T15:37:18","guid":{"rendered":"https:\/\/termaly-male-bielice.ms2.decms.eu\/?page_id=463"},"modified":"2025-08-04T16:04:23","modified_gmt":"2025-08-04T16:04:23","slug":"masaz-lavovymi-kamenmi","status":"publish","type":"page","link":"https:\/\/www.termalymalebielice.com\/sk\/wellness-spa-centrum\/masaze\/masaz-lavovymi-kamenmi\/","title":{"rendered":"Mas\u00e1\u017e lavov\u00fdmi kame\u0148mi"},"content":{"rendered":"<p>Mas\u00edruje sa okr\u00fahlymi bazaltov\u00fdmi kame\u0148mi, zohriatymi na teplotu 70\u00b0C. L\u00e1vov\u00e9 kamene harmonizuj\u00fa \u013eudsk\u00e9 telo, odoberaj\u00fa mu negat\u00edvnu energiu, eliminuj\u00fa boles\u0165 v svaloch, zlep\u0161uj\u00fa cirkul\u00e1ciu krvi, napom\u00e1haj\u00fa k detoxik\u00e1cii, maj\u00fa v\u00fdrazn\u00fd toniza\u010dn\u00fd efekt. \u00da\u010dinky mas\u00e1\u017ee: stimuluje krvn\u00fd obeh a lymfatick\u00fd syst\u00e9m, postupne prehrieva cel\u00e9 telo, pom\u00e1ha k detoxik\u00e1cii organizmu, vyrovn\u00e1va energiu v tele.<\/p>\n<div style=\"pointer-events: none; border: none;\"><\/div>\n<div style=\"pointer-events: none; border: none;\"><\/div>\n<div style=\"pointer-events: none; border: none;\"><\/div>\n","protected":false},"excerpt":{"rendered":"<p>Mas\u00edruje sa okr\u00fahlymi bazaltov\u00fdmi kame\u0148mi, zohriatymi na teplotu 70\u00b0C. L\u00e1vov\u00e9 kamene harmonizuj\u00fa \u013eudsk\u00e9 telo, odoberaj\u00fa mu negat\u00edvnu energiu, eliminuj\u00fa boles\u0165 v svaloch, zlep\u0161uj\u00fa cirkul\u00e1ciu krvi, napom\u00e1haj\u00fa k detoxik\u00e1cii, maj\u00fa v\u00fdrazn\u00fd toniza\u010dn\u00fd efekt. \u00da\u010dinky mas\u00e1\u017ee: stimuluje krvn\u00fd obeh a lymfatick\u00fd syst\u00e9m, postupne prehrieva cel\u00e9 telo, pom\u00e1ha k detoxik\u00e1cii organizmu, vyrovn\u00e1va energiu v tele.<\/p>\n","protected":false},"author":7,"featured_media":0,"parent":237,"menu_order":40,"comment_status":"closed","ping_status":"closed","template":"template-single-treatments.php","meta":{"footnotes":""},"yoast_head":"<!-- This site is optimized with the Yoast SEO plugin v22.3 - https:\/\/yoast.com\/wordpress\/plugins\/seo\/ -->\n<title>Mas\u00e1\u017e lavov\u00fdmi kame\u0148mi - Termaly Male Bielice -<\/title>\n<meta name=\"description\" content=\"Mas\u00e1\u017e hor\u00facimi l\u00e1vov\u00fdmi kame\u0148mi harmonizuje telo, odstra\u0148uje boles\u0165, zlep\u0161uje krvn\u00fd obeh, detoxikuje organizmus a vyrovn\u00e1va energiu.\" \/>\n<meta name=\"robots\" content=\"index, follow, max-snippet:-1, max-image-preview:large, max-video-preview:-1\" \/>\n<link rel=\"canonical\" href=\"https:\/\/www.termalymalebielice.com\/sk\/wellness-spa-centrum\/masaze\/masaz-lavovymi-kamenmi\/\" \/>\n<meta property=\"og:locale\" content=\"sk_SK\" \/>\n<meta property=\"og:type\" content=\"article\" \/>\n<meta property=\"og:title\" content=\"Mas\u00e1\u017e lavov\u00fdmi kame\u0148mi - Termaly Male Bielice -\" \/>\n<meta property=\"og:description\" content=\"Mas\u00e1\u017e hor\u00facimi l\u00e1vov\u00fdmi kame\u0148mi harmonizuje telo, odstra\u0148uje boles\u0165, zlep\u0161uje krvn\u00fd obeh, detoxikuje organizmus a vyrovn\u00e1va energiu.\" \/>\n<meta property=\"og:url\" content=\"https:\/\/www.termalymalebielice.com\/sk\/wellness-spa-centrum\/masaze\/masaz-lavovymi-kamenmi\/\" \/>\n<meta property=\"og:site_name\" content=\"Termaly Male Bielice\" \/>\n<meta property=\"article:modified_time\" content=\"2025-08-04T16:04:23+00:00\" \/>\n<meta name=\"twitter:card\" content=\"summary_large_image\" \/>\n<meta name=\"twitter:label1\" content=\"Predpokladan\u00fd \u010das \u010d\u00edtania\" \/>\n\t<meta name=\"twitter:data1\" content=\"1 min\u00fata\" \/>\n<script type=\"application\/ld+json\" class=\"yoast-schema-graph\">{\"@context\":\"https:\/\/schema.org\",\"@graph\":[{\"@type\":\"WebPage\",\"@id\":\"https:\/\/www.termalymalebielice.com\/sk\/wellness-spa-centrum\/masaze\/masaz-lavovymi-kamenmi\/\",\"url\":\"https:\/\/www.termalymalebielice.com\/sk\/wellness-spa-centrum\/masaze\/masaz-lavovymi-kamenmi\/\",\"name\":\"Mas\u00e1\u017e lavov\u00fdmi kame\u0148mi - Termaly Male Bielice -\",\"isPartOf\":{\"@id\":\"https:\/\/www.termalymalebielice.com\/sk\/#website\"},\"datePublished\":\"2024-01-08T15:37:18+00:00\",\"dateModified\":\"2025-08-04T16:04:23+00:00\",\"description\":\"Mas\u00e1\u017e hor\u00facimi l\u00e1vov\u00fdmi kame\u0148mi harmonizuje telo, odstra\u0148uje boles\u0165, zlep\u0161uje krvn\u00fd obeh, detoxikuje organizmus a vyrovn\u00e1va energiu.\",\"breadcrumb\":{\"@id\":\"https:\/\/www.termalymalebielice.com\/sk\/wellness-spa-centrum\/masaze\/masaz-lavovymi-kamenmi\/#breadcrumb\"},\"inLanguage\":\"sk-SK\",\"potentialAction\":[{\"@type\":\"ReadAction\",\"target\":[\"https:\/\/www.termalymalebielice.com\/sk\/wellness-spa-centrum\/masaze\/masaz-lavovymi-kamenmi\/\"]}]},{\"@type\":\"BreadcrumbList\",\"@id\":\"https:\/\/www.termalymalebielice.com\/sk\/wellness-spa-centrum\/masaze\/masaz-lavovymi-kamenmi\/#breadcrumb\",\"itemListElement\":[{\"@type\":\"ListItem\",\"position\":1,\"name\":\"Home\",\"item\":\"https:\/\/www.termalymalebielice.com\/sk\/\"},{\"@type\":\"ListItem\",\"position\":2,\"name\":\"Wellness\",\"item\":\"https:\/\/www.termalymalebielice.com\/sk\/wellness-spa-centrum\/\"},{\"@type\":\"ListItem\",\"position\":3,\"name\":\"Mas\u00e1\u017ee\",\"item\":\"https:\/\/www.termalymalebielice.com\/sk\/wellness-spa-centrum\/masaze\/\"},{\"@type\":\"ListItem\",\"position\":4,\"name\":\"Mas\u00e1\u017e lavov\u00fdmi kame\u0148mi\"}]},{\"@type\":\"WebSite\",\"@id\":\"https:\/\/www.termalymalebielice.com\/sk\/#website\",\"url\":\"https:\/\/www.termalymalebielice.com\/sk\/\",\"name\":\"Termaly Male Bielice\",\"description\":\"\",\"potentialAction\":[{\"@type\":\"SearchAction\",\"target\":{\"@type\":\"EntryPoint\",\"urlTemplate\":\"https:\/\/www.termalymalebielice.com\/sk\/?s={search_term_string}\"},\"query-input\":\"required name=search_term_string\"}],\"inLanguage\":\"sk-SK\"}]}<\/script>\n<!-- \/ Yoast SEO plugin. -->","yoast_head_json":{"title":"Mas\u00e1\u017e lavov\u00fdmi kame\u0148mi - Termaly Male Bielice -","description":"Mas\u00e1\u017e hor\u00facimi l\u00e1vov\u00fdmi kame\u0148mi harmonizuje telo, odstra\u0148uje boles\u0165, zlep\u0161uje krvn\u00fd obeh, detoxikuje organizmus a vyrovn\u00e1va energiu.","robots":{"index":"index","follow":"follow","max-snippet":"max-snippet:-1","max-image-preview":"max-image-preview:large","max-video-preview":"max-video-preview:-1"},"canonical":"https:\/\/www.termalymalebielice.com\/sk\/wellness-spa-centrum\/masaze\/masaz-lavovymi-kamenmi\/","og_locale":"sk_SK","og_type":"article","og_title":"Mas\u00e1\u017e lavov\u00fdmi kame\u0148mi - Termaly Male Bielice -","og_description":"Mas\u00e1\u017e hor\u00facimi l\u00e1vov\u00fdmi kame\u0148mi harmonizuje telo, odstra\u0148uje boles\u0165, zlep\u0161uje krvn\u00fd obeh, detoxikuje organizmus a vyrovn\u00e1va energiu.","og_url":"https:\/\/www.termalymalebielice.com\/sk\/wellness-spa-centrum\/masaze\/masaz-lavovymi-kamenmi\/","og_site_name":"Termaly Male Bielice","article_modified_time":"2025-08-04T16:04:23+00:00","twitter_card":"summary_large_image","twitter_misc":{"Predpokladan\u00fd \u010das \u010d\u00edtania":"1 min\u00fata"},"schema":{"@context":"https:\/\/schema.org","@graph":[{"@type":"WebPage","@id":"https:\/\/www.termalymalebielice.com\/sk\/wellness-spa-centrum\/masaze\/masaz-lavovymi-kamenmi\/","url":"https:\/\/www.termalymalebielice.com\/sk\/wellness-spa-centrum\/masaze\/masaz-lavovymi-kamenmi\/","name":"Mas\u00e1\u017e lavov\u00fdmi kame\u0148mi - Termaly Male Bielice -","isPartOf":{"@id":"https:\/\/www.termalymalebielice.com\/sk\/#website"},"datePublished":"2024-01-08T15:37:18+00:00","dateModified":"2025-08-04T16:04:23+00:00","description":"Mas\u00e1\u017e hor\u00facimi l\u00e1vov\u00fdmi kame\u0148mi harmonizuje telo, odstra\u0148uje boles\u0165, zlep\u0161uje krvn\u00fd obeh, detoxikuje organizmus a vyrovn\u00e1va energiu.","breadcrumb":{"@id":"https:\/\/www.termalymalebielice.com\/sk\/wellness-spa-centrum\/masaze\/masaz-lavovymi-kamenmi\/#breadcrumb"},"inLanguage":"sk-SK","potentialAction":[{"@type":"ReadAction","target":["https:\/\/www.termalymalebielice.com\/sk\/wellness-spa-centrum\/masaze\/masaz-lavovymi-kamenmi\/"]}]},{"@type":"BreadcrumbList","@id":"https:\/\/www.termalymalebielice.com\/sk\/wellness-spa-centrum\/masaze\/masaz-lavovymi-kamenmi\/#breadcrumb","itemListElement":[{"@type":"ListItem","position":1,"name":"Home","item":"https:\/\/www.termalymalebielice.com\/sk\/"},{"@type":"ListItem","position":2,"name":"Wellness","item":"https:\/\/www.termalymalebielice.com\/sk\/wellness-spa-centrum\/"},{"@type":"ListItem","position":3,"name":"Mas\u00e1\u017ee","item":"https:\/\/www.termalymalebielice.com\/sk\/wellness-spa-centrum\/masaze\/"},{"@type":"ListItem","position":4,"name":"Mas\u00e1\u017e lavov\u00fdmi kame\u0148mi"}]},{"@type":"WebSite","@id":"https:\/\/www.termalymalebielice.com\/sk\/#website","url":"https:\/\/www.termalymalebielice.com\/sk\/","name":"Termaly Male Bielice","description":"","potentialAction":[{"@type":"SearchAction","target":{"@type":"EntryPoint","urlTemplate":"https:\/\/www.termalymalebielice.com\/sk\/?s={search_term_string}"},"query-input":"required name=search_term_string"}],"inLanguage":"sk-SK"}]}},"acf":[],"_links":{"self":[{"href":"https:\/\/www.termalymalebielice.com\/sk\/wp-json\/wp\/v2\/pages\/463"}],"collection":[{"href":"https:\/\/www.termalymalebielice.com\/sk\/wp-json\/wp\/v2\/pages"}],"about":[{"href":"https:\/\/www.termalymalebielice.com\/sk\/wp-json\/wp\/v2\/types\/page"}],"author":[{"embeddable":true,"href":"https:\/\/www.termalymalebielice.com\/sk\/wp-json\/wp\/v2\/users\/7"}],"replies":[{"embeddable":true,"href":"https:\/\/www.termalymalebielice.com\/sk\/wp-json\/wp\/v2\/comments?post=463"}],"version-history":[{"count":0,"href":"https:\/\/www.termalymalebielice.com\/sk\/wp-json\/wp\/v2\/pages\/463\/revisions"}],"up":[{"embeddable":true,"href":"https:\/\/www.termalymalebielice.com\/sk\/wp-json\/wp\/v2\/pages\/237"}],"wp:attachment":[{"href":"https:\/\/www.termalymalebielice.com\/sk\/wp-json\/wp\/v2\/media?parent=463"}],"curies":[{"name":"wp","href":"https:\/\/api.w.org\/{rel}","templated":true}]}}