{"id":457,"date":"2024-01-08T15:32:56","date_gmt":"2024-01-08T15:32:56","guid":{"rendered":"https:\/\/termaly-male-bielice.ms2.decms.eu\/?page_id=457"},"modified":"2025-08-04T16:03:41","modified_gmt":"2025-08-04T16:03:41","slug":"manualna-lymfodrenaz","status":"publish","type":"page","link":"https:\/\/www.termalymalebielice.com\/sk\/wellness-spa-centrum\/masaze\/manualna-lymfodrenaz\/","title":{"rendered":"Manu\u00e1lna lymfodren\u00e1\u017e"},"content":{"rendered":"<p>Je jemn\u00e1 lie\u010debn\u00e1 mas\u00e1\u017e bez pou\u017eitia oleja, ktor\u00e1 m\u00e1 r\u00f4zne blahod\u00e1rne \u00fa\u010dinky na \u013eudsk\u00fd organizmus. Vykon\u00e1va sa jemn\u00fdm tlakom na poko\u017eku, kedy doch\u00e1dza k rozpr\u00fadeniu lymfy v lymfatickom syst\u00e9me tela, \u010do vedie k detoxika\u010dn\u00e9mu \u00fa\u010dinku \u013eudsk\u00e9ho tela.<\/p>\n<div style=\"pointer-events: none; border: none;\"><\/div>\n","protected":false},"excerpt":{"rendered":"<p>Je jemn\u00e1 lie\u010debn\u00e1 mas\u00e1\u017e bez pou\u017eitia oleja, ktor\u00e1 m\u00e1 r\u00f4zne blahod\u00e1rne \u00fa\u010dinky na \u013eudsk\u00fd organizmus. Vykon\u00e1va sa jemn\u00fdm tlakom na poko\u017eku, kedy doch\u00e1dza k rozpr\u00fadeniu lymfy v lymfatickom syst\u00e9me tela, \u010do vedie k detoxika\u010dn\u00e9mu \u00fa\u010dinku \u013eudsk\u00e9ho tela.<\/p>\n","protected":false},"author":7,"featured_media":0,"parent":237,"menu_order":10,"comment_status":"closed","ping_status":"closed","template":"template-single-treatments.php","meta":{"footnotes":""},"yoast_head":"<!-- This site is optimized with the Yoast SEO plugin v22.3 - https:\/\/yoast.com\/wordpress\/plugins\/seo\/ -->\n<title>Manu\u00e1lna lymfodren\u00e1\u017e - Termaly Male Bielice -<\/title>\n<meta name=\"description\" content=\"Jemn\u00e1 mas\u00e1\u017e bez oleja, ktor\u00e1 tlakom na poko\u017eku rozpr\u00fadi lymfu, detoxikuje organizmus a m\u00e1 r\u00f4zne blahod\u00e1rne \u00fa\u010dinky na zdravie.\" \/>\n<meta name=\"robots\" content=\"index, follow, max-snippet:-1, max-image-preview:large, max-video-preview:-1\" \/>\n<link rel=\"canonical\" href=\"https:\/\/www.termalymalebielice.com\/sk\/wellness-spa-centrum\/masaze\/manualna-lymfodrenaz\/\" \/>\n<meta property=\"og:locale\" content=\"sk_SK\" \/>\n<meta property=\"og:type\" content=\"article\" \/>\n<meta property=\"og:title\" content=\"Manu\u00e1lna lymfodren\u00e1\u017e - Termaly Male Bielice -\" \/>\n<meta property=\"og:description\" content=\"Jemn\u00e1 mas\u00e1\u017e bez oleja, ktor\u00e1 tlakom na poko\u017eku rozpr\u00fadi lymfu, detoxikuje organizmus a m\u00e1 r\u00f4zne blahod\u00e1rne \u00fa\u010dinky na zdravie.\" \/>\n<meta property=\"og:url\" content=\"https:\/\/www.termalymalebielice.com\/sk\/wellness-spa-centrum\/masaze\/manualna-lymfodrenaz\/\" \/>\n<meta property=\"og:site_name\" content=\"Termaly Male Bielice\" \/>\n<meta property=\"article:modified_time\" content=\"2025-08-04T16:03:41+00:00\" \/>\n<meta name=\"twitter:card\" content=\"summary_large_image\" \/>\n<meta name=\"twitter:label1\" content=\"Predpokladan\u00fd \u010das \u010d\u00edtania\" \/>\n\t<meta name=\"twitter:data1\" content=\"1 min\u00fata\" \/>\n<script type=\"application\/ld+json\" class=\"yoast-schema-graph\">{\"@context\":\"https:\/\/schema.org\",\"@graph\":[{\"@type\":\"WebPage\",\"@id\":\"https:\/\/www.termalymalebielice.com\/sk\/wellness-spa-centrum\/masaze\/manualna-lymfodrenaz\/\",\"url\":\"https:\/\/www.termalymalebielice.com\/sk\/wellness-spa-centrum\/masaze\/manualna-lymfodrenaz\/\",\"name\":\"Manu\u00e1lna lymfodren\u00e1\u017e - Termaly Male Bielice -\",\"isPartOf\":{\"@id\":\"https:\/\/www.termalymalebielice.com\/sk\/#website\"},\"datePublished\":\"2024-01-08T15:32:56+00:00\",\"dateModified\":\"2025-08-04T16:03:41+00:00\",\"description\":\"Jemn\u00e1 mas\u00e1\u017e bez oleja, ktor\u00e1 tlakom na poko\u017eku rozpr\u00fadi lymfu, detoxikuje organizmus a m\u00e1 r\u00f4zne blahod\u00e1rne \u00fa\u010dinky na zdravie.\",\"breadcrumb\":{\"@id\":\"https:\/\/www.termalymalebielice.com\/sk\/wellness-spa-centrum\/masaze\/manualna-lymfodrenaz\/#breadcrumb\"},\"inLanguage\":\"sk-SK\",\"potentialAction\":[{\"@type\":\"ReadAction\",\"target\":[\"https:\/\/www.termalymalebielice.com\/sk\/wellness-spa-centrum\/masaze\/manualna-lymfodrenaz\/\"]}]},{\"@type\":\"BreadcrumbList\",\"@id\":\"https:\/\/www.termalymalebielice.com\/sk\/wellness-spa-centrum\/masaze\/manualna-lymfodrenaz\/#breadcrumb\",\"itemListElement\":[{\"@type\":\"ListItem\",\"position\":1,\"name\":\"Home\",\"item\":\"https:\/\/www.termalymalebielice.com\/sk\/\"},{\"@type\":\"ListItem\",\"position\":2,\"name\":\"Wellness\",\"item\":\"https:\/\/www.termalymalebielice.com\/sk\/wellness-spa-centrum\/\"},{\"@type\":\"ListItem\",\"position\":3,\"name\":\"Mas\u00e1\u017ee\",\"item\":\"https:\/\/www.termalymalebielice.com\/sk\/wellness-spa-centrum\/masaze\/\"},{\"@type\":\"ListItem\",\"position\":4,\"name\":\"Manu\u00e1lna lymfodren\u00e1\u017e\"}]},{\"@type\":\"WebSite\",\"@id\":\"https:\/\/www.termalymalebielice.com\/sk\/#website\",\"url\":\"https:\/\/www.termalymalebielice.com\/sk\/\",\"name\":\"Termaly Male Bielice\",\"description\":\"\",\"potentialAction\":[{\"@type\":\"SearchAction\",\"target\":{\"@type\":\"EntryPoint\",\"urlTemplate\":\"https:\/\/www.termalymalebielice.com\/sk\/?s={search_term_string}\"},\"query-input\":\"required name=search_term_string\"}],\"inLanguage\":\"sk-SK\"}]}<\/script>\n<!-- \/ Yoast SEO plugin. -->","yoast_head_json":{"title":"Manu\u00e1lna lymfodren\u00e1\u017e - Termaly Male Bielice -","description":"Jemn\u00e1 mas\u00e1\u017e bez oleja, ktor\u00e1 tlakom na poko\u017eku rozpr\u00fadi lymfu, detoxikuje organizmus a m\u00e1 r\u00f4zne blahod\u00e1rne \u00fa\u010dinky na zdravie.","robots":{"index":"index","follow":"follow","max-snippet":"max-snippet:-1","max-image-preview":"max-image-preview:large","max-video-preview":"max-video-preview:-1"},"canonical":"https:\/\/www.termalymalebielice.com\/sk\/wellness-spa-centrum\/masaze\/manualna-lymfodrenaz\/","og_locale":"sk_SK","og_type":"article","og_title":"Manu\u00e1lna lymfodren\u00e1\u017e - Termaly Male Bielice -","og_description":"Jemn\u00e1 mas\u00e1\u017e bez oleja, ktor\u00e1 tlakom na poko\u017eku rozpr\u00fadi lymfu, detoxikuje organizmus a m\u00e1 r\u00f4zne blahod\u00e1rne \u00fa\u010dinky na zdravie.","og_url":"https:\/\/www.termalymalebielice.com\/sk\/wellness-spa-centrum\/masaze\/manualna-lymfodrenaz\/","og_site_name":"Termaly Male Bielice","article_modified_time":"2025-08-04T16:03:41+00:00","twitter_card":"summary_large_image","twitter_misc":{"Predpokladan\u00fd \u010das \u010d\u00edtania":"1 min\u00fata"},"schema":{"@context":"https:\/\/schema.org","@graph":[{"@type":"WebPage","@id":"https:\/\/www.termalymalebielice.com\/sk\/wellness-spa-centrum\/masaze\/manualna-lymfodrenaz\/","url":"https:\/\/www.termalymalebielice.com\/sk\/wellness-spa-centrum\/masaze\/manualna-lymfodrenaz\/","name":"Manu\u00e1lna lymfodren\u00e1\u017e - Termaly Male Bielice -","isPartOf":{"@id":"https:\/\/www.termalymalebielice.com\/sk\/#website"},"datePublished":"2024-01-08T15:32:56+00:00","dateModified":"2025-08-04T16:03:41+00:00","description":"Jemn\u00e1 mas\u00e1\u017e bez oleja, ktor\u00e1 tlakom na poko\u017eku rozpr\u00fadi lymfu, detoxikuje organizmus a m\u00e1 r\u00f4zne blahod\u00e1rne \u00fa\u010dinky na zdravie.","breadcrumb":{"@id":"https:\/\/www.termalymalebielice.com\/sk\/wellness-spa-centrum\/masaze\/manualna-lymfodrenaz\/#breadcrumb"},"inLanguage":"sk-SK","potentialAction":[{"@type":"ReadAction","target":["https:\/\/www.termalymalebielice.com\/sk\/wellness-spa-centrum\/masaze\/manualna-lymfodrenaz\/"]}]},{"@type":"BreadcrumbList","@id":"https:\/\/www.termalymalebielice.com\/sk\/wellness-spa-centrum\/masaze\/manualna-lymfodrenaz\/#breadcrumb","itemListElement":[{"@type":"ListItem","position":1,"name":"Home","item":"https:\/\/www.termalymalebielice.com\/sk\/"},{"@type":"ListItem","position":2,"name":"Wellness","item":"https:\/\/www.termalymalebielice.com\/sk\/wellness-spa-centrum\/"},{"@type":"ListItem","position":3,"name":"Mas\u00e1\u017ee","item":"https:\/\/www.termalymalebielice.com\/sk\/wellness-spa-centrum\/masaze\/"},{"@type":"ListItem","position":4,"name":"Manu\u00e1lna lymfodren\u00e1\u017e"}]},{"@type":"WebSite","@id":"https:\/\/www.termalymalebielice.com\/sk\/#website","url":"https:\/\/www.termalymalebielice.com\/sk\/","name":"Termaly Male Bielice","description":"","potentialAction":[{"@type":"SearchAction","target":{"@type":"EntryPoint","urlTemplate":"https:\/\/www.termalymalebielice.com\/sk\/?s={search_term_string}"},"query-input":"required name=search_term_string"}],"inLanguage":"sk-SK"}]}},"acf":[],"_links":{"self":[{"href":"https:\/\/www.termalymalebielice.com\/sk\/wp-json\/wp\/v2\/pages\/457"}],"collection":[{"href":"https:\/\/www.termalymalebielice.com\/sk\/wp-json\/wp\/v2\/pages"}],"about":[{"href":"https:\/\/www.termalymalebielice.com\/sk\/wp-json\/wp\/v2\/types\/page"}],"author":[{"embeddable":true,"href":"https:\/\/www.termalymalebielice.com\/sk\/wp-json\/wp\/v2\/users\/7"}],"replies":[{"embeddable":true,"href":"https:\/\/www.termalymalebielice.com\/sk\/wp-json\/wp\/v2\/comments?post=457"}],"version-history":[{"count":0,"href":"https:\/\/www.termalymalebielice.com\/sk\/wp-json\/wp\/v2\/pages\/457\/revisions"}],"up":[{"embeddable":true,"href":"https:\/\/www.termalymalebielice.com\/sk\/wp-json\/wp\/v2\/pages\/237"}],"wp:attachment":[{"href":"https:\/\/www.termalymalebielice.com\/sk\/wp-json\/wp\/v2\/media?parent=457"}],"curies":[{"name":"wp","href":"https:\/\/api.w.org\/{rel}","templated":true}]}}