{"id":4,"date":"2023-12-15T14:06:28","date_gmt":"2023-12-15T14:06:28","guid":{"rendered":"https:\/\/termaly-male-bielice.ms2.decms.eu\/?page_id=4"},"modified":"2026-04-09T09:17:44","modified_gmt":"2026-04-09T09:17:44","slug":"termaly-male-bielice","status":"publish","type":"page","link":"https:\/\/www.termalymalebielice.com\/sk\/","title":{"rendered":"Term\u00e1ly Mal\u00e9 Bielice"},"content":{"rendered":"<p style=\"text-align: center\">Vitajte na mieste relax\u00e1cie. Pon\u00fakame komfortn\u00e9 ubytovanie v 45 dvojl\u00f4\u017ekov\u00fdch izb\u00e1ch s mo\u017enos\u0165ou pr\u00edstelky r\u00f4znych \u0161tandardov. Wellness hotel vyr\u00e1stol priamo v miestach, kde prirodzene vyviera tepl\u00e1 miner\u00e1lna voda, dosahuj\u00faca teplotu a\u017e 39 stup\u0148ov Celzia. Miestne pramene maj\u00fa ve\u013emi priazniv\u00e9 \u00fa\u010dinky predov\u0161etk\u00fdm na pohybov\u00e9 \u00fastrojenstvo, nervov\u00fa s\u00fastavu, rehabilit\u00e1ciu a regener\u00e1ciu organizmu. Modern\u00e9 izby s\u00fa vybaven\u00e9 klimatiz\u00e1ciou, pripojen\u00edm na internet, satelitn\u00fdm telev\u00edzorom, chladni\u010dkou a k\u00fape\u013e\u0148ou. Ka\u017ed\u00e1 izba m\u00e1 vlastn\u00fd balk\u00f3n. Po\u010das svojho pobytu m\u00f4\u017eu hostia vyu\u017e\u00edva\u0165 wellness centrum zadarmo. Izby Superior zah\u0155\u0148aj\u00fa bezplatn\u00e9 \u017eupany. Hotelov\u00ed hostia m\u00f4\u017eu parkovisko vyu\u017e\u00edva\u0165 zadarmo.<br \/>\nVzdialenos\u0165 z Prahy: 375 km vzdialenos\u0165 z Brna: 170 km vzdialenos\u0165 z Ostravy: 200 km.<\/p>\n","protected":false},"excerpt":{"rendered":"<p>Vitajte na mieste relax\u00e1cie. Pon\u00fakame komfortn\u00e9 ubytovanie v 45 dvojl\u00f4\u017ekov\u00fdch izb\u00e1ch s mo\u017enos\u0165ou pr\u00edstelky r\u00f4znych \u0161tandardov. Wellness hotel vyr\u00e1stol priamo v miestach, kde prirodzene vyviera tepl\u00e1 miner\u00e1lna voda, dosahuj\u00faca teplotu a\u017e 39 stup\u0148ov Celzia. Miestne pramene maj\u00fa ve\u013emi priazniv\u00e9 \u00fa\u010dinky predov\u0161etk\u00fdm na pohybov\u00e9 \u00fastrojenstvo, nervov\u00fa s\u00fastavu, rehabilit\u00e1ciu a regener\u00e1ciu organizmu. Modern\u00e9 izby s\u00fa vybaven\u00e9 klimatiz\u00e1ciou, [&hellip;]<\/p>\n","protected":false},"author":7,"featured_media":0,"parent":0,"menu_order":0,"comment_status":"closed","ping_status":"closed","template":"","meta":{"footnotes":""},"class_list":["post-4","page","type-page","status-publish","hentry"],"yoast_head":"<!-- This site is optimized with the Yoast SEO plugin v27.3 - https:\/\/yoast.com\/product\/yoast-seo-wordpress\/ -->\n<title>Term\u00e1ly Mal\u00e9 Bielice - Termaly Male Bielice -<\/title>\n<meta name=\"description\" content=\"Ubytovanie ve dvojl\u00f4\u017ekov\u00fdch izb\u00e1ch, wellness s miner\u00e1lnou vodou 39\u00b0C, priazniv\u00e9 \u00fa\u010dinky na zdravie. Izby s klimatiz\u00e1ciou, Wi-Fi, TV, balk\u00f3n.\" \/>\n<meta name=\"robots\" content=\"index, follow, max-snippet:-1, max-image-preview:large, max-video-preview:-1\" \/>\n<link rel=\"canonical\" href=\"https:\/\/www.termalymalebielice.com\/sk\/\" \/>\n<meta property=\"og:locale\" content=\"sk_SK\" \/>\n<meta property=\"og:type\" content=\"article\" \/>\n<meta property=\"og:title\" content=\"Term\u00e1ly Mal\u00e9 Bielice - Termaly Male Bielice -\" \/>\n<meta property=\"og:description\" content=\"Ubytovanie ve dvojl\u00f4\u017ekov\u00fdch izb\u00e1ch, wellness s miner\u00e1lnou vodou 39\u00b0C, priazniv\u00e9 \u00fa\u010dinky na zdravie. Izby s klimatiz\u00e1ciou, Wi-Fi, TV, balk\u00f3n.\" \/>\n<meta property=\"og:url\" content=\"https:\/\/www.termalymalebielice.com\/sk\/\" \/>\n<meta property=\"og:site_name\" content=\"Termaly Male Bielice\" \/>\n<meta property=\"article:modified_time\" content=\"2026-04-09T09:17:44+00:00\" \/>\n<meta name=\"twitter:card\" content=\"summary_large_image\" \/>\n<meta name=\"twitter:label1\" content=\"Predpokladan\u00fd \u010das \u010d\u00edtania\" \/>\n\t<meta name=\"twitter:data1\" content=\"1 min\u00fata\" \/>\n<script type=\"application\/ld+json\" class=\"yoast-schema-graph\">{\"@context\":\"https:\\\/\\\/schema.org\",\"@graph\":[{\"@type\":\"WebPage\",\"@id\":\"https:\\\/\\\/www.termalymalebielice.com\\\/sk\\\/\",\"url\":\"https:\\\/\\\/www.termalymalebielice.com\\\/sk\\\/\",\"name\":\"Term\u00e1ly Mal\u00e9 Bielice - Termaly Male Bielice -\",\"isPartOf\":{\"@id\":\"https:\\\/\\\/www.termalymalebielice.com\\\/sk\\\/#website\"},\"datePublished\":\"2023-12-15T14:06:28+00:00\",\"dateModified\":\"2026-04-09T09:17:44+00:00\",\"description\":\"Ubytovanie ve dvojl\u00f4\u017ekov\u00fdch izb\u00e1ch, wellness s miner\u00e1lnou vodou 39\u00b0C, priazniv\u00e9 \u00fa\u010dinky na zdravie. Izby s klimatiz\u00e1ciou, Wi-Fi, TV, balk\u00f3n.\",\"breadcrumb\":{\"@id\":\"https:\\\/\\\/www.termalymalebielice.com\\\/sk\\\/#breadcrumb\"},\"inLanguage\":\"sk-SK\",\"potentialAction\":[{\"@type\":\"ReadAction\",\"target\":[\"https:\\\/\\\/www.termalymalebielice.com\\\/sk\\\/\"]}]},{\"@type\":\"BreadcrumbList\",\"@id\":\"https:\\\/\\\/www.termalymalebielice.com\\\/sk\\\/#breadcrumb\",\"itemListElement\":[{\"@type\":\"ListItem\",\"position\":1,\"name\":\"Home\",\"item\":\"https:\\\/\\\/www.termalymalebielice.com\\\/sk\\\/\"},{\"@type\":\"ListItem\",\"position\":2,\"name\":\"Term\u00e1ly Mal\u00e9 Bielice\"}]},{\"@type\":\"WebSite\",\"@id\":\"https:\\\/\\\/www.termalymalebielice.com\\\/sk\\\/#website\",\"url\":\"https:\\\/\\\/www.termalymalebielice.com\\\/sk\\\/\",\"name\":\"Termaly Male Bielice\",\"description\":\"\",\"potentialAction\":[{\"@type\":\"SearchAction\",\"target\":{\"@type\":\"EntryPoint\",\"urlTemplate\":\"https:\\\/\\\/www.termalymalebielice.com\\\/sk\\\/?s={search_term_string}\"},\"query-input\":{\"@type\":\"PropertyValueSpecification\",\"valueRequired\":true,\"valueName\":\"search_term_string\"}}],\"inLanguage\":\"sk-SK\"}]}<\/script>\n<!-- \/ Yoast SEO plugin. -->","yoast_head_json":{"title":"Term\u00e1ly Mal\u00e9 Bielice - Termaly Male Bielice -","description":"Ubytovanie ve dvojl\u00f4\u017ekov\u00fdch izb\u00e1ch, wellness s miner\u00e1lnou vodou 39\u00b0C, priazniv\u00e9 \u00fa\u010dinky na zdravie. Izby s klimatiz\u00e1ciou, Wi-Fi, TV, balk\u00f3n.","robots":{"index":"index","follow":"follow","max-snippet":"max-snippet:-1","max-image-preview":"max-image-preview:large","max-video-preview":"max-video-preview:-1"},"canonical":"https:\/\/www.termalymalebielice.com\/sk\/","og_locale":"sk_SK","og_type":"article","og_title":"Term\u00e1ly Mal\u00e9 Bielice - Termaly Male Bielice -","og_description":"Ubytovanie ve dvojl\u00f4\u017ekov\u00fdch izb\u00e1ch, wellness s miner\u00e1lnou vodou 39\u00b0C, priazniv\u00e9 \u00fa\u010dinky na zdravie. Izby s klimatiz\u00e1ciou, Wi-Fi, TV, balk\u00f3n.","og_url":"https:\/\/www.termalymalebielice.com\/sk\/","og_site_name":"Termaly Male Bielice","article_modified_time":"2026-04-09T09:17:44+00:00","twitter_card":"summary_large_image","twitter_misc":{"Predpokladan\u00fd \u010das \u010d\u00edtania":"1 min\u00fata"},"schema":{"@context":"https:\/\/schema.org","@graph":[{"@type":"WebPage","@id":"https:\/\/www.termalymalebielice.com\/sk\/","url":"https:\/\/www.termalymalebielice.com\/sk\/","name":"Term\u00e1ly Mal\u00e9 Bielice - Termaly Male Bielice -","isPartOf":{"@id":"https:\/\/www.termalymalebielice.com\/sk\/#website"},"datePublished":"2023-12-15T14:06:28+00:00","dateModified":"2026-04-09T09:17:44+00:00","description":"Ubytovanie ve dvojl\u00f4\u017ekov\u00fdch izb\u00e1ch, wellness s miner\u00e1lnou vodou 39\u00b0C, priazniv\u00e9 \u00fa\u010dinky na zdravie. Izby s klimatiz\u00e1ciou, Wi-Fi, TV, balk\u00f3n.","breadcrumb":{"@id":"https:\/\/www.termalymalebielice.com\/sk\/#breadcrumb"},"inLanguage":"sk-SK","potentialAction":[{"@type":"ReadAction","target":["https:\/\/www.termalymalebielice.com\/sk\/"]}]},{"@type":"BreadcrumbList","@id":"https:\/\/www.termalymalebielice.com\/sk\/#breadcrumb","itemListElement":[{"@type":"ListItem","position":1,"name":"Home","item":"https:\/\/www.termalymalebielice.com\/sk\/"},{"@type":"ListItem","position":2,"name":"Term\u00e1ly Mal\u00e9 Bielice"}]},{"@type":"WebSite","@id":"https:\/\/www.termalymalebielice.com\/sk\/#website","url":"https:\/\/www.termalymalebielice.com\/sk\/","name":"Termaly Male Bielice","description":"","potentialAction":[{"@type":"SearchAction","target":{"@type":"EntryPoint","urlTemplate":"https:\/\/www.termalymalebielice.com\/sk\/?s={search_term_string}"},"query-input":{"@type":"PropertyValueSpecification","valueRequired":true,"valueName":"search_term_string"}}],"inLanguage":"sk-SK"}]}},"acf":[],"_links":{"self":[{"href":"https:\/\/www.termalymalebielice.com\/sk\/wp-json\/wp\/v2\/pages\/4","targetHints":{"allow":["GET"]}}],"collection":[{"href":"https:\/\/www.termalymalebielice.com\/sk\/wp-json\/wp\/v2\/pages"}],"about":[{"href":"https:\/\/www.termalymalebielice.com\/sk\/wp-json\/wp\/v2\/types\/page"}],"author":[{"embeddable":true,"href":"https:\/\/www.termalymalebielice.com\/sk\/wp-json\/wp\/v2\/users\/7"}],"replies":[{"embeddable":true,"href":"https:\/\/www.termalymalebielice.com\/sk\/wp-json\/wp\/v2\/comments?post=4"}],"version-history":[{"count":0,"href":"https:\/\/www.termalymalebielice.com\/sk\/wp-json\/wp\/v2\/pages\/4\/revisions"}],"wp:attachment":[{"href":"https:\/\/www.termalymalebielice.com\/sk\/wp-json\/wp\/v2\/media?parent=4"}],"curies":[{"name":"wp","href":"https:\/\/api.w.org\/{rel}","templated":true}]}}