{"id":275,"date":"2023-12-21T16:46:40","date_gmt":"2023-12-21T16:46:40","guid":{"rendered":"https:\/\/termaly-male-bielice.ms2.decms.eu\/?page_id=275"},"modified":"2024-10-09T08:37:47","modified_gmt":"2024-10-09T08:37:47","slug":"imprint","status":"publish","type":"page","link":"https:\/\/www.termalymalebielice.com\/sk\/imprint\/","title":{"rendered":"Imprint"},"content":{"rendered":"<p style=\"text-align: center\">WWW.TERMALYMALEBIELICE.COM<br \/>\nJe internetov\u00e1 dom\u00e9na vlastnen\u00e1 spolo\u010dnos\u0165ou AQUALAND Mal\u00e9 Bielice, sro.<br \/>\nKontaktn\u00e9 inform\u00e1cie:<br \/>\nAQUALAND Mal\u00e9 Bielice, s.r.o.<br \/>\ns reg. adresa K\u00fape\u013en\u00e1 103-105<br \/>\nPartiz\u00e1nske 958 04, pod ev. \u010d\u00edsle 44 414 340<br \/>\nv zast\u00fapen\u00ed: Michal Chour \u2013 konate\u013e<br \/>\nI\u010cO: 44 414 340 DI\u010c: 2022685324<br \/>\nAQUALAND MAL\u00c9 BIELICE S.R.O. @V\u0160ETKY PR\u00c1VA VYHRADEN\u00c9<\/p>\n","protected":false},"excerpt":{"rendered":"<p>WWW.TERMALYMALEBIELICE.COM Je internetov\u00e1 dom\u00e9na vlastnen\u00e1 spolo\u010dnos\u0165ou AQUALAND Mal\u00e9 Bielice, sro. Kontaktn\u00e9 inform\u00e1cie: AQUALAND Mal\u00e9 Bielice, s.r.o. s reg. adresa K\u00fape\u013en\u00e1 103-105 Partiz\u00e1nske 958 04, pod ev. \u010d\u00edsle 44 414 340 v zast\u00fapen\u00ed: Michal Chour \u2013 konate\u013e I\u010cO: 44 414 340 DI\u010c: 2022685324 AQUALAND MAL\u00c9 BIELICE S.R.O. @V\u0160ETKY PR\u00c1VA VYHRADEN\u00c9<\/p>\n","protected":false},"author":7,"featured_media":0,"parent":0,"menu_order":140,"comment_status":"closed","ping_status":"closed","template":"template-privacy.php","meta":{"footnotes":""},"class_list":["post-275","page","type-page","status-publish","hentry"],"yoast_head":"<!-- This site is optimized with the Yoast SEO plugin v27.3 - https:\/\/yoast.com\/product\/yoast-seo-wordpress\/ -->\n<title>Imprint - Termaly Male Bielice -<\/title>\n<meta name=\"description\" content=\"WWW.TERMALYMALEBIELICE.COM Je internetov\u00e1 dom\u00e9na vlastnen\u00e1 spolo\u010dnos\u0165ou AQUALAND Mal\u00e9 Bielice, sro. Kontaktn\u00e9 inform\u00e1cie: AQUALAND Mal\u00e9 Bielice, s.r.o. s reg. adresa K\u00fape\u013en\u00e1 103-105 Partiz\u00e1nske 958 04, pod ev\" \/>\n<meta name=\"robots\" content=\"index, follow, max-snippet:-1, max-image-preview:large, max-video-preview:-1\" \/>\n<link rel=\"canonical\" href=\"https:\/\/www.termalymalebielice.com\/sk\/imprint\/\" \/>\n<meta property=\"og:locale\" content=\"sk_SK\" \/>\n<meta property=\"og:type\" content=\"article\" \/>\n<meta property=\"og:title\" content=\"Imprint - Termaly Male Bielice -\" \/>\n<meta property=\"og:description\" content=\"WWW.TERMALYMALEBIELICE.COM Je internetov\u00e1 dom\u00e9na vlastnen\u00e1 spolo\u010dnos\u0165ou AQUALAND Mal\u00e9 Bielice, sro. Kontaktn\u00e9 inform\u00e1cie: AQUALAND Mal\u00e9 Bielice, s.r.o. s reg. adresa K\u00fape\u013en\u00e1 103-105 Partiz\u00e1nske 958 04, pod ev\" \/>\n<meta property=\"og:url\" content=\"https:\/\/www.termalymalebielice.com\/sk\/imprint\/\" \/>\n<meta property=\"og:site_name\" content=\"Termaly Male Bielice\" \/>\n<meta property=\"article:modified_time\" content=\"2024-10-09T08:37:47+00:00\" \/>\n<meta name=\"twitter:card\" content=\"summary_large_image\" \/>\n<meta name=\"twitter:label1\" content=\"Predpokladan\u00fd \u010das \u010d\u00edtania\" \/>\n\t<meta name=\"twitter:data1\" content=\"1 min\u00fata\" \/>\n<script type=\"application\/ld+json\" class=\"yoast-schema-graph\">{\"@context\":\"https:\\\/\\\/schema.org\",\"@graph\":[{\"@type\":\"WebPage\",\"@id\":\"https:\\\/\\\/www.termalymalebielice.com\\\/sk\\\/imprint\\\/\",\"url\":\"https:\\\/\\\/www.termalymalebielice.com\\\/sk\\\/imprint\\\/\",\"name\":\"Imprint - Termaly Male Bielice -\",\"isPartOf\":{\"@id\":\"https:\\\/\\\/www.termalymalebielice.com\\\/sk\\\/#website\"},\"datePublished\":\"2023-12-21T16:46:40+00:00\",\"dateModified\":\"2024-10-09T08:37:47+00:00\",\"description\":\"WWW.TERMALYMALEBIELICE.COM Je internetov\u00e1 dom\u00e9na vlastnen\u00e1 spolo\u010dnos\u0165ou AQUALAND Mal\u00e9 Bielice, sro. Kontaktn\u00e9 inform\u00e1cie: AQUALAND Mal\u00e9 Bielice, s.r.o. s reg. adresa K\u00fape\u013en\u00e1 103-105 Partiz\u00e1nske 958 04, pod ev\",\"breadcrumb\":{\"@id\":\"https:\\\/\\\/www.termalymalebielice.com\\\/sk\\\/imprint\\\/#breadcrumb\"},\"inLanguage\":\"sk-SK\",\"potentialAction\":[{\"@type\":\"ReadAction\",\"target\":[\"https:\\\/\\\/www.termalymalebielice.com\\\/sk\\\/imprint\\\/\"]}]},{\"@type\":\"BreadcrumbList\",\"@id\":\"https:\\\/\\\/www.termalymalebielice.com\\\/sk\\\/imprint\\\/#breadcrumb\",\"itemListElement\":[{\"@type\":\"ListItem\",\"position\":1,\"name\":\"Home\",\"item\":\"https:\\\/\\\/www.termalymalebielice.com\\\/sk\\\/\"},{\"@type\":\"ListItem\",\"position\":2,\"name\":\"Imprint\"}]},{\"@type\":\"WebSite\",\"@id\":\"https:\\\/\\\/www.termalymalebielice.com\\\/sk\\\/#website\",\"url\":\"https:\\\/\\\/www.termalymalebielice.com\\\/sk\\\/\",\"name\":\"Termaly Male Bielice\",\"description\":\"\",\"potentialAction\":[{\"@type\":\"SearchAction\",\"target\":{\"@type\":\"EntryPoint\",\"urlTemplate\":\"https:\\\/\\\/www.termalymalebielice.com\\\/sk\\\/?s={search_term_string}\"},\"query-input\":{\"@type\":\"PropertyValueSpecification\",\"valueRequired\":true,\"valueName\":\"search_term_string\"}}],\"inLanguage\":\"sk-SK\"}]}<\/script>\n<!-- \/ Yoast SEO plugin. -->","yoast_head_json":{"title":"Imprint - Termaly Male Bielice -","description":"WWW.TERMALYMALEBIELICE.COM Je internetov\u00e1 dom\u00e9na vlastnen\u00e1 spolo\u010dnos\u0165ou AQUALAND Mal\u00e9 Bielice, sro. Kontaktn\u00e9 inform\u00e1cie: AQUALAND Mal\u00e9 Bielice, s.r.o. s reg. adresa K\u00fape\u013en\u00e1 103-105 Partiz\u00e1nske 958 04, pod ev","robots":{"index":"index","follow":"follow","max-snippet":"max-snippet:-1","max-image-preview":"max-image-preview:large","max-video-preview":"max-video-preview:-1"},"canonical":"https:\/\/www.termalymalebielice.com\/sk\/imprint\/","og_locale":"sk_SK","og_type":"article","og_title":"Imprint - Termaly Male Bielice -","og_description":"WWW.TERMALYMALEBIELICE.COM Je internetov\u00e1 dom\u00e9na vlastnen\u00e1 spolo\u010dnos\u0165ou AQUALAND Mal\u00e9 Bielice, sro. Kontaktn\u00e9 inform\u00e1cie: AQUALAND Mal\u00e9 Bielice, s.r.o. s reg. adresa K\u00fape\u013en\u00e1 103-105 Partiz\u00e1nske 958 04, pod ev","og_url":"https:\/\/www.termalymalebielice.com\/sk\/imprint\/","og_site_name":"Termaly Male Bielice","article_modified_time":"2024-10-09T08:37:47+00:00","twitter_card":"summary_large_image","twitter_misc":{"Predpokladan\u00fd \u010das \u010d\u00edtania":"1 min\u00fata"},"schema":{"@context":"https:\/\/schema.org","@graph":[{"@type":"WebPage","@id":"https:\/\/www.termalymalebielice.com\/sk\/imprint\/","url":"https:\/\/www.termalymalebielice.com\/sk\/imprint\/","name":"Imprint - Termaly Male Bielice -","isPartOf":{"@id":"https:\/\/www.termalymalebielice.com\/sk\/#website"},"datePublished":"2023-12-21T16:46:40+00:00","dateModified":"2024-10-09T08:37:47+00:00","description":"WWW.TERMALYMALEBIELICE.COM Je internetov\u00e1 dom\u00e9na vlastnen\u00e1 spolo\u010dnos\u0165ou AQUALAND Mal\u00e9 Bielice, sro. Kontaktn\u00e9 inform\u00e1cie: AQUALAND Mal\u00e9 Bielice, s.r.o. s reg. adresa K\u00fape\u013en\u00e1 103-105 Partiz\u00e1nske 958 04, pod ev","breadcrumb":{"@id":"https:\/\/www.termalymalebielice.com\/sk\/imprint\/#breadcrumb"},"inLanguage":"sk-SK","potentialAction":[{"@type":"ReadAction","target":["https:\/\/www.termalymalebielice.com\/sk\/imprint\/"]}]},{"@type":"BreadcrumbList","@id":"https:\/\/www.termalymalebielice.com\/sk\/imprint\/#breadcrumb","itemListElement":[{"@type":"ListItem","position":1,"name":"Home","item":"https:\/\/www.termalymalebielice.com\/sk\/"},{"@type":"ListItem","position":2,"name":"Imprint"}]},{"@type":"WebSite","@id":"https:\/\/www.termalymalebielice.com\/sk\/#website","url":"https:\/\/www.termalymalebielice.com\/sk\/","name":"Termaly Male Bielice","description":"","potentialAction":[{"@type":"SearchAction","target":{"@type":"EntryPoint","urlTemplate":"https:\/\/www.termalymalebielice.com\/sk\/?s={search_term_string}"},"query-input":{"@type":"PropertyValueSpecification","valueRequired":true,"valueName":"search_term_string"}}],"inLanguage":"sk-SK"}]}},"acf":[],"_links":{"self":[{"href":"https:\/\/www.termalymalebielice.com\/sk\/wp-json\/wp\/v2\/pages\/275","targetHints":{"allow":["GET"]}}],"collection":[{"href":"https:\/\/www.termalymalebielice.com\/sk\/wp-json\/wp\/v2\/pages"}],"about":[{"href":"https:\/\/www.termalymalebielice.com\/sk\/wp-json\/wp\/v2\/types\/page"}],"author":[{"embeddable":true,"href":"https:\/\/www.termalymalebielice.com\/sk\/wp-json\/wp\/v2\/users\/7"}],"replies":[{"embeddable":true,"href":"https:\/\/www.termalymalebielice.com\/sk\/wp-json\/wp\/v2\/comments?post=275"}],"version-history":[{"count":0,"href":"https:\/\/www.termalymalebielice.com\/sk\/wp-json\/wp\/v2\/pages\/275\/revisions"}],"wp:attachment":[{"href":"https:\/\/www.termalymalebielice.com\/sk\/wp-json\/wp\/v2\/media?parent=275"}],"curies":[{"name":"wp","href":"https:\/\/api.w.org\/{rel}","templated":true}]}}