{"id":273,"date":"2023-12-21T16:45:49","date_gmt":"2023-12-21T16:45:49","guid":{"rendered":"https:\/\/termaly-male-bielice.ms2.decms.eu\/?page_id=273"},"modified":"2024-01-08T10:15:47","modified_gmt":"2024-01-08T10:15:47","slug":"zasady-suborov-cookie","status":"publish","type":"page","link":"https:\/\/www.termalymalebielice.com\/sk\/zasady-suborov-cookie\/","title":{"rendered":"Z\u00e1sady s\u00faborov cookie"},"content":{"rendered":"<p><strong>1. Z\u00c1SADY T\u00ddKAJ\u00daCE SA S\u00daBOROV COOKIE A MIESTNEHO UKLADANIA<\/strong><\/p>\n<p>V s\u00falade s \u00a7 55 ods. 5 z\u00e1kona \u010d. 351\/2011 Z. z. o elektronick\u00fdch komunik\u00e1ci\u00e1ch v znen\u00ed neskor\u0161\u00edch predpisov by sme v\u00e1s chceli informova\u0165 o pou\u017e\u00edvan\u00ed s\u00faborov cookie a informova\u0165 v\u00e1s o mo\u017enosti zmeny nastavenia v\u00e1\u0161ho prehliada\u010da, ak v\u00e1m s\u00fa\u010dasn\u00e9 nastavenie s\u00faborov cookie nevyhovuje.<br \/>\nPou\u017e\u00edvan\u00edm tejto webovej str\u00e1nky s povolen\u00fdmi s\u00fabormi cookie vo va\u0161om prehliada\u010di a nastaven\u00edm miestneho \u00falo\u017eiska s\u00fahlas\u00edte s pou\u017e\u00edvan\u00edm s\u00faborov cookie v s\u00falade s t\u00fdmito z\u00e1sadami. Ak sa chcete vyhn\u00fa\u0165 pou\u017e\u00edvaniu s\u00faborov cookie, m\u00f4\u017eete ich vo svojom webovom prehliada\u010di zak\u00e1za\u0165. S\u00fabory cookie a lok\u00e1lne \u00falo\u017eisko s\u00fa s\u00fa\u010das\u0165ou webovej technol\u00f3gie a nie s\u00fa \u0161kodliv\u00e9. Mali by ste si v\u0161ak by\u0165 vedom\u00ed d\u00f4sledkov, ktor\u00e9 m\u00f4\u017eu ma\u0165 na va\u0161e s\u00fakromie.<\/p>\n<p><strong>2. \u010cO S\u00da TO S\u00daBORY COOKIES?<\/strong><\/p>\n<p>S\u00fabory cookie s\u00fa mal\u00e9 do\u010dasn\u00e9 s\u00fabory, ktor\u00e9 sa pri n\u00e1v\u0161teve webovej lokality ukladaj\u00fa do v\u00e1\u0161ho zariadenia na prehliadanie (po\u010d\u00edta\u010d, telef\u00f3n, tablet at\u010f.). S\u00fabory cookie umo\u017e\u0148uj\u00fa webovej str\u00e1nke uklada\u0165 ur\u010dit\u00e9 inform\u00e1cie vo va\u0161om zariaden\u00ed, napr\u00edklad uklada\u0165 u\u017e\u00edvate\u013esk\u00e9 preferencie alebo inform\u00e1cie, ktor\u00e9 umo\u017e\u0148uj\u00fa rozpozna\u0165 v\u00e1s pri neskor\u0161ej n\u00e1v\u0161teve webovej str\u00e1nky.<\/p>\n<p>Ke\u010f sa vo va\u0161om zariaden\u00ed vytvor\u00ed s\u00fabor cookie, ulo\u017eia sa tieto inform\u00e1cie:<br \/>\nAdresa (dom\u00e9na) webovej str\u00e1nky, ktor\u00e1 vytvorila s\u00fabor cookie.<br \/>\nTrvanie s\u00faboru cookie (m\u00f4\u017ee trva\u0165 len nieko\u013eko min\u00fat alebo rokov). Obsah s\u00faboru cookie.<br \/>\nSvoj webov\u00fd prehliada\u010d m\u00f4\u017eete kedyko\u013evek nakonfigurova\u0165 tak, aby blokoval pou\u017e\u00edvanie s\u00faborov cookie ur\u010dit\u00fdmi webov\u00fdmi str\u00e1nkami. M\u00f4\u017eete tie\u017e vymaza\u0165 predt\u00fdm ulo\u017een\u00e9 s\u00fabory cookie.<br \/>\n\u010eal\u0161ie inform\u00e1cie o s\u00faboroch cookie a ich fungovan\u00ed s\u00fa k dispoz\u00edcii na <a href=\"https:\/\/www.allaboutcookies.org\" target=\"_blank\" rel=\"noopener\">www.allaboutcookies.org<\/a>.<\/p>\n<p><strong>3. TYPY S\u00daBOROV COOKIE<\/strong><\/p>\n<p>Z\u00e1kladn\u00e9 s\u00fabory cookie. Technick\u00e9 s\u00fabory cookie s\u00fa potrebn\u00e9 na spr\u00e1vu v\u00e1\u0161ho toku na webovej str\u00e1nke alebo na udr\u017eanie v\u00e1\u0161ho prihl\u00e1senia. Ak zablokujete pou\u017e\u00edvanie s\u00faborov cookie, je mo\u017en\u00e9, \u017ee niektor\u00e9 \u010dasti webovej str\u00e1nky nebud\u00fa fungova\u0165 spr\u00e1vne.<\/p>\n<p>S\u00fabory cookie pou\u017e\u00edvate\u013esk\u00fdch preferenci\u00ed. Potrebn\u00e9 na zapam\u00e4tanie ur\u010dit\u00fdch preferenci\u00ed pou\u017e\u00edvate\u013ea. Analytick\u00e9 s\u00fabory cookie. Tieto s\u00fabory cookie pom\u00e1haj\u00fa n\u00e1m a tret\u00edm stran\u00e1m zaznamen\u00e1va\u0165, odkia\u013e prich\u00e1dzaj\u00fa n\u00e1v\u0161tevy a ako pou\u017e\u00edvatelia interaguj\u00fa s webom, vytv\u00e1ra\u0165 analytick\u00e9 \u00fadaje a zlep\u0161ova\u0165 \u0161trukt\u00faru a obsah webu.<\/p>\n<p>Marketingov\u00e9 s\u00fabory cookie. Tieto s\u00fabory cookie sa pou\u017e\u00edvaj\u00fa na spr\u00e1vu zobrazovan\u00fdch rekl\u00e1m, ich<br \/>\nobsahu a frekvencie.<\/p>\n<p>S\u00fabory cookie behavior\u00e1lnej reklamy. Tieto s\u00fabory cookie pom\u00e1haj\u00fa sledova\u0165 va\u0161e spr\u00e1vanie pri prehliadan\u00ed webov\u00fdch str\u00e1nok, aby sa vytvoril profil a ur\u010dili sa pre v\u00e1s relevantn\u00e9 reklamy.<\/p>\n<p>S\u00fabory cookie na zdie\u013eanie na soci\u00e1lnych sie\u0165ach. S\u00fabory cookie s\u00fa potrebn\u00e9 na prihl\u00e1senie do soci\u00e1lnych siet\u00ed na zdie\u013eanie obsahu.<\/p>\n<p><strong>4. MIESTNE \u00daLO\u017dISKO<\/strong><\/p>\n<div id=\"macaron_inline_cookie_box\"><\/div>\n<p>Miestne \u00falo\u017eisko je s\u00fabor vytvoren\u00fd webovou str\u00e1nkou vo va\u0161om zariaden\u00ed. S\u00fabory cookie s\u00fa len jedn\u00fdm typom miestneho \u00falo\u017eiska, ale existuj\u00fa aj in\u00e9. Je d\u00f4le\u017eit\u00e9, aby ste ich poznali, aby ste ich mohli zablokova\u0165 alebo odstr\u00e1ni\u0165 \u00fadaje, ktor\u00e9 ukladaj\u00fa:<\/p>\n<p>Miestne \u00falo\u017eisko prehliada\u010da. Niektor\u00e9 webov\u00e9 str\u00e1nky pou\u017e\u00edvaj\u00fa na ukladanie \u00fadajov<br \/>\n\u201esessionStorage\u201c a \u201elocalStorage\u201c. \u00dalo\u017eisko \u201esessionStorage\u201c je do\u010dasn\u00e9, ale \u201elocalStorage\u201c je trval\u00e9. M\u00f4\u017eete ich odstr\u00e1ni\u0165 vymazan\u00edm hist\u00f3rie prehliada\u010da.<\/p>\n<p>Miestne zdie\u013ean\u00e9 objekty Flash (\u201eFlash Local Shared Objects\u201c). Flash je z\u00e1suvn\u00fd modul prehliada\u010da, ktor\u00fd sa pou\u017e\u00edva na prid\u00e1vanie interakt\u00edvneho a multimedi\u00e1lneho obsahu na webov\u00e9 str\u00e1nky. Flash m\u00f4\u017ee uklada\u0165 \u00fadaje vo va\u0161om zariaden\u00ed.<\/p>\n<p>Miestne \u00falo\u017eisko Silverlight (\u201eizolovan\u00e9 objekty\u201c). Silverlight je doplnok prehliada\u010da, ktor\u00fd sa pou\u017e\u00edva na prid\u00e1vanie interakt\u00edvneho a multimedi\u00e1lneho obsahu do webov\u00fdch str\u00e1nok. Silverlight m\u00f4\u017ee uklada\u0165 \u00fadaje do v\u00e1\u0161ho zariadenia.<\/p>\n<p>Webov\u00fd maj\u00e1k je met\u00f3da sledovania, ktor\u00e1 vyu\u017e\u00edva obr\u00e1zok vlo\u017een\u00fd do webovej str\u00e1nky. Ke\u010f sa v\u00e1\u0161 prehliada\u010d pripoj\u00ed k serveru, na ktorom je obr\u00e1zok umiestnen\u00fd, aby si ho stiahol, v\u00e1\u0161 pr\u00edstup sa za\u010dne sledova\u0165. Niekedy s\u00fa s\u00fabory web beacon ve\u013emi mal\u00e9 alebo prieh\u013eadn\u00e9 obr\u00e1zky, tak\u017ee pou\u017e\u00edvate\u013e o nich nevie.<\/p>\n<p><strong>5. S\u00daBORY COOKIE PRVEJ STRANY<\/strong><\/p>\n<p>S\u00fa potrebn\u00e9 na prev\u00e1dzku webovej str\u00e1nky alebo na zapam\u00e4tanie ur\u010dit\u00fdch preferenci\u00ed pou\u017e\u00edvate\u013ea. Pou\u017e\u00edvame trval\u00e9 a do\u010dasn\u00e9 s\u00fabory cookie prvej strany:<br \/>\nDom\u00e9na: <a href=\"https:\/\/termalymalebielice.sk\/\" target=\"_blank\" rel=\"noopener\">https:\/\/termalymalebielice.sk\/<\/a><\/p>\n<p>N\u00e1\u0161 rezerva\u010dn\u00fd syst\u00e9m Bookolo pou\u017e\u00edva z\u00e1kladn\u00e9 technick\u00e9 s\u00fabory cookie: Dom\u00e9na: tba<\/p>\n<p><strong>6. S\u00daBORY COOKIE TRET\u00cdCH STR\u00c1N<\/strong><\/p>\n<p>Mnoh\u00e9 webov\u00e9 str\u00e1nky obsahuj\u00fa vlastnosti alebo funkcie poskytovan\u00e9 tret\u00edmi stranami, ako napr.: Analytick\u00e9 n\u00e1stroje na monitorovanie pou\u017e\u00edvania webov\u00fdch str\u00e1nok<br \/>\nGoogle Analytics (Google, Inc.). Viac inform\u00e1ci\u00ed o z\u00e1sad\u00e1ch ochrany osobn\u00fdch \u00fadajov tejto tretej strany n\u00e1jdete tu.<br \/>\nInterakt\u00edvne mapy<br \/>\nMapy Google a \u010fal\u0161ie funkcie od spolo\u010dnosti Google (Google, Inc.). Viac inform\u00e1ci\u00ed o t\u00fdchto z\u00e1sad\u00e1ch ochrany osobn\u00fdch \u00fadajov tretej strany n\u00e1jdete tu.<br \/>\nVide\u00e1 a multimedi\u00e1lne funkcie<br \/>\nReklamy<br \/>\nPoskytovatelia t\u00fdchto funkci\u00ed alebo vlastnost\u00ed m\u00f4\u017eu pou\u017e\u00edva\u0165 s\u00fabory cookie a miestne \u00falo\u017eisko. M\u00f4\u017eu pou\u017e\u00edva\u0165 s\u00fabory cookie a in\u00e9 mechanizmy na sledovanie v\u00e1\u0161ho spr\u00e1vania pri prehliadan\u00ed, vytv\u00e1ranie profilov a zobrazovanie rekl\u00e1m zameran\u00fdch na va\u0161e z\u00e1ujmy.<br \/>\nNa na\u0161ej webovej lokalite sme implementovali reCAPTCHA v3 a jej pou\u017e\u00edvanie podlieha z\u00e1sad\u00e1m ochrany osobn\u00fdch \u00fadajov spolo\u010dnosti Google a zmluvn\u00fdm podmienkam pou\u017e\u00edvania https:\/\/policies.google.com\/privacy?hl=cs.<\/p>\n<p><strong>7. S\u00daBORY COOKIE ZO STR\u00c1NOK SOCI\u00c1LNYCH SIET\u00cd<\/strong><\/p>\n<p>Tla\u010didl\u00e1 zdie\u013eania v soci\u00e1lnych sie\u0165ach<\/p>\n<p>Na na\u0161ej webovej str\u00e1nke s\u00fa odkazy, ktor\u00e9 v\u00e1s zaved\u00fa na webov\u00e9 str\u00e1nky soci\u00e1lnych siet\u00ed (Facebook, Twitter a Instagram). Pou\u017e\u00edvaj\u00fa sa na tieto \u00fa\u010dely: webov\u00e1 anal\u00fdza, technick\u00e9 \u00fa\u010dely, overovanie, preferencie pou\u017e\u00edvate\u013eov, sledovanie, reklama, poloha, bezpe\u010dnos\u0165 a prenos \u00fadajov mimo E\u00da.<\/p>\n<p>Zdie\u013eanie v soci\u00e1lnej sieti Facebooku (Facebook, Inc): www.facebook.com\/about\/privacy<br \/>\nFunkcie soci\u00e1lneho zdie\u013eania na Twitteri (Twitter, Inc): www.twitter.com\/privacy<br \/>\nFunkcie soci\u00e1lneho zdie\u013eania na Instagrame (Instagram, Inc): www.instagram.com\/about\/legal\/privacy\/<\/p>\n<p>Rezerva\u010dn\u00fd syst\u00e9m Bookolo<\/p>\n<p><strong>8. WEBOV\u00c9 PREHLIADA\u010cE S MO\u017dNOS\u0164OU ANONYMN\u00c9HO PREHLIADANIA<\/strong><\/p>\n<p>Ak si chcete prezera\u0165 t\u00fato webov\u00fa str\u00e1nku s vy\u0161\u0161\u00edm stup\u0148om s\u00fakromia a obmedzi\u0165 s\u00fabory cookie, ktor\u00e9 sa ukladaj\u00fa na dlh\u0161\u00ed \u010das, odpor\u00fa\u010dame v\u00e1m pou\u017e\u00edva\u0165 webov\u00fd prehliada\u010d s mo\u017enos\u0165ou &#8222;s\u00fakromn\u00e9ho&#8220; prehliadania. Viac inform\u00e1ci\u00ed o tejto mo\u017enosti n\u00e1jdete na str\u00e1nkach n\u00e1povedy hlavn\u00fdch webov\u00fdch prehliada\u010dov:<\/p>\n<p>\u010eal\u0161ie inform\u00e1cie o aplik\u00e1cii Internet Explorer 8 a nov\u0161\u00edch verzi\u00e1ch n\u00e1jdete tu \u010eal\u0161ie inform\u00e1cie o prehliada\u010di Safari 2 a nov\u0161om n\u00e1jdete tu<br \/>\nPre viac inform\u00e1ci\u00ed o Hores a nov\u0161\u00edch verzi\u00e1ch kliknite sem<br \/>\n\u010eal\u0161ie inform\u00e1cie o prehliada\u010di Firefox 3.5 a nov\u0161\u00edch verzi\u00e1ch n\u00e1jdete tu. \u010eal\u0161ie inform\u00e1cie o prehliada\u010di Google Chrome 10 a nov\u0161om n\u00e1jdete tu<\/p>\n<p><strong>9. ODSTR\u00c1NENIE ALEBO ZAK\u00c1ZANIE S\u00daBOROV COOKIE<\/strong><\/p>\n<p>S\u00fabory cookie, ktor\u00e9 zostan\u00fa vo va\u0161om prehliada\u010di, m\u00f4\u017eete po opusten\u00ed str\u00e1nky vymaza\u0165 pod\u013ea pokynov v s\u00fabore n\u00e1povedy v\u00e1\u0161ho internetov\u00e9ho prehliada\u010da. M\u00f4\u017eete tie\u017e nastavi\u0165 svoj prehliada\u010d tak, aby odmietal s\u00fabory cookie.<br \/>\nTieto inform\u00e1cie s\u00fa uveden\u00e9 aj na str\u00e1nkach online podpory pr\u00edslu\u0161n\u00e9ho webov\u00e9ho prehliada\u010da: \u010eal\u0161ie inform\u00e1cie o prehliada\u010di Google Chrome n\u00e1jdete tu<br \/>\nPre viac inform\u00e1ci\u00ed o prehliada\u010di Explorer kliknite sem<br \/>\nPre viac inform\u00e1ci\u00ed o prehliada\u010di Microsoft Edge kliknite sem Pre viac inform\u00e1ci\u00ed o prehliada\u010di Firefox kliknite sem<br \/>\nPre viac inform\u00e1ci\u00ed o prehliada\u010di Safari kliknite sem Pre viac inform\u00e1ci\u00ed o Safari pre IOS kliknite sem Pre viac inform\u00e1ci\u00ed o Hores kliknite sem<br \/>\nPOZN\u00c1MKA: Spolo\u010dnos\u0165 AQUALAND Mal\u00e9 Bielice je opr\u00e1vnen\u00e1 z \u010dasu na \u010das aktualizova\u0165 tieto z\u00e1sady ochrany osobn\u00fdch \u00fadajov. Ak\u00e9ko\u013evek zmeny t\u00fdchto z\u00e1sad nadobudn\u00fa \u00fa\u010dinnos\u0165 po zverejnen\u00ed revidovan\u00fdch z\u00e1sad ochrany osobn\u00fdch \u00fadajov a s\u00faborov cookie na webovej str\u00e1nke https:\/\/termalymalebielice.sk\/. Pou\u017e\u00edvanie na\u0161ich webov\u00fdch str\u00e1nok, ak\u00fdchko\u013evek na\u0161ich produktov a slu\u017eieb a\/alebo udelenie s\u00fahlasu s aktualizovan\u00fdmi z\u00e1sadami ochrany osobn\u00fdch \u00fadajov a s\u00faborov cookie po ich zmene predstavuje v\u00e1\u0161 s\u00fahlas s aktualizovan\u00fdmi z\u00e1sadami, ktor\u00e9 s\u00fa v tom \u010dase platn\u00e9. Tieto Z\u00e1sady ochrany osobn\u00fdch \u00fadajov a pou\u017e\u00edvania s\u00faborov cookie boli naposledy aktualizovan\u00e9 13. decembra 2023.<\/p>\n<p>&nbsp;<\/p>\n","protected":false},"excerpt":{"rendered":"<p>1. Z\u00c1SADY T\u00ddKAJ\u00daCE SA S\u00daBOROV COOKIE A MIESTNEHO UKLADANIA V s\u00falade s \u00a7 55 ods. 5 z\u00e1kona \u010d. 351\/2011 Z. z. o elektronick\u00fdch komunik\u00e1ci\u00e1ch v znen\u00ed neskor\u0161\u00edch predpisov by sme v\u00e1s chceli informova\u0165 o pou\u017e\u00edvan\u00ed s\u00faborov cookie a informova\u0165 v\u00e1s o mo\u017enosti zmeny nastavenia v\u00e1\u0161ho prehliada\u010da, ak v\u00e1m s\u00fa\u010dasn\u00e9 nastavenie s\u00faborov cookie nevyhovuje. Pou\u017e\u00edvan\u00edm tejto [&hellip;]<\/p>\n","protected":false},"author":7,"featured_media":0,"parent":0,"menu_order":130,"comment_status":"closed","ping_status":"closed","template":"template-privacy.php","meta":{"footnotes":""},"yoast_head":"<!-- This site is optimized with the Yoast SEO plugin v22.3 - https:\/\/yoast.com\/wordpress\/plugins\/seo\/ -->\n<title>Z\u00e1sady s\u00faborov cookie - Termaly Male Bielice -<\/title>\n<meta name=\"description\" content=\"1. Z\u00c1SADY T\u00ddKAJ\u00daCE SA S\u00daBOROV COOKIE A MIESTNEHO UKLADANIA  V s\u00falade s \u00a7 55 ods\" \/>\n<meta name=\"robots\" content=\"index, follow, max-snippet:-1, max-image-preview:large, max-video-preview:-1\" \/>\n<link rel=\"canonical\" href=\"https:\/\/www.termalymalebielice.com\/sk\/zasady-suborov-cookie\/\" \/>\n<meta property=\"og:locale\" content=\"sk_SK\" \/>\n<meta property=\"og:type\" content=\"article\" \/>\n<meta property=\"og:title\" content=\"Z\u00e1sady s\u00faborov cookie - Termaly Male Bielice -\" \/>\n<meta property=\"og:description\" content=\"1. Z\u00c1SADY T\u00ddKAJ\u00daCE SA S\u00daBOROV COOKIE A MIESTNEHO UKLADANIA  V s\u00falade s \u00a7 55 ods\" \/>\n<meta property=\"og:url\" content=\"https:\/\/www.termalymalebielice.com\/sk\/zasady-suborov-cookie\/\" \/>\n<meta property=\"og:site_name\" content=\"Termaly Male Bielice\" \/>\n<meta property=\"article:modified_time\" content=\"2024-01-08T10:15:47+00:00\" \/>\n<meta name=\"twitter:card\" content=\"summary_large_image\" \/>\n<meta name=\"twitter:label1\" content=\"Predpokladan\u00fd \u010das \u010d\u00edtania\" \/>\n\t<meta name=\"twitter:data1\" content=\"8 min\u00fat\" \/>\n<script type=\"application\/ld+json\" class=\"yoast-schema-graph\">{\"@context\":\"https:\/\/schema.org\",\"@graph\":[{\"@type\":\"WebPage\",\"@id\":\"https:\/\/www.termalymalebielice.com\/sk\/zasady-suborov-cookie\/\",\"url\":\"https:\/\/www.termalymalebielice.com\/sk\/zasady-suborov-cookie\/\",\"name\":\"Z\u00e1sady s\u00faborov cookie - Termaly Male Bielice -\",\"isPartOf\":{\"@id\":\"https:\/\/www.termalymalebielice.com\/sk\/#website\"},\"datePublished\":\"2023-12-21T16:45:49+00:00\",\"dateModified\":\"2024-01-08T10:15:47+00:00\",\"description\":\"1. Z\u00c1SADY T\u00ddKAJ\u00daCE SA S\u00daBOROV COOKIE A MIESTNEHO UKLADANIA V s\u00falade s \u00a7 55 ods\",\"breadcrumb\":{\"@id\":\"https:\/\/www.termalymalebielice.com\/sk\/zasady-suborov-cookie\/#breadcrumb\"},\"inLanguage\":\"sk-SK\",\"potentialAction\":[{\"@type\":\"ReadAction\",\"target\":[\"https:\/\/www.termalymalebielice.com\/sk\/zasady-suborov-cookie\/\"]}]},{\"@type\":\"BreadcrumbList\",\"@id\":\"https:\/\/www.termalymalebielice.com\/sk\/zasady-suborov-cookie\/#breadcrumb\",\"itemListElement\":[{\"@type\":\"ListItem\",\"position\":1,\"name\":\"Home\",\"item\":\"https:\/\/www.termalymalebielice.com\/sk\/\"},{\"@type\":\"ListItem\",\"position\":2,\"name\":\"Z\u00e1sady s\u00faborov cookie\"}]},{\"@type\":\"WebSite\",\"@id\":\"https:\/\/www.termalymalebielice.com\/sk\/#website\",\"url\":\"https:\/\/www.termalymalebielice.com\/sk\/\",\"name\":\"Termaly Male Bielice\",\"description\":\"\",\"potentialAction\":[{\"@type\":\"SearchAction\",\"target\":{\"@type\":\"EntryPoint\",\"urlTemplate\":\"https:\/\/www.termalymalebielice.com\/sk\/?s={search_term_string}\"},\"query-input\":\"required name=search_term_string\"}],\"inLanguage\":\"sk-SK\"}]}<\/script>\n<!-- \/ Yoast SEO plugin. -->","yoast_head_json":{"title":"Z\u00e1sady s\u00faborov cookie - Termaly Male Bielice -","description":"1. Z\u00c1SADY T\u00ddKAJ\u00daCE SA S\u00daBOROV COOKIE A MIESTNEHO UKLADANIA  V s\u00falade s \u00a7 55 ods","robots":{"index":"index","follow":"follow","max-snippet":"max-snippet:-1","max-image-preview":"max-image-preview:large","max-video-preview":"max-video-preview:-1"},"canonical":"https:\/\/www.termalymalebielice.com\/sk\/zasady-suborov-cookie\/","og_locale":"sk_SK","og_type":"article","og_title":"Z\u00e1sady s\u00faborov cookie - Termaly Male Bielice -","og_description":"1. Z\u00c1SADY T\u00ddKAJ\u00daCE SA S\u00daBOROV COOKIE A MIESTNEHO UKLADANIA  V s\u00falade s \u00a7 55 ods","og_url":"https:\/\/www.termalymalebielice.com\/sk\/zasady-suborov-cookie\/","og_site_name":"Termaly Male Bielice","article_modified_time":"2024-01-08T10:15:47+00:00","twitter_card":"summary_large_image","twitter_misc":{"Predpokladan\u00fd \u010das \u010d\u00edtania":"8 min\u00fat"},"schema":{"@context":"https:\/\/schema.org","@graph":[{"@type":"WebPage","@id":"https:\/\/www.termalymalebielice.com\/sk\/zasady-suborov-cookie\/","url":"https:\/\/www.termalymalebielice.com\/sk\/zasady-suborov-cookie\/","name":"Z\u00e1sady s\u00faborov cookie - Termaly Male Bielice -","isPartOf":{"@id":"https:\/\/www.termalymalebielice.com\/sk\/#website"},"datePublished":"2023-12-21T16:45:49+00:00","dateModified":"2024-01-08T10:15:47+00:00","description":"1. Z\u00c1SADY T\u00ddKAJ\u00daCE SA S\u00daBOROV COOKIE A MIESTNEHO UKLADANIA V s\u00falade s \u00a7 55 ods","breadcrumb":{"@id":"https:\/\/www.termalymalebielice.com\/sk\/zasady-suborov-cookie\/#breadcrumb"},"inLanguage":"sk-SK","potentialAction":[{"@type":"ReadAction","target":["https:\/\/www.termalymalebielice.com\/sk\/zasady-suborov-cookie\/"]}]},{"@type":"BreadcrumbList","@id":"https:\/\/www.termalymalebielice.com\/sk\/zasady-suborov-cookie\/#breadcrumb","itemListElement":[{"@type":"ListItem","position":1,"name":"Home","item":"https:\/\/www.termalymalebielice.com\/sk\/"},{"@type":"ListItem","position":2,"name":"Z\u00e1sady s\u00faborov cookie"}]},{"@type":"WebSite","@id":"https:\/\/www.termalymalebielice.com\/sk\/#website","url":"https:\/\/www.termalymalebielice.com\/sk\/","name":"Termaly Male Bielice","description":"","potentialAction":[{"@type":"SearchAction","target":{"@type":"EntryPoint","urlTemplate":"https:\/\/www.termalymalebielice.com\/sk\/?s={search_term_string}"},"query-input":"required name=search_term_string"}],"inLanguage":"sk-SK"}]}},"acf":[],"_links":{"self":[{"href":"https:\/\/www.termalymalebielice.com\/sk\/wp-json\/wp\/v2\/pages\/273"}],"collection":[{"href":"https:\/\/www.termalymalebielice.com\/sk\/wp-json\/wp\/v2\/pages"}],"about":[{"href":"https:\/\/www.termalymalebielice.com\/sk\/wp-json\/wp\/v2\/types\/page"}],"author":[{"embeddable":true,"href":"https:\/\/www.termalymalebielice.com\/sk\/wp-json\/wp\/v2\/users\/7"}],"replies":[{"embeddable":true,"href":"https:\/\/www.termalymalebielice.com\/sk\/wp-json\/wp\/v2\/comments?post=273"}],"version-history":[{"count":0,"href":"https:\/\/www.termalymalebielice.com\/sk\/wp-json\/wp\/v2\/pages\/273\/revisions"}],"wp:attachment":[{"href":"https:\/\/www.termalymalebielice.com\/sk\/wp-json\/wp\/v2\/media?parent=273"}],"curies":[{"name":"wp","href":"https:\/\/api.w.org\/{rel}","templated":true}]}}