{"id":253,"date":"2023-12-21T14:35:36","date_gmt":"2023-12-21T14:35:36","guid":{"rendered":"https:\/\/termaly-male-bielice.ms2.decms.eu\/?page_id=253"},"modified":"2024-08-08T11:15:53","modified_gmt":"2024-08-08T11:15:53","slug":"vasa-konferencia","status":"publish","type":"page","link":"https:\/\/www.termalymalebielice.com\/sk\/stretnutia-a-svadby\/vasa-konferencia\/","title":{"rendered":"Va\u0161a konferencia"},"content":{"rendered":"<p>Interi\u00e9r hotela pon\u00faka priestor vhodn\u00fd na organizovanie r\u00f4znych podujat\u00ed na profesion\u00e1lnej \u00farovni. Chceli by ste posilni\u0165 t\u00edm zamestnancov vo firme alebo ich pre\u0161koli\u0165 o nov\u00e9 poznatky? Pom\u00f4\u017eeme v\u00e1m napl\u00e1nova\u0165 \u0161portov\u00e9 aktivity, tematick\u00fd teambuilding \u010di \u0161t\u00fdlov\u00fd viano\u010dn\u00fd ve\u010dierok a priprav\u00edme kompletn\u00e9 ob\u010derstvenie. Kapacita konferen\u010dnej miestnosti je do 80 os\u00f4b.<\/p>\n","protected":false},"excerpt":{"rendered":"<p>Interi\u00e9r hotela pon\u00faka priestor vhodn\u00fd na organizovanie r\u00f4znych podujat\u00ed na profesion\u00e1lnej \u00farovni. Chceli by ste posilni\u0165 t\u00edm zamestnancov vo firme alebo ich pre\u0161koli\u0165 o nov\u00e9 poznatky? Pom\u00f4\u017eeme v\u00e1m napl\u00e1nova\u0165 \u0161portov\u00e9 aktivity, tematick\u00fd teambuilding \u010di \u0161t\u00fdlov\u00fd viano\u010dn\u00fd ve\u010dierok a priprav\u00edme kompletn\u00e9 ob\u010derstvenie. Kapacita konferen\u010dnej miestnosti je do 80 os\u00f4b.<\/p>\n","protected":false},"author":7,"featured_media":0,"parent":248,"menu_order":20,"comment_status":"closed","ping_status":"closed","template":"template-meeting.php","meta":{"footnotes":""},"yoast_head":"<!-- This site is optimized with the Yoast SEO plugin v22.3 - https:\/\/yoast.com\/wordpress\/plugins\/seo\/ -->\n<title>Va\u0161a konferencia - Termaly Male Bielice -<\/title>\n<meta name=\"description\" content=\"Interi\u00e9r hotela je vhodn\u00fd pre organizovanie r\u00f4znych podujjat\u00ed. Pom\u00f4\u017eeme v\u00e1m napl\u00e1nova\u0165 teambuilding \u010di viano\u010dn\u00fd ve\u010dierok pre a\u017e 80 os\u00f4b.\" \/>\n<meta name=\"robots\" content=\"index, follow, max-snippet:-1, max-image-preview:large, max-video-preview:-1\" \/>\n<link rel=\"canonical\" href=\"https:\/\/www.termalymalebielice.com\/sk\/stretnutia-a-svadby\/vasa-konferencia\/\" \/>\n<meta property=\"og:locale\" content=\"sk_SK\" \/>\n<meta property=\"og:type\" content=\"article\" \/>\n<meta property=\"og:title\" content=\"Va\u0161a konferencia - Termaly Male Bielice -\" \/>\n<meta property=\"og:description\" content=\"Interi\u00e9r hotela je vhodn\u00fd pre organizovanie r\u00f4znych podujjat\u00ed. Pom\u00f4\u017eeme v\u00e1m napl\u00e1nova\u0165 teambuilding \u010di viano\u010dn\u00fd ve\u010dierok pre a\u017e 80 os\u00f4b.\" \/>\n<meta property=\"og:url\" content=\"https:\/\/www.termalymalebielice.com\/sk\/stretnutia-a-svadby\/vasa-konferencia\/\" \/>\n<meta property=\"og:site_name\" content=\"Termaly Male Bielice\" \/>\n<meta property=\"article:modified_time\" content=\"2024-08-08T11:15:53+00:00\" \/>\n<meta name=\"twitter:card\" content=\"summary_large_image\" \/>\n<meta name=\"twitter:label1\" content=\"Predpokladan\u00fd \u010das \u010d\u00edtania\" \/>\n\t<meta name=\"twitter:data1\" content=\"1 min\u00fata\" \/>\n<script type=\"application\/ld+json\" class=\"yoast-schema-graph\">{\"@context\":\"https:\/\/schema.org\",\"@graph\":[{\"@type\":\"WebPage\",\"@id\":\"https:\/\/www.termalymalebielice.com\/sk\/stretnutia-a-svadby\/vasa-konferencia\/\",\"url\":\"https:\/\/www.termalymalebielice.com\/sk\/stretnutia-a-svadby\/vasa-konferencia\/\",\"name\":\"Va\u0161a konferencia - Termaly Male Bielice -\",\"isPartOf\":{\"@id\":\"https:\/\/www.termalymalebielice.com\/sk\/#website\"},\"datePublished\":\"2023-12-21T14:35:36+00:00\",\"dateModified\":\"2024-08-08T11:15:53+00:00\",\"description\":\"Interi\u00e9r hotela je vhodn\u00fd pre organizovanie r\u00f4znych podujjat\u00ed. Pom\u00f4\u017eeme v\u00e1m napl\u00e1nova\u0165 teambuilding \u010di viano\u010dn\u00fd ve\u010dierok pre a\u017e 80 os\u00f4b.\",\"breadcrumb\":{\"@id\":\"https:\/\/www.termalymalebielice.com\/sk\/stretnutia-a-svadby\/vasa-konferencia\/#breadcrumb\"},\"inLanguage\":\"sk-SK\",\"potentialAction\":[{\"@type\":\"ReadAction\",\"target\":[\"https:\/\/www.termalymalebielice.com\/sk\/stretnutia-a-svadby\/vasa-konferencia\/\"]}]},{\"@type\":\"BreadcrumbList\",\"@id\":\"https:\/\/www.termalymalebielice.com\/sk\/stretnutia-a-svadby\/vasa-konferencia\/#breadcrumb\",\"itemListElement\":[{\"@type\":\"ListItem\",\"position\":1,\"name\":\"Home\",\"item\":\"https:\/\/www.termalymalebielice.com\/sk\/\"},{\"@type\":\"ListItem\",\"position\":2,\"name\":\"Stretnutia a svadby\",\"item\":\"https:\/\/www.termalymalebielice.com\/sk\/?page_id=248\"},{\"@type\":\"ListItem\",\"position\":3,\"name\":\"Va\u0161a konferencia\"}]},{\"@type\":\"WebSite\",\"@id\":\"https:\/\/www.termalymalebielice.com\/sk\/#website\",\"url\":\"https:\/\/www.termalymalebielice.com\/sk\/\",\"name\":\"Termaly Male Bielice\",\"description\":\"\",\"potentialAction\":[{\"@type\":\"SearchAction\",\"target\":{\"@type\":\"EntryPoint\",\"urlTemplate\":\"https:\/\/www.termalymalebielice.com\/sk\/?s={search_term_string}\"},\"query-input\":\"required name=search_term_string\"}],\"inLanguage\":\"sk-SK\"}]}<\/script>\n<!-- \/ Yoast SEO plugin. -->","yoast_head_json":{"title":"Va\u0161a konferencia - Termaly Male Bielice -","description":"Interi\u00e9r hotela je vhodn\u00fd pre organizovanie r\u00f4znych podujjat\u00ed. Pom\u00f4\u017eeme v\u00e1m napl\u00e1nova\u0165 teambuilding \u010di viano\u010dn\u00fd ve\u010dierok pre a\u017e 80 os\u00f4b.","robots":{"index":"index","follow":"follow","max-snippet":"max-snippet:-1","max-image-preview":"max-image-preview:large","max-video-preview":"max-video-preview:-1"},"canonical":"https:\/\/www.termalymalebielice.com\/sk\/stretnutia-a-svadby\/vasa-konferencia\/","og_locale":"sk_SK","og_type":"article","og_title":"Va\u0161a konferencia - Termaly Male Bielice -","og_description":"Interi\u00e9r hotela je vhodn\u00fd pre organizovanie r\u00f4znych podujjat\u00ed. Pom\u00f4\u017eeme v\u00e1m napl\u00e1nova\u0165 teambuilding \u010di viano\u010dn\u00fd ve\u010dierok pre a\u017e 80 os\u00f4b.","og_url":"https:\/\/www.termalymalebielice.com\/sk\/stretnutia-a-svadby\/vasa-konferencia\/","og_site_name":"Termaly Male Bielice","article_modified_time":"2024-08-08T11:15:53+00:00","twitter_card":"summary_large_image","twitter_misc":{"Predpokladan\u00fd \u010das \u010d\u00edtania":"1 min\u00fata"},"schema":{"@context":"https:\/\/schema.org","@graph":[{"@type":"WebPage","@id":"https:\/\/www.termalymalebielice.com\/sk\/stretnutia-a-svadby\/vasa-konferencia\/","url":"https:\/\/www.termalymalebielice.com\/sk\/stretnutia-a-svadby\/vasa-konferencia\/","name":"Va\u0161a konferencia - Termaly Male Bielice -","isPartOf":{"@id":"https:\/\/www.termalymalebielice.com\/sk\/#website"},"datePublished":"2023-12-21T14:35:36+00:00","dateModified":"2024-08-08T11:15:53+00:00","description":"Interi\u00e9r hotela je vhodn\u00fd pre organizovanie r\u00f4znych podujjat\u00ed. Pom\u00f4\u017eeme v\u00e1m napl\u00e1nova\u0165 teambuilding \u010di viano\u010dn\u00fd ve\u010dierok pre a\u017e 80 os\u00f4b.","breadcrumb":{"@id":"https:\/\/www.termalymalebielice.com\/sk\/stretnutia-a-svadby\/vasa-konferencia\/#breadcrumb"},"inLanguage":"sk-SK","potentialAction":[{"@type":"ReadAction","target":["https:\/\/www.termalymalebielice.com\/sk\/stretnutia-a-svadby\/vasa-konferencia\/"]}]},{"@type":"BreadcrumbList","@id":"https:\/\/www.termalymalebielice.com\/sk\/stretnutia-a-svadby\/vasa-konferencia\/#breadcrumb","itemListElement":[{"@type":"ListItem","position":1,"name":"Home","item":"https:\/\/www.termalymalebielice.com\/sk\/"},{"@type":"ListItem","position":2,"name":"Stretnutia a svadby","item":"https:\/\/www.termalymalebielice.com\/sk\/?page_id=248"},{"@type":"ListItem","position":3,"name":"Va\u0161a konferencia"}]},{"@type":"WebSite","@id":"https:\/\/www.termalymalebielice.com\/sk\/#website","url":"https:\/\/www.termalymalebielice.com\/sk\/","name":"Termaly Male Bielice","description":"","potentialAction":[{"@type":"SearchAction","target":{"@type":"EntryPoint","urlTemplate":"https:\/\/www.termalymalebielice.com\/sk\/?s={search_term_string}"},"query-input":"required name=search_term_string"}],"inLanguage":"sk-SK"}]}},"acf":[],"_links":{"self":[{"href":"https:\/\/www.termalymalebielice.com\/sk\/wp-json\/wp\/v2\/pages\/253"}],"collection":[{"href":"https:\/\/www.termalymalebielice.com\/sk\/wp-json\/wp\/v2\/pages"}],"about":[{"href":"https:\/\/www.termalymalebielice.com\/sk\/wp-json\/wp\/v2\/types\/page"}],"author":[{"embeddable":true,"href":"https:\/\/www.termalymalebielice.com\/sk\/wp-json\/wp\/v2\/users\/7"}],"replies":[{"embeddable":true,"href":"https:\/\/www.termalymalebielice.com\/sk\/wp-json\/wp\/v2\/comments?post=253"}],"version-history":[{"count":0,"href":"https:\/\/www.termalymalebielice.com\/sk\/wp-json\/wp\/v2\/pages\/253\/revisions"}],"up":[{"embeddable":true,"href":"https:\/\/www.termalymalebielice.com\/sk\/wp-json\/wp\/v2\/pages\/248"}],"wp:attachment":[{"href":"https:\/\/www.termalymalebielice.com\/sk\/wp-json\/wp\/v2\/media?parent=253"}],"curies":[{"name":"wp","href":"https:\/\/api.w.org\/{rel}","templated":true}]}}