{"id":235,"date":"2023-12-20T16:08:09","date_gmt":"2023-12-20T16:08:09","guid":{"rendered":"https:\/\/termaly-male-bielice.ms2.decms.eu\/?page_id=235"},"modified":"2025-06-03T11:15:00","modified_gmt":"2025-06-03T11:15:00","slug":"sauna","status":"publish","type":"page","link":"https:\/\/www.termalymalebielice.com\/sk\/wellness-spa-centrum\/sauna\/","title":{"rendered":"Sauna"},"content":{"rendered":"<p style=\"text-align: center\">Urobte nie\u010do pre svoje zdravie a prehrejte svoje telo v na\u0161ich saun\u00e1ch. Nie je lep\u0161\u00ed pocit, ne\u017e po hor\u00facej saune sa osvie\u017ei\u0165 v pri\u013eahlom baz\u00e9niku. Hotel pon\u00faka mo\u017enos\u0165 saunovania v dvoch typoch s\u00e1un.<\/p>\n<p style=\"text-align: center\">F\u00ednska sauna m\u00e1 blahodarn\u00e9 \u00fa\u010dinky na na\u0161e zdravie. Je v\u00fdborn\u00e1 ako prevencia proti r\u00f4znym chorob\u00e1m a zvy\u0161uje odolnos\u0165 organizmu. Poten\u00edm sa z tela vyplavuj\u00fa v\u0161etky tox\u00edny a n\u00e1sledn\u00e9 ochladenie zvy\u0161uje na\u0161e otu\u017eovanie. Sauna je vhodn\u00e1 pre t\u00fdch, ktor\u00ed sa chc\u00fa stara\u0165 o svoje telo a sl\u00fa\u017ei na regener\u00e1ciu a celkov\u00fa relax\u00e1ciu po fyzickej aj psychickej str\u00e1nke.<\/p>\n<p style=\"text-align: center\">Infrasauna je alternat\u00edvou klasickej f\u00ednskej alebo mokrej sauny. Ide o modern\u00fa alternat\u00edvu, ktor\u00e1 v\u0161ak funguje na inom princ\u00edpe. Karb\u00f3nov\u00fd alebo keramick\u00fd \u017eiari\u010d vytv\u00e1ra infra\u010derven\u00e9 l\u00fa\u010de, ktor\u00e9 prehrievaj\u00fa cel\u00fd priestor sauny. Tento sp\u00f4sob vykurovania sa \u013eahko ovl\u00e1da a sauna je r\u00fdchlo pripraven\u00e1 na pou\u017eitie.<\/p>\n<p style=\"text-align: center\">OTV\u00c1RACIE HODINY:<\/p>\n<p style=\"text-align: center\">Pondelok &#8211; Nede\u013ea (denne) \/ 13:00-20:00 hod<\/p>\n","protected":false},"excerpt":{"rendered":"<p>Urobte nie\u010do pre svoje zdravie a prehrejte svoje telo v na\u0161ich saun\u00e1ch. Nie je lep\u0161\u00ed pocit, ne\u017e po hor\u00facej saune sa osvie\u017ei\u0165 v pri\u013eahlom baz\u00e9niku. Hotel pon\u00faka mo\u017enos\u0165 saunovania v dvoch typoch s\u00e1un. F\u00ednska sauna m\u00e1 blahodarn\u00e9 \u00fa\u010dinky na na\u0161e zdravie. Je v\u00fdborn\u00e1 ako prevencia proti r\u00f4znym chorob\u00e1m a zvy\u0161uje odolnos\u0165 organizmu. Poten\u00edm sa z [&hellip;]<\/p>\n","protected":false},"author":7,"featured_media":0,"parent":233,"menu_order":10,"comment_status":"closed","ping_status":"closed","template":"template-single-spa.php","meta":{"footnotes":""},"class_list":["post-235","page","type-page","status-publish","hentry"],"yoast_head":"<!-- This site is optimized with the Yoast SEO plugin v27.3 - https:\/\/yoast.com\/product\/yoast-seo-wordpress\/ -->\n<title>Sauna | Term\u00e1ly Mal\u00e9 Bielice<\/title>\n<meta name=\"description\" content=\"Urobte nie\u010do pre svoje zdravie a prehrejte svoje telo v na\u0161ich saun\u00e1ch. Nie je lep\u0161\u00ed pocit, ne\u017e po hor\u00facej saune sa osvie\u017ei\u0165 v baz\u00e9niku.\" \/>\n<meta name=\"robots\" content=\"index, follow, max-snippet:-1, max-image-preview:large, max-video-preview:-1\" \/>\n<link rel=\"canonical\" href=\"https:\/\/www.termalymalebielice.com\/sk\/wellness-spa-centrum\/sauna\/\" \/>\n<meta property=\"og:locale\" content=\"sk_SK\" \/>\n<meta property=\"og:type\" content=\"article\" \/>\n<meta property=\"og:title\" content=\"Sauna | Term\u00e1ly Mal\u00e9 Bielice\" \/>\n<meta property=\"og:description\" content=\"Urobte nie\u010do pre svoje zdravie a prehrejte svoje telo v na\u0161ich saun\u00e1ch. Nie je lep\u0161\u00ed pocit, ne\u017e po hor\u00facej saune sa osvie\u017ei\u0165 v baz\u00e9niku.\" \/>\n<meta property=\"og:url\" content=\"https:\/\/www.termalymalebielice.com\/sk\/wellness-spa-centrum\/sauna\/\" \/>\n<meta property=\"og:site_name\" content=\"Termaly Male Bielice\" \/>\n<meta property=\"article:modified_time\" content=\"2025-06-03T11:15:00+00:00\" \/>\n<meta name=\"twitter:card\" content=\"summary_large_image\" \/>\n<meta name=\"twitter:label1\" content=\"Predpokladan\u00fd \u010das \u010d\u00edtania\" \/>\n\t<meta name=\"twitter:data1\" content=\"1 min\u00fata\" \/>\n<script type=\"application\/ld+json\" class=\"yoast-schema-graph\">{\"@context\":\"https:\\\/\\\/schema.org\",\"@graph\":[{\"@type\":\"WebPage\",\"@id\":\"https:\\\/\\\/www.termalymalebielice.com\\\/sk\\\/wellness-spa-centrum\\\/sauna\\\/\",\"url\":\"https:\\\/\\\/www.termalymalebielice.com\\\/sk\\\/wellness-spa-centrum\\\/sauna\\\/\",\"name\":\"Sauna | Term\u00e1ly Mal\u00e9 Bielice\",\"isPartOf\":{\"@id\":\"https:\\\/\\\/www.termalymalebielice.com\\\/sk\\\/#website\"},\"datePublished\":\"2023-12-20T16:08:09+00:00\",\"dateModified\":\"2025-06-03T11:15:00+00:00\",\"description\":\"Urobte nie\u010do pre svoje zdravie a prehrejte svoje telo v na\u0161ich saun\u00e1ch. Nie je lep\u0161\u00ed pocit, ne\u017e po hor\u00facej saune sa osvie\u017ei\u0165 v baz\u00e9niku.\",\"breadcrumb\":{\"@id\":\"https:\\\/\\\/www.termalymalebielice.com\\\/sk\\\/wellness-spa-centrum\\\/sauna\\\/#breadcrumb\"},\"inLanguage\":\"sk-SK\",\"potentialAction\":[{\"@type\":\"ReadAction\",\"target\":[\"https:\\\/\\\/www.termalymalebielice.com\\\/sk\\\/wellness-spa-centrum\\\/sauna\\\/\"]}]},{\"@type\":\"BreadcrumbList\",\"@id\":\"https:\\\/\\\/www.termalymalebielice.com\\\/sk\\\/wellness-spa-centrum\\\/sauna\\\/#breadcrumb\",\"itemListElement\":[{\"@type\":\"ListItem\",\"position\":1,\"name\":\"Home\",\"item\":\"https:\\\/\\\/www.termalymalebielice.com\\\/sk\\\/\"},{\"@type\":\"ListItem\",\"position\":2,\"name\":\"Wellness\",\"item\":\"https:\\\/\\\/www.termalymalebielice.com\\\/sk\\\/wellness-spa-centrum\\\/\"},{\"@type\":\"ListItem\",\"position\":3,\"name\":\"Sauna\"}]},{\"@type\":\"WebSite\",\"@id\":\"https:\\\/\\\/www.termalymalebielice.com\\\/sk\\\/#website\",\"url\":\"https:\\\/\\\/www.termalymalebielice.com\\\/sk\\\/\",\"name\":\"Termaly Male Bielice\",\"description\":\"\",\"potentialAction\":[{\"@type\":\"SearchAction\",\"target\":{\"@type\":\"EntryPoint\",\"urlTemplate\":\"https:\\\/\\\/www.termalymalebielice.com\\\/sk\\\/?s={search_term_string}\"},\"query-input\":{\"@type\":\"PropertyValueSpecification\",\"valueRequired\":true,\"valueName\":\"search_term_string\"}}],\"inLanguage\":\"sk-SK\"}]}<\/script>\n<!-- \/ Yoast SEO plugin. -->","yoast_head_json":{"title":"Sauna | Term\u00e1ly Mal\u00e9 Bielice","description":"Urobte nie\u010do pre svoje zdravie a prehrejte svoje telo v na\u0161ich saun\u00e1ch. Nie je lep\u0161\u00ed pocit, ne\u017e po hor\u00facej saune sa osvie\u017ei\u0165 v baz\u00e9niku.","robots":{"index":"index","follow":"follow","max-snippet":"max-snippet:-1","max-image-preview":"max-image-preview:large","max-video-preview":"max-video-preview:-1"},"canonical":"https:\/\/www.termalymalebielice.com\/sk\/wellness-spa-centrum\/sauna\/","og_locale":"sk_SK","og_type":"article","og_title":"Sauna | Term\u00e1ly Mal\u00e9 Bielice","og_description":"Urobte nie\u010do pre svoje zdravie a prehrejte svoje telo v na\u0161ich saun\u00e1ch. Nie je lep\u0161\u00ed pocit, ne\u017e po hor\u00facej saune sa osvie\u017ei\u0165 v baz\u00e9niku.","og_url":"https:\/\/www.termalymalebielice.com\/sk\/wellness-spa-centrum\/sauna\/","og_site_name":"Termaly Male Bielice","article_modified_time":"2025-06-03T11:15:00+00:00","twitter_card":"summary_large_image","twitter_misc":{"Predpokladan\u00fd \u010das \u010d\u00edtania":"1 min\u00fata"},"schema":{"@context":"https:\/\/schema.org","@graph":[{"@type":"WebPage","@id":"https:\/\/www.termalymalebielice.com\/sk\/wellness-spa-centrum\/sauna\/","url":"https:\/\/www.termalymalebielice.com\/sk\/wellness-spa-centrum\/sauna\/","name":"Sauna | Term\u00e1ly Mal\u00e9 Bielice","isPartOf":{"@id":"https:\/\/www.termalymalebielice.com\/sk\/#website"},"datePublished":"2023-12-20T16:08:09+00:00","dateModified":"2025-06-03T11:15:00+00:00","description":"Urobte nie\u010do pre svoje zdravie a prehrejte svoje telo v na\u0161ich saun\u00e1ch. Nie je lep\u0161\u00ed pocit, ne\u017e po hor\u00facej saune sa osvie\u017ei\u0165 v baz\u00e9niku.","breadcrumb":{"@id":"https:\/\/www.termalymalebielice.com\/sk\/wellness-spa-centrum\/sauna\/#breadcrumb"},"inLanguage":"sk-SK","potentialAction":[{"@type":"ReadAction","target":["https:\/\/www.termalymalebielice.com\/sk\/wellness-spa-centrum\/sauna\/"]}]},{"@type":"BreadcrumbList","@id":"https:\/\/www.termalymalebielice.com\/sk\/wellness-spa-centrum\/sauna\/#breadcrumb","itemListElement":[{"@type":"ListItem","position":1,"name":"Home","item":"https:\/\/www.termalymalebielice.com\/sk\/"},{"@type":"ListItem","position":2,"name":"Wellness","item":"https:\/\/www.termalymalebielice.com\/sk\/wellness-spa-centrum\/"},{"@type":"ListItem","position":3,"name":"Sauna"}]},{"@type":"WebSite","@id":"https:\/\/www.termalymalebielice.com\/sk\/#website","url":"https:\/\/www.termalymalebielice.com\/sk\/","name":"Termaly Male Bielice","description":"","potentialAction":[{"@type":"SearchAction","target":{"@type":"EntryPoint","urlTemplate":"https:\/\/www.termalymalebielice.com\/sk\/?s={search_term_string}"},"query-input":{"@type":"PropertyValueSpecification","valueRequired":true,"valueName":"search_term_string"}}],"inLanguage":"sk-SK"}]}},"acf":[],"_links":{"self":[{"href":"https:\/\/www.termalymalebielice.com\/sk\/wp-json\/wp\/v2\/pages\/235","targetHints":{"allow":["GET"]}}],"collection":[{"href":"https:\/\/www.termalymalebielice.com\/sk\/wp-json\/wp\/v2\/pages"}],"about":[{"href":"https:\/\/www.termalymalebielice.com\/sk\/wp-json\/wp\/v2\/types\/page"}],"author":[{"embeddable":true,"href":"https:\/\/www.termalymalebielice.com\/sk\/wp-json\/wp\/v2\/users\/7"}],"replies":[{"embeddable":true,"href":"https:\/\/www.termalymalebielice.com\/sk\/wp-json\/wp\/v2\/comments?post=235"}],"version-history":[{"count":0,"href":"https:\/\/www.termalymalebielice.com\/sk\/wp-json\/wp\/v2\/pages\/235\/revisions"}],"up":[{"embeddable":true,"href":"https:\/\/www.termalymalebielice.com\/sk\/wp-json\/wp\/v2\/pages\/233"}],"wp:attachment":[{"href":"https:\/\/www.termalymalebielice.com\/sk\/wp-json\/wp\/v2\/media?parent=235"}],"curies":[{"name":"wp","href":"https:\/\/api.w.org\/{rel}","templated":true}]}}