{"id":226,"date":"2023-12-19T16:37:41","date_gmt":"2023-12-19T16:37:41","guid":{"rendered":"https:\/\/termaly-male-bielice.ms2.decms.eu\/?page_id=226"},"modified":"2024-08-22T07:29:30","modified_gmt":"2024-08-22T07:29:30","slug":"specialne-ponuky","status":"publish","type":"page","link":"https:\/\/www.termalymalebielice.com\/sk\/specialne-ponuky\/","title":{"rendered":"\u0160peci\u00e1lne ponuky"},"content":{"rendered":"<p style=\"text-align: center\">Pre\u010do si nedopria\u0165 viac za menej? Vyu\u017eite pr\u00edle\u017eitos\u0165 a objavte v\u00fdhody na\u0161ich \u0161peci\u00e1lnych pon\u00fak, ktor\u00e9 pravidelne aktualizujeme po\u010das cel\u00e9ho roka. V\u010faka t\u00fdmto v\u00fdhodn\u00fdm bal\u00ed\u010dkom si m\u00f4\u017eete u\u017ei\u0165 svoj pobyt e\u0161te intenz\u00edvnej\u0161ie a naplno vychutna\u0165 v\u0161etko, \u010do pon\u00fakame. Sledujte na\u0161e aktu\u00e1lne akcie a zabezpe\u010dte si nezabudnute\u013en\u00fd z\u00e1\u017eitok za skvel\u00fa cenu. V\u00e1\u0161 dokonal\u00fd oddych je u n\u00e1s na dosah ruky!<\/p>\n","protected":false},"excerpt":{"rendered":"<p>Pre\u010do si nedopria\u0165 viac za menej? Vyu\u017eite pr\u00edle\u017eitos\u0165 a objavte v\u00fdhody na\u0161ich \u0161peci\u00e1lnych pon\u00fak, ktor\u00e9 pravidelne aktualizujeme po\u010das cel\u00e9ho roka. V\u010faka t\u00fdmto v\u00fdhodn\u00fdm bal\u00ed\u010dkom si m\u00f4\u017eete u\u017ei\u0165 svoj pobyt e\u0161te intenz\u00edvnej\u0161ie a naplno vychutna\u0165 v\u0161etko, \u010do pon\u00fakame. Sledujte na\u0161e aktu\u00e1lne akcie a zabezpe\u010dte si nezabudnute\u013en\u00fd z\u00e1\u017eitok za skvel\u00fa cenu. V\u00e1\u0161 dokonal\u00fd oddych je u n\u00e1s [&hellip;]<\/p>\n","protected":false},"author":7,"featured_media":0,"parent":0,"menu_order":40,"comment_status":"closed","ping_status":"closed","template":"template-offers.php","meta":{"footnotes":""},"class_list":["post-226","page","type-page","status-publish","hentry"],"yoast_head":"<!-- This site is optimized with the Yoast SEO plugin v27.3 - https:\/\/yoast.com\/product\/yoast-seo-wordpress\/ -->\n<title>10% z\u013eava na BAR | Term\u00e1ly Mal\u00e9 Bielice<\/title>\n<meta name=\"description\" content=\"Vyu\u017eite 10% z\u013eavu BAR pri pou\u017eit\u00ed \u0161peci\u00e1lneho k\u00f3du TMB na na\u0161ej webovej str\u00e1nke na priamu rezerv\u00e1ciu. T\u011b\u0161\u00edme sa na V\u00e1s.\" \/>\n<meta name=\"robots\" content=\"index, follow, max-snippet:-1, max-image-preview:large, max-video-preview:-1\" \/>\n<link rel=\"canonical\" href=\"https:\/\/www.termalymalebielice.com\/sk\/specialne-ponuky\/\" \/>\n<meta property=\"og:locale\" content=\"sk_SK\" \/>\n<meta property=\"og:type\" content=\"article\" \/>\n<meta property=\"og:title\" content=\"10% z\u013eava na BAR | Term\u00e1ly Mal\u00e9 Bielice\" \/>\n<meta property=\"og:description\" content=\"Vyu\u017eite 10% z\u013eavu BAR pri pou\u017eit\u00ed \u0161peci\u00e1lneho k\u00f3du TMB na na\u0161ej webovej str\u00e1nke na priamu rezerv\u00e1ciu. T\u011b\u0161\u00edme sa na V\u00e1s.\" \/>\n<meta property=\"og:url\" content=\"https:\/\/www.termalymalebielice.com\/sk\/specialne-ponuky\/\" \/>\n<meta property=\"og:site_name\" content=\"Termaly Male Bielice\" \/>\n<meta property=\"article:modified_time\" content=\"2024-08-22T07:29:30+00:00\" \/>\n<meta name=\"twitter:card\" content=\"summary_large_image\" \/>\n<meta name=\"twitter:label1\" content=\"Predpokladan\u00fd \u010das \u010d\u00edtania\" \/>\n\t<meta name=\"twitter:data1\" content=\"1 min\u00fata\" \/>\n<script type=\"application\/ld+json\" class=\"yoast-schema-graph\">{\"@context\":\"https:\\\/\\\/schema.org\",\"@graph\":[{\"@type\":\"WebPage\",\"@id\":\"https:\\\/\\\/www.termalymalebielice.com\\\/sk\\\/specialne-ponuky\\\/\",\"url\":\"https:\\\/\\\/www.termalymalebielice.com\\\/sk\\\/specialne-ponuky\\\/\",\"name\":\"10% z\u013eava na BAR | Term\u00e1ly Mal\u00e9 Bielice\",\"isPartOf\":{\"@id\":\"https:\\\/\\\/www.termalymalebielice.com\\\/sk\\\/#website\"},\"datePublished\":\"2023-12-19T16:37:41+00:00\",\"dateModified\":\"2024-08-22T07:29:30+00:00\",\"description\":\"Vyu\u017eite 10% z\u013eavu BAR pri pou\u017eit\u00ed \u0161peci\u00e1lneho k\u00f3du TMB na na\u0161ej webovej str\u00e1nke na priamu rezerv\u00e1ciu. T\u011b\u0161\u00edme sa na V\u00e1s.\",\"breadcrumb\":{\"@id\":\"https:\\\/\\\/www.termalymalebielice.com\\\/sk\\\/specialne-ponuky\\\/#breadcrumb\"},\"inLanguage\":\"sk-SK\",\"potentialAction\":[{\"@type\":\"ReadAction\",\"target\":[\"https:\\\/\\\/www.termalymalebielice.com\\\/sk\\\/specialne-ponuky\\\/\"]}]},{\"@type\":\"BreadcrumbList\",\"@id\":\"https:\\\/\\\/www.termalymalebielice.com\\\/sk\\\/specialne-ponuky\\\/#breadcrumb\",\"itemListElement\":[{\"@type\":\"ListItem\",\"position\":1,\"name\":\"Home\",\"item\":\"https:\\\/\\\/www.termalymalebielice.com\\\/sk\\\/\"},{\"@type\":\"ListItem\",\"position\":2,\"name\":\"\u0160peci\u00e1lne ponuky\"}]},{\"@type\":\"WebSite\",\"@id\":\"https:\\\/\\\/www.termalymalebielice.com\\\/sk\\\/#website\",\"url\":\"https:\\\/\\\/www.termalymalebielice.com\\\/sk\\\/\",\"name\":\"Termaly Male Bielice\",\"description\":\"\",\"potentialAction\":[{\"@type\":\"SearchAction\",\"target\":{\"@type\":\"EntryPoint\",\"urlTemplate\":\"https:\\\/\\\/www.termalymalebielice.com\\\/sk\\\/?s={search_term_string}\"},\"query-input\":{\"@type\":\"PropertyValueSpecification\",\"valueRequired\":true,\"valueName\":\"search_term_string\"}}],\"inLanguage\":\"sk-SK\"}]}<\/script>\n<!-- \/ Yoast SEO plugin. -->","yoast_head_json":{"title":"10% z\u013eava na BAR | Term\u00e1ly Mal\u00e9 Bielice","description":"Vyu\u017eite 10% z\u013eavu BAR pri pou\u017eit\u00ed \u0161peci\u00e1lneho k\u00f3du TMB na na\u0161ej webovej str\u00e1nke na priamu rezerv\u00e1ciu. T\u011b\u0161\u00edme sa na V\u00e1s.","robots":{"index":"index","follow":"follow","max-snippet":"max-snippet:-1","max-image-preview":"max-image-preview:large","max-video-preview":"max-video-preview:-1"},"canonical":"https:\/\/www.termalymalebielice.com\/sk\/specialne-ponuky\/","og_locale":"sk_SK","og_type":"article","og_title":"10% z\u013eava na BAR | Term\u00e1ly Mal\u00e9 Bielice","og_description":"Vyu\u017eite 10% z\u013eavu BAR pri pou\u017eit\u00ed \u0161peci\u00e1lneho k\u00f3du TMB na na\u0161ej webovej str\u00e1nke na priamu rezerv\u00e1ciu. T\u011b\u0161\u00edme sa na V\u00e1s.","og_url":"https:\/\/www.termalymalebielice.com\/sk\/specialne-ponuky\/","og_site_name":"Termaly Male Bielice","article_modified_time":"2024-08-22T07:29:30+00:00","twitter_card":"summary_large_image","twitter_misc":{"Predpokladan\u00fd \u010das \u010d\u00edtania":"1 min\u00fata"},"schema":{"@context":"https:\/\/schema.org","@graph":[{"@type":"WebPage","@id":"https:\/\/www.termalymalebielice.com\/sk\/specialne-ponuky\/","url":"https:\/\/www.termalymalebielice.com\/sk\/specialne-ponuky\/","name":"10% z\u013eava na BAR | Term\u00e1ly Mal\u00e9 Bielice","isPartOf":{"@id":"https:\/\/www.termalymalebielice.com\/sk\/#website"},"datePublished":"2023-12-19T16:37:41+00:00","dateModified":"2024-08-22T07:29:30+00:00","description":"Vyu\u017eite 10% z\u013eavu BAR pri pou\u017eit\u00ed \u0161peci\u00e1lneho k\u00f3du TMB na na\u0161ej webovej str\u00e1nke na priamu rezerv\u00e1ciu. T\u011b\u0161\u00edme sa na V\u00e1s.","breadcrumb":{"@id":"https:\/\/www.termalymalebielice.com\/sk\/specialne-ponuky\/#breadcrumb"},"inLanguage":"sk-SK","potentialAction":[{"@type":"ReadAction","target":["https:\/\/www.termalymalebielice.com\/sk\/specialne-ponuky\/"]}]},{"@type":"BreadcrumbList","@id":"https:\/\/www.termalymalebielice.com\/sk\/specialne-ponuky\/#breadcrumb","itemListElement":[{"@type":"ListItem","position":1,"name":"Home","item":"https:\/\/www.termalymalebielice.com\/sk\/"},{"@type":"ListItem","position":2,"name":"\u0160peci\u00e1lne ponuky"}]},{"@type":"WebSite","@id":"https:\/\/www.termalymalebielice.com\/sk\/#website","url":"https:\/\/www.termalymalebielice.com\/sk\/","name":"Termaly Male Bielice","description":"","potentialAction":[{"@type":"SearchAction","target":{"@type":"EntryPoint","urlTemplate":"https:\/\/www.termalymalebielice.com\/sk\/?s={search_term_string}"},"query-input":{"@type":"PropertyValueSpecification","valueRequired":true,"valueName":"search_term_string"}}],"inLanguage":"sk-SK"}]}},"acf":[],"_links":{"self":[{"href":"https:\/\/www.termalymalebielice.com\/sk\/wp-json\/wp\/v2\/pages\/226","targetHints":{"allow":["GET"]}}],"collection":[{"href":"https:\/\/www.termalymalebielice.com\/sk\/wp-json\/wp\/v2\/pages"}],"about":[{"href":"https:\/\/www.termalymalebielice.com\/sk\/wp-json\/wp\/v2\/types\/page"}],"author":[{"embeddable":true,"href":"https:\/\/www.termalymalebielice.com\/sk\/wp-json\/wp\/v2\/users\/7"}],"replies":[{"embeddable":true,"href":"https:\/\/www.termalymalebielice.com\/sk\/wp-json\/wp\/v2\/comments?post=226"}],"version-history":[{"count":0,"href":"https:\/\/www.termalymalebielice.com\/sk\/wp-json\/wp\/v2\/pages\/226\/revisions"}],"wp:attachment":[{"href":"https:\/\/www.termalymalebielice.com\/sk\/wp-json\/wp\/v2\/media?parent=226"}],"curies":[{"name":"wp","href":"https:\/\/api.w.org\/{rel}","templated":true}]}}