{"id":214,"date":"2023-12-18T16:38:22","date_gmt":"2023-12-18T16:38:22","guid":{"rendered":"https:\/\/termaly-male-bielice.ms2.decms.eu\/?page_id=214"},"modified":"2025-01-20T09:18:32","modified_gmt":"2025-01-20T09:18:32","slug":"stravovanie","status":"publish","type":"page","link":"https:\/\/www.termalymalebielice.com\/sk\/stravovanie\/","title":{"rendered":"Stravovanie"},"content":{"rendered":"<p style=\"text-align: center\">Na\u0161a hotelov\u00e1 re\u0161taur\u00e1cia pon\u00faka modern\u00fa gastron\u00f3miu aj so zachovan\u00edm tradi\u010dn\u00fdch slovensk\u00fdch jed\u00e1l, vhodn\u00fdch pre v\u0161etky vekov\u00e9 kateg\u00f3rie. Nov\u00fd sal\u00f3nik (kapacita 30 \u013eud\u00ed), ako aj \u00faplne nov\u00e1 spolo\u010densk\u00e1 miestnos\u0165 (kapacita 80 \u013eud\u00ed) je ide\u00e1lnym miestom pre usporiadanie rodinn\u00fdch osl\u00e1v, ale aj firemn\u00fdch koncoro\u010dn\u00fdch poseden\u00ed.<\/p>\n<p style=\"text-align: center\">Nev\u00e1hajte a pr\u00eddite vysk\u00fa\u0161a\u0165 kulin\u00e1rske umenie re\u0161taur\u00e1cie TERM\u00c1LY.<\/p>\n","protected":false},"excerpt":{"rendered":"<p>Na\u0161a hotelov\u00e1 re\u0161taur\u00e1cia pon\u00faka modern\u00fa gastron\u00f3miu aj so zachovan\u00edm tradi\u010dn\u00fdch slovensk\u00fdch jed\u00e1l, vhodn\u00fdch pre v\u0161etky vekov\u00e9 kateg\u00f3rie. Nov\u00fd sal\u00f3nik (kapacita 30 \u013eud\u00ed), ako aj \u00faplne nov\u00e1 spolo\u010densk\u00e1 miestnos\u0165 (kapacita 80 \u013eud\u00ed) je ide\u00e1lnym miestom pre usporiadanie rodinn\u00fdch osl\u00e1v, ale aj firemn\u00fdch koncoro\u010dn\u00fdch poseden\u00ed. Nev\u00e1hajte a pr\u00eddite vysk\u00fa\u0161a\u0165 kulin\u00e1rske umenie re\u0161taur\u00e1cie TERM\u00c1LY.<\/p>\n","protected":false},"author":7,"featured_media":0,"parent":0,"menu_order":30,"comment_status":"closed","ping_status":"closed","template":"template-restaurants.php","meta":{"footnotes":""},"class_list":["post-214","page","type-page","status-publish","hentry"],"yoast_head":"<!-- This site is optimized with the Yoast SEO plugin v27.3 - https:\/\/yoast.com\/product\/yoast-seo-wordpress\/ -->\n<title>Re\u0161taur\u00e1cia Term\u00e1ly | Term\u00e1ly Mal\u00e9 Bielice<\/title>\n<meta name=\"description\" content=\"Na\u0161a hotelov\u00e1 re\u0161taur\u00e1cia pon\u00faka modern\u00fa gastron\u00f3miu aj so zachovan\u00edm tradi\u010dn\u00fdch slovensk\u00fdch jed\u00e1l, vhodn\u00fdch pre v\u0161etky vekov\u00e9 kateg\u00f3rie.\" \/>\n<meta name=\"robots\" content=\"index, follow, max-snippet:-1, max-image-preview:large, max-video-preview:-1\" \/>\n<link rel=\"canonical\" href=\"https:\/\/www.termalymalebielice.com\/sk\/stravovanie\/\" \/>\n<meta property=\"og:locale\" content=\"sk_SK\" \/>\n<meta property=\"og:type\" content=\"article\" \/>\n<meta property=\"og:title\" content=\"Re\u0161taur\u00e1cia Term\u00e1ly | Term\u00e1ly Mal\u00e9 Bielice\" \/>\n<meta property=\"og:description\" content=\"Na\u0161a hotelov\u00e1 re\u0161taur\u00e1cia pon\u00faka modern\u00fa gastron\u00f3miu aj so zachovan\u00edm tradi\u010dn\u00fdch slovensk\u00fdch jed\u00e1l, vhodn\u00fdch pre v\u0161etky vekov\u00e9 kateg\u00f3rie.\" \/>\n<meta property=\"og:url\" content=\"https:\/\/www.termalymalebielice.com\/sk\/stravovanie\/\" \/>\n<meta property=\"og:site_name\" content=\"Termaly Male Bielice\" \/>\n<meta property=\"article:modified_time\" content=\"2025-01-20T09:18:32+00:00\" \/>\n<meta name=\"twitter:card\" content=\"summary_large_image\" \/>\n<meta name=\"twitter:label1\" content=\"Predpokladan\u00fd \u010das \u010d\u00edtania\" \/>\n\t<meta name=\"twitter:data1\" content=\"1 min\u00fata\" \/>\n<script type=\"application\/ld+json\" class=\"yoast-schema-graph\">{\"@context\":\"https:\\\/\\\/schema.org\",\"@graph\":[{\"@type\":\"WebPage\",\"@id\":\"https:\\\/\\\/www.termalymalebielice.com\\\/sk\\\/stravovanie\\\/\",\"url\":\"https:\\\/\\\/www.termalymalebielice.com\\\/sk\\\/stravovanie\\\/\",\"name\":\"Re\u0161taur\u00e1cia Term\u00e1ly | Term\u00e1ly Mal\u00e9 Bielice\",\"isPartOf\":{\"@id\":\"https:\\\/\\\/www.termalymalebielice.com\\\/sk\\\/#website\"},\"datePublished\":\"2023-12-18T16:38:22+00:00\",\"dateModified\":\"2025-01-20T09:18:32+00:00\",\"description\":\"Na\u0161a hotelov\u00e1 re\u0161taur\u00e1cia pon\u00faka modern\u00fa gastron\u00f3miu aj so zachovan\u00edm tradi\u010dn\u00fdch slovensk\u00fdch jed\u00e1l, vhodn\u00fdch pre v\u0161etky vekov\u00e9 kateg\u00f3rie.\",\"breadcrumb\":{\"@id\":\"https:\\\/\\\/www.termalymalebielice.com\\\/sk\\\/stravovanie\\\/#breadcrumb\"},\"inLanguage\":\"sk-SK\",\"potentialAction\":[{\"@type\":\"ReadAction\",\"target\":[\"https:\\\/\\\/www.termalymalebielice.com\\\/sk\\\/stravovanie\\\/\"]}]},{\"@type\":\"BreadcrumbList\",\"@id\":\"https:\\\/\\\/www.termalymalebielice.com\\\/sk\\\/stravovanie\\\/#breadcrumb\",\"itemListElement\":[{\"@type\":\"ListItem\",\"position\":1,\"name\":\"Home\",\"item\":\"https:\\\/\\\/www.termalymalebielice.com\\\/sk\\\/\"},{\"@type\":\"ListItem\",\"position\":2,\"name\":\"Stravovanie\"}]},{\"@type\":\"WebSite\",\"@id\":\"https:\\\/\\\/www.termalymalebielice.com\\\/sk\\\/#website\",\"url\":\"https:\\\/\\\/www.termalymalebielice.com\\\/sk\\\/\",\"name\":\"Termaly Male Bielice\",\"description\":\"\",\"potentialAction\":[{\"@type\":\"SearchAction\",\"target\":{\"@type\":\"EntryPoint\",\"urlTemplate\":\"https:\\\/\\\/www.termalymalebielice.com\\\/sk\\\/?s={search_term_string}\"},\"query-input\":{\"@type\":\"PropertyValueSpecification\",\"valueRequired\":true,\"valueName\":\"search_term_string\"}}],\"inLanguage\":\"sk-SK\"}]}<\/script>\n<!-- \/ Yoast SEO plugin. -->","yoast_head_json":{"title":"Re\u0161taur\u00e1cia Term\u00e1ly | Term\u00e1ly Mal\u00e9 Bielice","description":"Na\u0161a hotelov\u00e1 re\u0161taur\u00e1cia pon\u00faka modern\u00fa gastron\u00f3miu aj so zachovan\u00edm tradi\u010dn\u00fdch slovensk\u00fdch jed\u00e1l, vhodn\u00fdch pre v\u0161etky vekov\u00e9 kateg\u00f3rie.","robots":{"index":"index","follow":"follow","max-snippet":"max-snippet:-1","max-image-preview":"max-image-preview:large","max-video-preview":"max-video-preview:-1"},"canonical":"https:\/\/www.termalymalebielice.com\/sk\/stravovanie\/","og_locale":"sk_SK","og_type":"article","og_title":"Re\u0161taur\u00e1cia Term\u00e1ly | Term\u00e1ly Mal\u00e9 Bielice","og_description":"Na\u0161a hotelov\u00e1 re\u0161taur\u00e1cia pon\u00faka modern\u00fa gastron\u00f3miu aj so zachovan\u00edm tradi\u010dn\u00fdch slovensk\u00fdch jed\u00e1l, vhodn\u00fdch pre v\u0161etky vekov\u00e9 kateg\u00f3rie.","og_url":"https:\/\/www.termalymalebielice.com\/sk\/stravovanie\/","og_site_name":"Termaly Male Bielice","article_modified_time":"2025-01-20T09:18:32+00:00","twitter_card":"summary_large_image","twitter_misc":{"Predpokladan\u00fd \u010das \u010d\u00edtania":"1 min\u00fata"},"schema":{"@context":"https:\/\/schema.org","@graph":[{"@type":"WebPage","@id":"https:\/\/www.termalymalebielice.com\/sk\/stravovanie\/","url":"https:\/\/www.termalymalebielice.com\/sk\/stravovanie\/","name":"Re\u0161taur\u00e1cia Term\u00e1ly | Term\u00e1ly Mal\u00e9 Bielice","isPartOf":{"@id":"https:\/\/www.termalymalebielice.com\/sk\/#website"},"datePublished":"2023-12-18T16:38:22+00:00","dateModified":"2025-01-20T09:18:32+00:00","description":"Na\u0161a hotelov\u00e1 re\u0161taur\u00e1cia pon\u00faka modern\u00fa gastron\u00f3miu aj so zachovan\u00edm tradi\u010dn\u00fdch slovensk\u00fdch jed\u00e1l, vhodn\u00fdch pre v\u0161etky vekov\u00e9 kateg\u00f3rie.","breadcrumb":{"@id":"https:\/\/www.termalymalebielice.com\/sk\/stravovanie\/#breadcrumb"},"inLanguage":"sk-SK","potentialAction":[{"@type":"ReadAction","target":["https:\/\/www.termalymalebielice.com\/sk\/stravovanie\/"]}]},{"@type":"BreadcrumbList","@id":"https:\/\/www.termalymalebielice.com\/sk\/stravovanie\/#breadcrumb","itemListElement":[{"@type":"ListItem","position":1,"name":"Home","item":"https:\/\/www.termalymalebielice.com\/sk\/"},{"@type":"ListItem","position":2,"name":"Stravovanie"}]},{"@type":"WebSite","@id":"https:\/\/www.termalymalebielice.com\/sk\/#website","url":"https:\/\/www.termalymalebielice.com\/sk\/","name":"Termaly Male Bielice","description":"","potentialAction":[{"@type":"SearchAction","target":{"@type":"EntryPoint","urlTemplate":"https:\/\/www.termalymalebielice.com\/sk\/?s={search_term_string}"},"query-input":{"@type":"PropertyValueSpecification","valueRequired":true,"valueName":"search_term_string"}}],"inLanguage":"sk-SK"}]}},"acf":[],"_links":{"self":[{"href":"https:\/\/www.termalymalebielice.com\/sk\/wp-json\/wp\/v2\/pages\/214","targetHints":{"allow":["GET"]}}],"collection":[{"href":"https:\/\/www.termalymalebielice.com\/sk\/wp-json\/wp\/v2\/pages"}],"about":[{"href":"https:\/\/www.termalymalebielice.com\/sk\/wp-json\/wp\/v2\/types\/page"}],"author":[{"embeddable":true,"href":"https:\/\/www.termalymalebielice.com\/sk\/wp-json\/wp\/v2\/users\/7"}],"replies":[{"embeddable":true,"href":"https:\/\/www.termalymalebielice.com\/sk\/wp-json\/wp\/v2\/comments?post=214"}],"version-history":[{"count":0,"href":"https:\/\/www.termalymalebielice.com\/sk\/wp-json\/wp\/v2\/pages\/214\/revisions"}],"wp:attachment":[{"href":"https:\/\/www.termalymalebielice.com\/sk\/wp-json\/wp\/v2\/media?parent=214"}],"curies":[{"name":"wp","href":"https:\/\/api.w.org\/{rel}","templated":true}]}}