{"id":468,"date":"2024-01-08T15:40:27","date_gmt":"2024-01-08T15:40:27","guid":{"rendered":"https:\/\/termaly-male-bielice.ms2.decms.eu\/?page_id=468"},"modified":"2026-04-09T13:40:19","modified_gmt":"2026-04-09T13:40:19","slug":"akupressur-gesichtsmassage","status":"publish","type":"page","link":"https:\/\/www.termalymalebielice.com\/de\/wellness-und-spa-center\/massage\/akupressur-gesichtsmassage\/","title":{"rendered":"Akupressur-Gesichtsmassage"},"content":{"rendered":"<p>Die Akupressur-Gesichtsmassage gilt als eines der wirksamsten Verfahren zur Schmerzlinderung und Bek\u00e4mpfung vieler Krankheiten. Dadurch k\u00f6nnen Sie den Gesamtzustand des K\u00f6rpers verbessern und j\u00fcnger aussehen. Dieser Effekt wird durch die einzigartige Wirkung des Normaldrucks auf den K\u00f6rper erreicht.<\/p>\n<p>F\u00fcr Reservierungen kontaktieren Sie bitte unsere Rezeption unter reception@termalymalebielice.com oder telefonisch unter +421 910 100 109.<\/p>\n<p>&nbsp;<\/p>\n","protected":false},"excerpt":{"rendered":"<p>Die Akupressur-Gesichtsmassage gilt als eines der wirksamsten Verfahren zur Schmerzlinderung und Bek\u00e4mpfung vieler Krankheiten. Dadurch k\u00f6nnen Sie den Gesamtzustand des K\u00f6rpers verbessern und j\u00fcnger aussehen. Dieser Effekt wird durch die einzigartige Wirkung des Normaldrucks auf den K\u00f6rper erreicht. F\u00fcr Reservierungen kontaktieren Sie bitte unsere Rezeption unter reception@termalymalebielice.com oder telefonisch unter +421 910 100 109. &nbsp;<\/p>\n","protected":false},"author":7,"featured_media":0,"parent":236,"menu_order":70,"comment_status":"closed","ping_status":"closed","template":"template-single-treatments.php","meta":{"footnotes":""},"class_list":["post-468","page","type-page","status-publish","hentry"],"yoast_head":"<!-- This site is optimized with the Yoast SEO plugin v27.3 - https:\/\/yoast.com\/product\/yoast-seo-wordpress\/ -->\n<title>Akupressur-Gesichtsmassage - Termaly Male Bielice -<\/title>\n<meta name=\"description\" content=\"Die Akupressur-Gesichtsmassage hilft, Schmerzen zu lindern und f\u00f6rdert durch die Druckwirkung auf den K\u00f6rper ein jugendliches Aussehen.\" \/>\n<meta name=\"robots\" content=\"index, follow, max-snippet:-1, max-image-preview:large, max-video-preview:-1\" \/>\n<link rel=\"canonical\" href=\"https:\/\/www.termalymalebielice.com\/de\/wellness-und-spa-center\/massage\/akupressur-gesichtsmassage\/\" \/>\n<meta property=\"og:locale\" content=\"de_DE\" \/>\n<meta property=\"og:type\" content=\"article\" \/>\n<meta property=\"og:title\" content=\"Akupressur-Gesichtsmassage - Termaly Male Bielice -\" \/>\n<meta property=\"og:description\" content=\"Die Akupressur-Gesichtsmassage hilft, Schmerzen zu lindern und f\u00f6rdert durch die Druckwirkung auf den K\u00f6rper ein jugendliches Aussehen.\" \/>\n<meta property=\"og:url\" content=\"https:\/\/www.termalymalebielice.com\/de\/wellness-und-spa-center\/massage\/akupressur-gesichtsmassage\/\" \/>\n<meta property=\"og:site_name\" content=\"Termaly Male Bielice\" \/>\n<meta property=\"article:modified_time\" content=\"2026-04-09T13:40:19+00:00\" \/>\n<meta name=\"twitter:card\" content=\"summary_large_image\" \/>\n<meta name=\"twitter:label1\" content=\"Gesch\u00e4tzte Lesezeit\" \/>\n\t<meta name=\"twitter:data1\" content=\"1 Minute\" \/>\n<script type=\"application\/ld+json\" class=\"yoast-schema-graph\">{\"@context\":\"https:\\\/\\\/schema.org\",\"@graph\":[{\"@type\":\"WebPage\",\"@id\":\"https:\\\/\\\/www.termalymalebielice.com\\\/de\\\/wellness-und-spa-center\\\/massage\\\/akupressur-gesichtsmassage\\\/\",\"url\":\"https:\\\/\\\/www.termalymalebielice.com\\\/de\\\/wellness-und-spa-center\\\/massage\\\/akupressur-gesichtsmassage\\\/\",\"name\":\"Akupressur-Gesichtsmassage - Termaly Male Bielice -\",\"isPartOf\":{\"@id\":\"https:\\\/\\\/www.termalymalebielice.com\\\/de\\\/#website\"},\"datePublished\":\"2024-01-08T15:40:27+00:00\",\"dateModified\":\"2026-04-09T13:40:19+00:00\",\"description\":\"Die Akupressur-Gesichtsmassage hilft, Schmerzen zu lindern und f\u00f6rdert durch die Druckwirkung auf den K\u00f6rper ein jugendliches Aussehen.\",\"breadcrumb\":{\"@id\":\"https:\\\/\\\/www.termalymalebielice.com\\\/de\\\/wellness-und-spa-center\\\/massage\\\/akupressur-gesichtsmassage\\\/#breadcrumb\"},\"inLanguage\":\"de-DE\",\"potentialAction\":[{\"@type\":\"ReadAction\",\"target\":[\"https:\\\/\\\/www.termalymalebielice.com\\\/de\\\/wellness-und-spa-center\\\/massage\\\/akupressur-gesichtsmassage\\\/\"]}]},{\"@type\":\"BreadcrumbList\",\"@id\":\"https:\\\/\\\/www.termalymalebielice.com\\\/de\\\/wellness-und-spa-center\\\/massage\\\/akupressur-gesichtsmassage\\\/#breadcrumb\",\"itemListElement\":[{\"@type\":\"ListItem\",\"position\":1,\"name\":\"Home\",\"item\":\"https:\\\/\\\/www.termalymalebielice.com\\\/de\\\/\"},{\"@type\":\"ListItem\",\"position\":2,\"name\":\"Wellness\",\"item\":\"https:\\\/\\\/www.termalymalebielice.com\\\/de\\\/wellness-und-spa-center\\\/\"},{\"@type\":\"ListItem\",\"position\":3,\"name\":\"Massage\",\"item\":\"https:\\\/\\\/www.termalymalebielice.com\\\/de\\\/wellness-und-spa-center\\\/massage\\\/\"},{\"@type\":\"ListItem\",\"position\":4,\"name\":\"Akupressur-Gesichtsmassage\"}]},{\"@type\":\"WebSite\",\"@id\":\"https:\\\/\\\/www.termalymalebielice.com\\\/de\\\/#website\",\"url\":\"https:\\\/\\\/www.termalymalebielice.com\\\/de\\\/\",\"name\":\"Termaly Male Bielice\",\"description\":\"\",\"potentialAction\":[{\"@type\":\"SearchAction\",\"target\":{\"@type\":\"EntryPoint\",\"urlTemplate\":\"https:\\\/\\\/www.termalymalebielice.com\\\/de\\\/?s={search_term_string}\"},\"query-input\":{\"@type\":\"PropertyValueSpecification\",\"valueRequired\":true,\"valueName\":\"search_term_string\"}}],\"inLanguage\":\"de-DE\"}]}<\/script>\n<!-- \/ Yoast SEO plugin. -->","yoast_head_json":{"title":"Akupressur-Gesichtsmassage - Termaly Male Bielice -","description":"Die Akupressur-Gesichtsmassage hilft, Schmerzen zu lindern und f\u00f6rdert durch die Druckwirkung auf den K\u00f6rper ein jugendliches Aussehen.","robots":{"index":"index","follow":"follow","max-snippet":"max-snippet:-1","max-image-preview":"max-image-preview:large","max-video-preview":"max-video-preview:-1"},"canonical":"https:\/\/www.termalymalebielice.com\/de\/wellness-und-spa-center\/massage\/akupressur-gesichtsmassage\/","og_locale":"de_DE","og_type":"article","og_title":"Akupressur-Gesichtsmassage - Termaly Male Bielice -","og_description":"Die Akupressur-Gesichtsmassage hilft, Schmerzen zu lindern und f\u00f6rdert durch die Druckwirkung auf den K\u00f6rper ein jugendliches Aussehen.","og_url":"https:\/\/www.termalymalebielice.com\/de\/wellness-und-spa-center\/massage\/akupressur-gesichtsmassage\/","og_site_name":"Termaly Male Bielice","article_modified_time":"2026-04-09T13:40:19+00:00","twitter_card":"summary_large_image","twitter_misc":{"Gesch\u00e4tzte Lesezeit":"1 Minute"},"schema":{"@context":"https:\/\/schema.org","@graph":[{"@type":"WebPage","@id":"https:\/\/www.termalymalebielice.com\/de\/wellness-und-spa-center\/massage\/akupressur-gesichtsmassage\/","url":"https:\/\/www.termalymalebielice.com\/de\/wellness-und-spa-center\/massage\/akupressur-gesichtsmassage\/","name":"Akupressur-Gesichtsmassage - Termaly Male Bielice -","isPartOf":{"@id":"https:\/\/www.termalymalebielice.com\/de\/#website"},"datePublished":"2024-01-08T15:40:27+00:00","dateModified":"2026-04-09T13:40:19+00:00","description":"Die Akupressur-Gesichtsmassage hilft, Schmerzen zu lindern und f\u00f6rdert durch die Druckwirkung auf den K\u00f6rper ein jugendliches Aussehen.","breadcrumb":{"@id":"https:\/\/www.termalymalebielice.com\/de\/wellness-und-spa-center\/massage\/akupressur-gesichtsmassage\/#breadcrumb"},"inLanguage":"de-DE","potentialAction":[{"@type":"ReadAction","target":["https:\/\/www.termalymalebielice.com\/de\/wellness-und-spa-center\/massage\/akupressur-gesichtsmassage\/"]}]},{"@type":"BreadcrumbList","@id":"https:\/\/www.termalymalebielice.com\/de\/wellness-und-spa-center\/massage\/akupressur-gesichtsmassage\/#breadcrumb","itemListElement":[{"@type":"ListItem","position":1,"name":"Home","item":"https:\/\/www.termalymalebielice.com\/de\/"},{"@type":"ListItem","position":2,"name":"Wellness","item":"https:\/\/www.termalymalebielice.com\/de\/wellness-und-spa-center\/"},{"@type":"ListItem","position":3,"name":"Massage","item":"https:\/\/www.termalymalebielice.com\/de\/wellness-und-spa-center\/massage\/"},{"@type":"ListItem","position":4,"name":"Akupressur-Gesichtsmassage"}]},{"@type":"WebSite","@id":"https:\/\/www.termalymalebielice.com\/de\/#website","url":"https:\/\/www.termalymalebielice.com\/de\/","name":"Termaly Male Bielice","description":"","potentialAction":[{"@type":"SearchAction","target":{"@type":"EntryPoint","urlTemplate":"https:\/\/www.termalymalebielice.com\/de\/?s={search_term_string}"},"query-input":{"@type":"PropertyValueSpecification","valueRequired":true,"valueName":"search_term_string"}}],"inLanguage":"de-DE"}]}},"acf":[],"_links":{"self":[{"href":"https:\/\/www.termalymalebielice.com\/de\/wp-json\/wp\/v2\/pages\/468","targetHints":{"allow":["GET"]}}],"collection":[{"href":"https:\/\/www.termalymalebielice.com\/de\/wp-json\/wp\/v2\/pages"}],"about":[{"href":"https:\/\/www.termalymalebielice.com\/de\/wp-json\/wp\/v2\/types\/page"}],"author":[{"embeddable":true,"href":"https:\/\/www.termalymalebielice.com\/de\/wp-json\/wp\/v2\/users\/7"}],"replies":[{"embeddable":true,"href":"https:\/\/www.termalymalebielice.com\/de\/wp-json\/wp\/v2\/comments?post=468"}],"version-history":[{"count":0,"href":"https:\/\/www.termalymalebielice.com\/de\/wp-json\/wp\/v2\/pages\/468\/revisions"}],"up":[{"embeddable":true,"href":"https:\/\/www.termalymalebielice.com\/de\/wp-json\/wp\/v2\/pages\/236"}],"wp:attachment":[{"href":"https:\/\/www.termalymalebielice.com\/de\/wp-json\/wp\/v2\/media?parent=468"}],"curies":[{"name":"wp","href":"https:\/\/api.w.org\/{rel}","templated":true}]}}