{"id":462,"date":"2024-01-08T15:37:18","date_gmt":"2024-01-08T15:37:18","guid":{"rendered":"https:\/\/termaly-male-bielice.ms2.decms.eu\/?page_id=462"},"modified":"2026-04-09T13:39:14","modified_gmt":"2026-04-09T13:39:14","slug":"massage-mit-lavasteinen","status":"publish","type":"page","link":"https:\/\/www.termalymalebielice.com\/de\/wellness-und-spa-center\/massage\/massage-mit-lavasteinen\/","title":{"rendered":"Massage mit Lavasteinen"},"content":{"rendered":"<p>Es wird mit runden Basaltsteinen massiert, die auf eine Temperatur von 70\u00b0C erhitzt werden. Lavasteine \u200b\u200bharmonisieren den menschlichen K\u00f6rper, entfernen negative Energie, beseitigen Muskelschmerzen, verbessern die Durchblutung, unterst\u00fctzen die Entgiftung und haben eine deutlich tonisierende Wirkung. Wirkung der Massage: regt die Durchblutung und das Lymphsystem an, \u00fcberhitzt allm\u00e4hlich den ganzen K\u00f6rper, hilft bei der Entgiftung des K\u00f6rpers, gleicht die Energie im K\u00f6rper aus.\\<\/p>\n<p>F\u00fcr Reservierungen kontaktieren Sie bitte unsere Rezeption unter reception@termalymalebielice.com oder telefonisch unter +421 910 100 109.<\/p>\n<p>&nbsp;<\/p>\n","protected":false},"excerpt":{"rendered":"<p>Es wird mit runden Basaltsteinen massiert, die auf eine Temperatur von 70\u00b0C erhitzt werden. Lavasteine \u200b\u200bharmonisieren den menschlichen K\u00f6rper, entfernen negative Energie, beseitigen Muskelschmerzen, verbessern die Durchblutung, unterst\u00fctzen die Entgiftung und haben eine deutlich tonisierende Wirkung. Wirkung der Massage: regt die Durchblutung und das Lymphsystem an, \u00fcberhitzt allm\u00e4hlich den ganzen K\u00f6rper, hilft bei der Entgiftung [&hellip;]<\/p>\n","protected":false},"author":7,"featured_media":0,"parent":236,"menu_order":40,"comment_status":"closed","ping_status":"closed","template":"template-single-treatments.php","meta":{"footnotes":""},"class_list":["post-462","page","type-page","status-publish","hentry"],"yoast_head":"<!-- This site is optimized with the Yoast SEO plugin v27.3 - https:\/\/yoast.com\/product\/yoast-seo-wordpress\/ -->\n<title>Massage mit Lavasteinen - Termaly Male Bielice -<\/title>\n<meta name=\"description\" content=\"Die Massage mit hei\u00dfen Basaltsteinen verbessert die Durchblutung, entgiftet, lindert Muskelschmerzen und harmonisiert die Energie des K\u00f6rpers.\" \/>\n<meta name=\"robots\" content=\"index, follow, max-snippet:-1, max-image-preview:large, max-video-preview:-1\" \/>\n<link rel=\"canonical\" href=\"https:\/\/www.termalymalebielice.com\/de\/wellness-und-spa-center\/massage\/massage-mit-lavasteinen\/\" \/>\n<meta property=\"og:locale\" content=\"de_DE\" \/>\n<meta property=\"og:type\" content=\"article\" \/>\n<meta property=\"og:title\" content=\"Massage mit Lavasteinen - Termaly Male Bielice -\" \/>\n<meta property=\"og:description\" content=\"Die Massage mit hei\u00dfen Basaltsteinen verbessert die Durchblutung, entgiftet, lindert Muskelschmerzen und harmonisiert die Energie des K\u00f6rpers.\" \/>\n<meta property=\"og:url\" content=\"https:\/\/www.termalymalebielice.com\/de\/wellness-und-spa-center\/massage\/massage-mit-lavasteinen\/\" \/>\n<meta property=\"og:site_name\" content=\"Termaly Male Bielice\" \/>\n<meta property=\"article:modified_time\" content=\"2026-04-09T13:39:14+00:00\" \/>\n<meta name=\"twitter:card\" content=\"summary_large_image\" \/>\n<meta name=\"twitter:label1\" content=\"Gesch\u00e4tzte Lesezeit\" \/>\n\t<meta name=\"twitter:data1\" content=\"1 Minute\" \/>\n<script type=\"application\/ld+json\" class=\"yoast-schema-graph\">{\"@context\":\"https:\\\/\\\/schema.org\",\"@graph\":[{\"@type\":\"WebPage\",\"@id\":\"https:\\\/\\\/www.termalymalebielice.com\\\/de\\\/wellness-und-spa-center\\\/massage\\\/massage-mit-lavasteinen\\\/\",\"url\":\"https:\\\/\\\/www.termalymalebielice.com\\\/de\\\/wellness-und-spa-center\\\/massage\\\/massage-mit-lavasteinen\\\/\",\"name\":\"Massage mit Lavasteinen - Termaly Male Bielice -\",\"isPartOf\":{\"@id\":\"https:\\\/\\\/www.termalymalebielice.com\\\/de\\\/#website\"},\"datePublished\":\"2024-01-08T15:37:18+00:00\",\"dateModified\":\"2026-04-09T13:39:14+00:00\",\"description\":\"Die Massage mit hei\u00dfen Basaltsteinen verbessert die Durchblutung, entgiftet, lindert Muskelschmerzen und harmonisiert die Energie des K\u00f6rpers.\",\"breadcrumb\":{\"@id\":\"https:\\\/\\\/www.termalymalebielice.com\\\/de\\\/wellness-und-spa-center\\\/massage\\\/massage-mit-lavasteinen\\\/#breadcrumb\"},\"inLanguage\":\"de-DE\",\"potentialAction\":[{\"@type\":\"ReadAction\",\"target\":[\"https:\\\/\\\/www.termalymalebielice.com\\\/de\\\/wellness-und-spa-center\\\/massage\\\/massage-mit-lavasteinen\\\/\"]}]},{\"@type\":\"BreadcrumbList\",\"@id\":\"https:\\\/\\\/www.termalymalebielice.com\\\/de\\\/wellness-und-spa-center\\\/massage\\\/massage-mit-lavasteinen\\\/#breadcrumb\",\"itemListElement\":[{\"@type\":\"ListItem\",\"position\":1,\"name\":\"Home\",\"item\":\"https:\\\/\\\/www.termalymalebielice.com\\\/de\\\/\"},{\"@type\":\"ListItem\",\"position\":2,\"name\":\"Wellness\",\"item\":\"https:\\\/\\\/www.termalymalebielice.com\\\/de\\\/wellness-und-spa-center\\\/\"},{\"@type\":\"ListItem\",\"position\":3,\"name\":\"Massage\",\"item\":\"https:\\\/\\\/www.termalymalebielice.com\\\/de\\\/wellness-und-spa-center\\\/massage\\\/\"},{\"@type\":\"ListItem\",\"position\":4,\"name\":\"Massage mit Lavasteinen\"}]},{\"@type\":\"WebSite\",\"@id\":\"https:\\\/\\\/www.termalymalebielice.com\\\/de\\\/#website\",\"url\":\"https:\\\/\\\/www.termalymalebielice.com\\\/de\\\/\",\"name\":\"Termaly Male Bielice\",\"description\":\"\",\"potentialAction\":[{\"@type\":\"SearchAction\",\"target\":{\"@type\":\"EntryPoint\",\"urlTemplate\":\"https:\\\/\\\/www.termalymalebielice.com\\\/de\\\/?s={search_term_string}\"},\"query-input\":{\"@type\":\"PropertyValueSpecification\",\"valueRequired\":true,\"valueName\":\"search_term_string\"}}],\"inLanguage\":\"de-DE\"}]}<\/script>\n<!-- \/ Yoast SEO plugin. -->","yoast_head_json":{"title":"Massage mit Lavasteinen - Termaly Male Bielice -","description":"Die Massage mit hei\u00dfen Basaltsteinen verbessert die Durchblutung, entgiftet, lindert Muskelschmerzen und harmonisiert die Energie des K\u00f6rpers.","robots":{"index":"index","follow":"follow","max-snippet":"max-snippet:-1","max-image-preview":"max-image-preview:large","max-video-preview":"max-video-preview:-1"},"canonical":"https:\/\/www.termalymalebielice.com\/de\/wellness-und-spa-center\/massage\/massage-mit-lavasteinen\/","og_locale":"de_DE","og_type":"article","og_title":"Massage mit Lavasteinen - Termaly Male Bielice -","og_description":"Die Massage mit hei\u00dfen Basaltsteinen verbessert die Durchblutung, entgiftet, lindert Muskelschmerzen und harmonisiert die Energie des K\u00f6rpers.","og_url":"https:\/\/www.termalymalebielice.com\/de\/wellness-und-spa-center\/massage\/massage-mit-lavasteinen\/","og_site_name":"Termaly Male Bielice","article_modified_time":"2026-04-09T13:39:14+00:00","twitter_card":"summary_large_image","twitter_misc":{"Gesch\u00e4tzte Lesezeit":"1 Minute"},"schema":{"@context":"https:\/\/schema.org","@graph":[{"@type":"WebPage","@id":"https:\/\/www.termalymalebielice.com\/de\/wellness-und-spa-center\/massage\/massage-mit-lavasteinen\/","url":"https:\/\/www.termalymalebielice.com\/de\/wellness-und-spa-center\/massage\/massage-mit-lavasteinen\/","name":"Massage mit Lavasteinen - Termaly Male Bielice -","isPartOf":{"@id":"https:\/\/www.termalymalebielice.com\/de\/#website"},"datePublished":"2024-01-08T15:37:18+00:00","dateModified":"2026-04-09T13:39:14+00:00","description":"Die Massage mit hei\u00dfen Basaltsteinen verbessert die Durchblutung, entgiftet, lindert Muskelschmerzen und harmonisiert die Energie des K\u00f6rpers.","breadcrumb":{"@id":"https:\/\/www.termalymalebielice.com\/de\/wellness-und-spa-center\/massage\/massage-mit-lavasteinen\/#breadcrumb"},"inLanguage":"de-DE","potentialAction":[{"@type":"ReadAction","target":["https:\/\/www.termalymalebielice.com\/de\/wellness-und-spa-center\/massage\/massage-mit-lavasteinen\/"]}]},{"@type":"BreadcrumbList","@id":"https:\/\/www.termalymalebielice.com\/de\/wellness-und-spa-center\/massage\/massage-mit-lavasteinen\/#breadcrumb","itemListElement":[{"@type":"ListItem","position":1,"name":"Home","item":"https:\/\/www.termalymalebielice.com\/de\/"},{"@type":"ListItem","position":2,"name":"Wellness","item":"https:\/\/www.termalymalebielice.com\/de\/wellness-und-spa-center\/"},{"@type":"ListItem","position":3,"name":"Massage","item":"https:\/\/www.termalymalebielice.com\/de\/wellness-und-spa-center\/massage\/"},{"@type":"ListItem","position":4,"name":"Massage mit Lavasteinen"}]},{"@type":"WebSite","@id":"https:\/\/www.termalymalebielice.com\/de\/#website","url":"https:\/\/www.termalymalebielice.com\/de\/","name":"Termaly Male Bielice","description":"","potentialAction":[{"@type":"SearchAction","target":{"@type":"EntryPoint","urlTemplate":"https:\/\/www.termalymalebielice.com\/de\/?s={search_term_string}"},"query-input":{"@type":"PropertyValueSpecification","valueRequired":true,"valueName":"search_term_string"}}],"inLanguage":"de-DE"}]}},"acf":[],"_links":{"self":[{"href":"https:\/\/www.termalymalebielice.com\/de\/wp-json\/wp\/v2\/pages\/462","targetHints":{"allow":["GET"]}}],"collection":[{"href":"https:\/\/www.termalymalebielice.com\/de\/wp-json\/wp\/v2\/pages"}],"about":[{"href":"https:\/\/www.termalymalebielice.com\/de\/wp-json\/wp\/v2\/types\/page"}],"author":[{"embeddable":true,"href":"https:\/\/www.termalymalebielice.com\/de\/wp-json\/wp\/v2\/users\/7"}],"replies":[{"embeddable":true,"href":"https:\/\/www.termalymalebielice.com\/de\/wp-json\/wp\/v2\/comments?post=462"}],"version-history":[{"count":0,"href":"https:\/\/www.termalymalebielice.com\/de\/wp-json\/wp\/v2\/pages\/462\/revisions"}],"up":[{"embeddable":true,"href":"https:\/\/www.termalymalebielice.com\/de\/wp-json\/wp\/v2\/pages\/236"}],"wp:attachment":[{"href":"https:\/\/www.termalymalebielice.com\/de\/wp-json\/wp\/v2\/media?parent=462"}],"curies":[{"name":"wp","href":"https:\/\/api.w.org\/{rel}","templated":true}]}}