{"id":274,"date":"2023-12-21T16:46:40","date_gmt":"2023-12-21T16:46:40","guid":{"rendered":"https:\/\/termaly-male-bielice.ms2.decms.eu\/?page_id=274"},"modified":"2025-05-20T09:11:44","modified_gmt":"2025-05-20T09:11:44","slug":"impressum","status":"publish","type":"page","link":"https:\/\/www.termalymalebielice.com\/de\/impressum\/","title":{"rendered":"Impressum"},"content":{"rendered":"<p style=\"text-align: center\">WWW.TERMALYMALEBIELICE.COM<br \/>\nIst eine Internetdom\u00e4ne im Besitz von AQUALAND Mal\u00e9 Bielice, s.r.o.<br \/>\nKontaktinformationen:<br \/>\nAQUALAND Mal\u00e9 Bielice, s.r.o.<br \/>\nmit reg. Adresse K\u00fapeln\u00e1 103-105<br \/>\nPartiz\u00e1nske 958 04, unter Reg. Nummer 44 414 340<br \/>\nvertreten durch: Michal Chour \u2013 Gesch\u00e4ftsf\u00fchrer<br \/>\nFirmen-ID: 44 414 340 Steuer-ID: 2022685324<br \/>\nAQUALAND MAL\u00c9 BIELICE S.R.O. @ ALLE RECHTE VORBEHALTEN<\/p>\n","protected":false},"excerpt":{"rendered":"<p>WWW.TERMALYMALEBIELICE.COM Ist eine Internetdom\u00e4ne im Besitz von AQUALAND Mal\u00e9 Bielice, s.r.o. Kontaktinformationen: AQUALAND Mal\u00e9 Bielice, s.r.o. mit reg. Adresse K\u00fapeln\u00e1 103-105 Partiz\u00e1nske 958 04, unter Reg. Nummer 44 414 340 vertreten durch: Michal Chour \u2013 Gesch\u00e4ftsf\u00fchrer Firmen-ID: 44 414 340 Steuer-ID: 2022685324 AQUALAND MAL\u00c9 BIELICE S.R.O. @ ALLE RECHTE VORBEHALTEN<\/p>\n","protected":false},"author":7,"featured_media":0,"parent":0,"menu_order":140,"comment_status":"closed","ping_status":"closed","template":"template-privacy.php","meta":{"footnotes":""},"yoast_head":"<!-- This site is optimized with the Yoast SEO plugin v22.3 - https:\/\/yoast.com\/wordpress\/plugins\/seo\/ -->\n<title>Impressum - Termaly Male Bielice -<\/title>\n<meta name=\"description\" content=\"Internet-Domain AQUALAND Mal\u00e9 Bielice, s.r.o., Kontakte und Grunddaten der Gesellschaft. Alle Rechte vorbehalten.\" \/>\n<meta name=\"robots\" content=\"index, follow, max-snippet:-1, max-image-preview:large, max-video-preview:-1\" \/>\n<link rel=\"canonical\" href=\"https:\/\/www.termalymalebielice.com\/de\/impressum\/\" \/>\n<meta property=\"og:locale\" content=\"de_DE\" \/>\n<meta property=\"og:type\" content=\"article\" \/>\n<meta property=\"og:title\" content=\"Impressum - Termaly Male Bielice -\" \/>\n<meta property=\"og:description\" content=\"Internet-Domain AQUALAND Mal\u00e9 Bielice, s.r.o., Kontakte und Grunddaten der Gesellschaft. Alle Rechte vorbehalten.\" \/>\n<meta property=\"og:url\" content=\"https:\/\/www.termalymalebielice.com\/de\/impressum\/\" \/>\n<meta property=\"og:site_name\" content=\"Termaly Male Bielice\" \/>\n<meta property=\"article:modified_time\" content=\"2025-05-20T09:11:44+00:00\" \/>\n<meta name=\"twitter:card\" content=\"summary_large_image\" \/>\n<meta name=\"twitter:label1\" content=\"Gesch\u00e4tzte Lesezeit\" \/>\n\t<meta name=\"twitter:data1\" content=\"1 Minute\" \/>\n<script type=\"application\/ld+json\" class=\"yoast-schema-graph\">{\"@context\":\"https:\/\/schema.org\",\"@graph\":[{\"@type\":\"WebPage\",\"@id\":\"https:\/\/www.termalymalebielice.com\/de\/impressum\/\",\"url\":\"https:\/\/www.termalymalebielice.com\/de\/impressum\/\",\"name\":\"Impressum - Termaly Male Bielice -\",\"isPartOf\":{\"@id\":\"https:\/\/www.termalymalebielice.com\/de\/#website\"},\"datePublished\":\"2023-12-21T16:46:40+00:00\",\"dateModified\":\"2025-05-20T09:11:44+00:00\",\"description\":\"Internet-Domain AQUALAND Mal\u00e9 Bielice, s.r.o., Kontakte und Grunddaten der Gesellschaft. Alle Rechte vorbehalten.\",\"breadcrumb\":{\"@id\":\"https:\/\/www.termalymalebielice.com\/de\/impressum\/#breadcrumb\"},\"inLanguage\":\"de-DE\",\"potentialAction\":[{\"@type\":\"ReadAction\",\"target\":[\"https:\/\/www.termalymalebielice.com\/de\/impressum\/\"]}]},{\"@type\":\"BreadcrumbList\",\"@id\":\"https:\/\/www.termalymalebielice.com\/de\/impressum\/#breadcrumb\",\"itemListElement\":[{\"@type\":\"ListItem\",\"position\":1,\"name\":\"Home\",\"item\":\"https:\/\/www.termalymalebielice.com\/de\/\"},{\"@type\":\"ListItem\",\"position\":2,\"name\":\"Impressum\"}]},{\"@type\":\"WebSite\",\"@id\":\"https:\/\/www.termalymalebielice.com\/de\/#website\",\"url\":\"https:\/\/www.termalymalebielice.com\/de\/\",\"name\":\"Termaly Male Bielice\",\"description\":\"\",\"potentialAction\":[{\"@type\":\"SearchAction\",\"target\":{\"@type\":\"EntryPoint\",\"urlTemplate\":\"https:\/\/www.termalymalebielice.com\/de\/?s={search_term_string}\"},\"query-input\":\"required name=search_term_string\"}],\"inLanguage\":\"de-DE\"}]}<\/script>\n<!-- \/ Yoast SEO plugin. -->","yoast_head_json":{"title":"Impressum - Termaly Male Bielice -","description":"Internet-Domain AQUALAND Mal\u00e9 Bielice, s.r.o., Kontakte und Grunddaten der Gesellschaft. Alle Rechte vorbehalten.","robots":{"index":"index","follow":"follow","max-snippet":"max-snippet:-1","max-image-preview":"max-image-preview:large","max-video-preview":"max-video-preview:-1"},"canonical":"https:\/\/www.termalymalebielice.com\/de\/impressum\/","og_locale":"de_DE","og_type":"article","og_title":"Impressum - Termaly Male Bielice -","og_description":"Internet-Domain AQUALAND Mal\u00e9 Bielice, s.r.o., Kontakte und Grunddaten der Gesellschaft. Alle Rechte vorbehalten.","og_url":"https:\/\/www.termalymalebielice.com\/de\/impressum\/","og_site_name":"Termaly Male Bielice","article_modified_time":"2025-05-20T09:11:44+00:00","twitter_card":"summary_large_image","twitter_misc":{"Gesch\u00e4tzte Lesezeit":"1 Minute"},"schema":{"@context":"https:\/\/schema.org","@graph":[{"@type":"WebPage","@id":"https:\/\/www.termalymalebielice.com\/de\/impressum\/","url":"https:\/\/www.termalymalebielice.com\/de\/impressum\/","name":"Impressum - Termaly Male Bielice -","isPartOf":{"@id":"https:\/\/www.termalymalebielice.com\/de\/#website"},"datePublished":"2023-12-21T16:46:40+00:00","dateModified":"2025-05-20T09:11:44+00:00","description":"Internet-Domain AQUALAND Mal\u00e9 Bielice, s.r.o., Kontakte und Grunddaten der Gesellschaft. Alle Rechte vorbehalten.","breadcrumb":{"@id":"https:\/\/www.termalymalebielice.com\/de\/impressum\/#breadcrumb"},"inLanguage":"de-DE","potentialAction":[{"@type":"ReadAction","target":["https:\/\/www.termalymalebielice.com\/de\/impressum\/"]}]},{"@type":"BreadcrumbList","@id":"https:\/\/www.termalymalebielice.com\/de\/impressum\/#breadcrumb","itemListElement":[{"@type":"ListItem","position":1,"name":"Home","item":"https:\/\/www.termalymalebielice.com\/de\/"},{"@type":"ListItem","position":2,"name":"Impressum"}]},{"@type":"WebSite","@id":"https:\/\/www.termalymalebielice.com\/de\/#website","url":"https:\/\/www.termalymalebielice.com\/de\/","name":"Termaly Male Bielice","description":"","potentialAction":[{"@type":"SearchAction","target":{"@type":"EntryPoint","urlTemplate":"https:\/\/www.termalymalebielice.com\/de\/?s={search_term_string}"},"query-input":"required name=search_term_string"}],"inLanguage":"de-DE"}]}},"acf":[],"_links":{"self":[{"href":"https:\/\/www.termalymalebielice.com\/de\/wp-json\/wp\/v2\/pages\/274"}],"collection":[{"href":"https:\/\/www.termalymalebielice.com\/de\/wp-json\/wp\/v2\/pages"}],"about":[{"href":"https:\/\/www.termalymalebielice.com\/de\/wp-json\/wp\/v2\/types\/page"}],"author":[{"embeddable":true,"href":"https:\/\/www.termalymalebielice.com\/de\/wp-json\/wp\/v2\/users\/7"}],"replies":[{"embeddable":true,"href":"https:\/\/www.termalymalebielice.com\/de\/wp-json\/wp\/v2\/comments?post=274"}],"version-history":[{"count":0,"href":"https:\/\/www.termalymalebielice.com\/de\/wp-json\/wp\/v2\/pages\/274\/revisions"}],"wp:attachment":[{"href":"https:\/\/www.termalymalebielice.com\/de\/wp-json\/wp\/v2\/media?parent=274"}],"curies":[{"name":"wp","href":"https:\/\/api.w.org\/{rel}","templated":true}]}}