{"id":268,"date":"2023-12-22T09:58:58","date_gmt":"2023-12-22T09:58:58","guid":{"rendered":"https:\/\/termaly-male-bielice.ms2.decms.eu\/?page_id=268"},"modified":"2025-05-20T09:05:44","modified_gmt":"2025-05-20T09:05:44","slug":"bewertungen-von-hotelgaesten","status":"publish","type":"page","link":"https:\/\/www.termalymalebielice.com\/de\/bewertungen-von-hotelgaesten\/","title":{"rendered":"Bewertungen von Hotelg\u00e4sten"},"content":{"rendered":"<p style=\"text-align: center\">Das Feedback unserer G\u00e4ste ist f\u00fcr unser Unternehmen von unsch\u00e4tzbarem Wert. Wir nehmen das Feedback unserer G\u00e4ste ernst und nutzen es, um unsere Dienstleistungen zu verbessern und sicherzustellen, dass sich unsere G\u00e4ste w\u00e4hrend ihres gesamten Aufenthalts im Herzen von Term\u00e1ly Mal\u00e9 Bielice wohl f\u00fchlen. Wir freuen uns von Ihnen zu h\u00f6ren. Bitte teilen Sie uns jedes Detail Ihres Aufenthalts mit.<\/p>\n<p style=\"text-align: center\">Sie k\u00f6nnen uns kontaktieren, indem Sie eine E-Mail an info@termalymalebielice.sk senden oder uns Ihren Kommentar auf Tripadvisor, Booking.com oder Google hinterlassen.<\/p>\n","protected":false},"excerpt":{"rendered":"<p>Das Feedback unserer G\u00e4ste ist f\u00fcr unser Unternehmen von unsch\u00e4tzbarem Wert. Wir nehmen das Feedback unserer G\u00e4ste ernst und nutzen es, um unsere Dienstleistungen zu verbessern und sicherzustellen, dass sich unsere G\u00e4ste w\u00e4hrend ihres gesamten Aufenthalts im Herzen von Term\u00e1ly Mal\u00e9 Bielice wohl f\u00fchlen. Wir freuen uns von Ihnen zu h\u00f6ren. Bitte teilen Sie uns [&hellip;]<\/p>\n","protected":false},"author":7,"featured_media":0,"parent":0,"menu_order":115,"comment_status":"closed","ping_status":"closed","template":"template-guest-review.php","meta":{"footnotes":""},"yoast_head":"<!-- This site is optimized with the Yoast SEO plugin v22.3 - https:\/\/yoast.com\/wordpress\/plugins\/seo\/ -->\n<title>Bewertungen von Hotelg\u00e4sten - Termaly Male Bielice -<\/title>\n<meta name=\"description\" content=\"Das Feedback unserer G\u00e4ste ist f\u00fcr uns sehr wichtig. Kontaktieren Sie uns \u00fcber info@termalymalebielice.sk, Tripadvisor, Booking oder Google.\" \/>\n<meta name=\"robots\" content=\"index, follow, max-snippet:-1, max-image-preview:large, max-video-preview:-1\" \/>\n<link rel=\"canonical\" href=\"https:\/\/www.termalymalebielice.com\/de\/bewertungen-von-hotelgaesten\/\" \/>\n<meta property=\"og:locale\" content=\"de_DE\" \/>\n<meta property=\"og:type\" content=\"article\" \/>\n<meta property=\"og:title\" content=\"Bewertungen von Hotelg\u00e4sten - Termaly Male Bielice -\" \/>\n<meta property=\"og:description\" content=\"Das Feedback unserer G\u00e4ste ist f\u00fcr uns sehr wichtig. Kontaktieren Sie uns \u00fcber info@termalymalebielice.sk, Tripadvisor, Booking oder Google.\" \/>\n<meta property=\"og:url\" content=\"https:\/\/www.termalymalebielice.com\/de\/bewertungen-von-hotelgaesten\/\" \/>\n<meta property=\"og:site_name\" content=\"Termaly Male Bielice\" \/>\n<meta property=\"article:modified_time\" content=\"2025-05-20T09:05:44+00:00\" \/>\n<meta name=\"twitter:card\" content=\"summary_large_image\" \/>\n<meta name=\"twitter:label1\" content=\"Gesch\u00e4tzte Lesezeit\" \/>\n\t<meta name=\"twitter:data1\" content=\"1 Minute\" \/>\n<script type=\"application\/ld+json\" class=\"yoast-schema-graph\">{\"@context\":\"https:\/\/schema.org\",\"@graph\":[{\"@type\":\"WebPage\",\"@id\":\"https:\/\/www.termalymalebielice.com\/de\/bewertungen-von-hotelgaesten\/\",\"url\":\"https:\/\/www.termalymalebielice.com\/de\/bewertungen-von-hotelgaesten\/\",\"name\":\"Bewertungen von Hotelg\u00e4sten - Termaly Male Bielice -\",\"isPartOf\":{\"@id\":\"https:\/\/www.termalymalebielice.com\/de\/#website\"},\"datePublished\":\"2023-12-22T09:58:58+00:00\",\"dateModified\":\"2025-05-20T09:05:44+00:00\",\"description\":\"Das Feedback unserer G\u00e4ste ist f\u00fcr uns sehr wichtig. Kontaktieren Sie uns \u00fcber info@termalymalebielice.sk, Tripadvisor, Booking oder Google.\",\"breadcrumb\":{\"@id\":\"https:\/\/www.termalymalebielice.com\/de\/bewertungen-von-hotelgaesten\/#breadcrumb\"},\"inLanguage\":\"de-DE\",\"potentialAction\":[{\"@type\":\"ReadAction\",\"target\":[\"https:\/\/www.termalymalebielice.com\/de\/bewertungen-von-hotelgaesten\/\"]}]},{\"@type\":\"BreadcrumbList\",\"@id\":\"https:\/\/www.termalymalebielice.com\/de\/bewertungen-von-hotelgaesten\/#breadcrumb\",\"itemListElement\":[{\"@type\":\"ListItem\",\"position\":1,\"name\":\"Home\",\"item\":\"https:\/\/www.termalymalebielice.com\/de\/\"},{\"@type\":\"ListItem\",\"position\":2,\"name\":\"Bewertungen von Hotelg\u00e4sten\"}]},{\"@type\":\"WebSite\",\"@id\":\"https:\/\/www.termalymalebielice.com\/de\/#website\",\"url\":\"https:\/\/www.termalymalebielice.com\/de\/\",\"name\":\"Termaly Male Bielice\",\"description\":\"\",\"potentialAction\":[{\"@type\":\"SearchAction\",\"target\":{\"@type\":\"EntryPoint\",\"urlTemplate\":\"https:\/\/www.termalymalebielice.com\/de\/?s={search_term_string}\"},\"query-input\":\"required name=search_term_string\"}],\"inLanguage\":\"de-DE\"}]}<\/script>\n<!-- \/ Yoast SEO plugin. -->","yoast_head_json":{"title":"Bewertungen von Hotelg\u00e4sten - Termaly Male Bielice -","description":"Das Feedback unserer G\u00e4ste ist f\u00fcr uns sehr wichtig. Kontaktieren Sie uns \u00fcber info@termalymalebielice.sk, Tripadvisor, Booking oder Google.","robots":{"index":"index","follow":"follow","max-snippet":"max-snippet:-1","max-image-preview":"max-image-preview:large","max-video-preview":"max-video-preview:-1"},"canonical":"https:\/\/www.termalymalebielice.com\/de\/bewertungen-von-hotelgaesten\/","og_locale":"de_DE","og_type":"article","og_title":"Bewertungen von Hotelg\u00e4sten - Termaly Male Bielice -","og_description":"Das Feedback unserer G\u00e4ste ist f\u00fcr uns sehr wichtig. Kontaktieren Sie uns \u00fcber info@termalymalebielice.sk, Tripadvisor, Booking oder Google.","og_url":"https:\/\/www.termalymalebielice.com\/de\/bewertungen-von-hotelgaesten\/","og_site_name":"Termaly Male Bielice","article_modified_time":"2025-05-20T09:05:44+00:00","twitter_card":"summary_large_image","twitter_misc":{"Gesch\u00e4tzte Lesezeit":"1 Minute"},"schema":{"@context":"https:\/\/schema.org","@graph":[{"@type":"WebPage","@id":"https:\/\/www.termalymalebielice.com\/de\/bewertungen-von-hotelgaesten\/","url":"https:\/\/www.termalymalebielice.com\/de\/bewertungen-von-hotelgaesten\/","name":"Bewertungen von Hotelg\u00e4sten - Termaly Male Bielice -","isPartOf":{"@id":"https:\/\/www.termalymalebielice.com\/de\/#website"},"datePublished":"2023-12-22T09:58:58+00:00","dateModified":"2025-05-20T09:05:44+00:00","description":"Das Feedback unserer G\u00e4ste ist f\u00fcr uns sehr wichtig. Kontaktieren Sie uns \u00fcber info@termalymalebielice.sk, Tripadvisor, Booking oder Google.","breadcrumb":{"@id":"https:\/\/www.termalymalebielice.com\/de\/bewertungen-von-hotelgaesten\/#breadcrumb"},"inLanguage":"de-DE","potentialAction":[{"@type":"ReadAction","target":["https:\/\/www.termalymalebielice.com\/de\/bewertungen-von-hotelgaesten\/"]}]},{"@type":"BreadcrumbList","@id":"https:\/\/www.termalymalebielice.com\/de\/bewertungen-von-hotelgaesten\/#breadcrumb","itemListElement":[{"@type":"ListItem","position":1,"name":"Home","item":"https:\/\/www.termalymalebielice.com\/de\/"},{"@type":"ListItem","position":2,"name":"Bewertungen von Hotelg\u00e4sten"}]},{"@type":"WebSite","@id":"https:\/\/www.termalymalebielice.com\/de\/#website","url":"https:\/\/www.termalymalebielice.com\/de\/","name":"Termaly Male Bielice","description":"","potentialAction":[{"@type":"SearchAction","target":{"@type":"EntryPoint","urlTemplate":"https:\/\/www.termalymalebielice.com\/de\/?s={search_term_string}"},"query-input":"required name=search_term_string"}],"inLanguage":"de-DE"}]}},"acf":[],"_links":{"self":[{"href":"https:\/\/www.termalymalebielice.com\/de\/wp-json\/wp\/v2\/pages\/268"}],"collection":[{"href":"https:\/\/www.termalymalebielice.com\/de\/wp-json\/wp\/v2\/pages"}],"about":[{"href":"https:\/\/www.termalymalebielice.com\/de\/wp-json\/wp\/v2\/types\/page"}],"author":[{"embeddable":true,"href":"https:\/\/www.termalymalebielice.com\/de\/wp-json\/wp\/v2\/users\/7"}],"replies":[{"embeddable":true,"href":"https:\/\/www.termalymalebielice.com\/de\/wp-json\/wp\/v2\/comments?post=268"}],"version-history":[{"count":0,"href":"https:\/\/www.termalymalebielice.com\/de\/wp-json\/wp\/v2\/pages\/268\/revisions"}],"wp:attachment":[{"href":"https:\/\/www.termalymalebielice.com\/de\/wp-json\/wp\/v2\/media?parent=268"}],"curies":[{"name":"wp","href":"https:\/\/api.w.org\/{rel}","templated":true}]}}