{"id":257,"date":"2023-12-21T15:25:09","date_gmt":"2023-12-21T15:25:09","guid":{"rendered":"https:\/\/termaly-male-bielice.ms2.decms.eu\/?page_id=257"},"modified":"2024-08-20T14:49:40","modified_gmt":"2024-08-20T14:49:40","slug":"wo-wir-sind","status":"publish","type":"page","link":"https:\/\/www.termalymalebielice.com\/de\/wo-wir-sind\/","title":{"rendered":"Wo wir sind"},"content":{"rendered":"<p>Das Dorf Mal\u00e9 Bielice ist ein ruhiger Randbezirk der Stadt Partiz\u00e1nske, 60 km von der m\u00e4hrisch-slowakischen Grenze (Grenz\u00fcbergang Mal\u00fd Hrozenkov) entfernt, direkt an der Strecke Nitra-Prievidza. Das Wellnesshotel ist direkt dort entstanden, wo auf nat\u00fcrliche Weise warmes Mineralwasser entspringt, das eine Temperatur von bis zu 39 Grad Celsius erreicht. Balneologen haben hier drei verschiedene Quellen entdeckt, die besonders auf den Bewegungsapparat, das Nervensystem, die Rehabilitation und Regeneration des Organismus sehr wohltuende Wirkungen haben.<\/p>\n<p>Insgesamt kann man sagen, dass Mal\u00e9 Bielice ein idealer Ort f\u00fcr diejenigen ist, die in der Slowakei Entspannung in Verbindung mit der Natur suchen. Es gibt Ruhe-, Entspannungs- und Entspannungsbecken, Ruher\u00e4ume und Saunen. Eine kleine Parkpromenade durchquert die gesamte Anlage. Die Natur in Mal\u00e9 Bielice ist wundersch\u00f6n und bietet M\u00f6glichkeiten f\u00fcr Wanderungen zu Fu\u00df oder mit dem Fahrrad. Es ist ein Ort f\u00fcr diejenigen, die einen ruhigen und ungest\u00f6rten Urlaub verbringen m\u00f6chten.<\/p>\n<p>Der Aufenthalt an diesem Ort bringt entspannende Effekte f\u00fcr K\u00f6rper und Seele&#8230;<\/p>\n","protected":false},"excerpt":{"rendered":"<p>Das Dorf Mal\u00e9 Bielice ist ein ruhiger Randbezirk der Stadt Partiz\u00e1nske, 60 km von der m\u00e4hrisch-slowakischen Grenze (Grenz\u00fcbergang Mal\u00fd Hrozenkov) entfernt, direkt an der Strecke Nitra-Prievidza. Das Wellnesshotel ist direkt dort entstanden, wo auf nat\u00fcrliche Weise warmes Mineralwasser entspringt, das eine Temperatur von bis zu 39 Grad Celsius erreicht. Balneologen haben hier drei verschiedene Quellen [&hellip;]<\/p>\n","protected":false},"author":7,"featured_media":0,"parent":0,"menu_order":80,"comment_status":"closed","ping_status":"closed","template":"template-location.php","meta":{"footnotes":""},"yoast_head":"<!-- This site is optimized with the Yoast SEO plugin v22.3 - https:\/\/yoast.com\/wordpress\/plugins\/seo\/ -->\n<title>Wo wird sind | Term\u00e1ly Mal\u00e9 Bielice<\/title>\n<meta name=\"description\" content=\"Entdecken Sie die Sch\u00f6nheit der Thermen Mal\u00e9 Bielice, entspannen Sie in der idyllischen Umgebung und lassen Sie sich verw\u00f6hnen.\" \/>\n<meta name=\"robots\" content=\"index, follow, max-snippet:-1, max-image-preview:large, max-video-preview:-1\" \/>\n<link rel=\"canonical\" href=\"https:\/\/www.termalymalebielice.com\/de\/wo-wir-sind\/\" \/>\n<meta property=\"og:locale\" content=\"de_DE\" \/>\n<meta property=\"og:type\" content=\"article\" \/>\n<meta property=\"og:title\" content=\"Wo wird sind | Term\u00e1ly Mal\u00e9 Bielice\" \/>\n<meta property=\"og:description\" content=\"Entdecken Sie die Sch\u00f6nheit der Thermen Mal\u00e9 Bielice, entspannen Sie in der idyllischen Umgebung und lassen Sie sich verw\u00f6hnen.\" \/>\n<meta property=\"og:url\" content=\"https:\/\/www.termalymalebielice.com\/de\/wo-wir-sind\/\" \/>\n<meta property=\"og:site_name\" content=\"Termaly Male Bielice\" \/>\n<meta property=\"article:modified_time\" content=\"2024-08-20T14:49:40+00:00\" \/>\n<meta name=\"twitter:card\" content=\"summary_large_image\" \/>\n<meta name=\"twitter:label1\" content=\"Gesch\u00e4tzte Lesezeit\" \/>\n\t<meta name=\"twitter:data1\" content=\"1 Minute\" \/>\n<script type=\"application\/ld+json\" class=\"yoast-schema-graph\">{\"@context\":\"https:\/\/schema.org\",\"@graph\":[{\"@type\":\"WebPage\",\"@id\":\"https:\/\/www.termalymalebielice.com\/de\/wo-wir-sind\/\",\"url\":\"https:\/\/www.termalymalebielice.com\/de\/wo-wir-sind\/\",\"name\":\"Wo wird sind | Term\u00e1ly Mal\u00e9 Bielice\",\"isPartOf\":{\"@id\":\"https:\/\/www.termalymalebielice.com\/de\/#website\"},\"datePublished\":\"2023-12-21T15:25:09+00:00\",\"dateModified\":\"2024-08-20T14:49:40+00:00\",\"description\":\"Entdecken Sie die Sch\u00f6nheit der Thermen Mal\u00e9 Bielice, entspannen Sie in der idyllischen Umgebung und lassen Sie sich verw\u00f6hnen.\",\"breadcrumb\":{\"@id\":\"https:\/\/www.termalymalebielice.com\/de\/wo-wir-sind\/#breadcrumb\"},\"inLanguage\":\"de-DE\",\"potentialAction\":[{\"@type\":\"ReadAction\",\"target\":[\"https:\/\/www.termalymalebielice.com\/de\/wo-wir-sind\/\"]}]},{\"@type\":\"BreadcrumbList\",\"@id\":\"https:\/\/www.termalymalebielice.com\/de\/wo-wir-sind\/#breadcrumb\",\"itemListElement\":[{\"@type\":\"ListItem\",\"position\":1,\"name\":\"Home\",\"item\":\"https:\/\/www.termalymalebielice.com\/de\/\"},{\"@type\":\"ListItem\",\"position\":2,\"name\":\"Wo wir sind\"}]},{\"@type\":\"WebSite\",\"@id\":\"https:\/\/www.termalymalebielice.com\/de\/#website\",\"url\":\"https:\/\/www.termalymalebielice.com\/de\/\",\"name\":\"Termaly Male Bielice\",\"description\":\"\",\"potentialAction\":[{\"@type\":\"SearchAction\",\"target\":{\"@type\":\"EntryPoint\",\"urlTemplate\":\"https:\/\/www.termalymalebielice.com\/de\/?s={search_term_string}\"},\"query-input\":\"required name=search_term_string\"}],\"inLanguage\":\"de-DE\"}]}<\/script>\n<!-- \/ Yoast SEO plugin. -->","yoast_head_json":{"title":"Wo wird sind | Term\u00e1ly Mal\u00e9 Bielice","description":"Entdecken Sie die Sch\u00f6nheit der Thermen Mal\u00e9 Bielice, entspannen Sie in der idyllischen Umgebung und lassen Sie sich verw\u00f6hnen.","robots":{"index":"index","follow":"follow","max-snippet":"max-snippet:-1","max-image-preview":"max-image-preview:large","max-video-preview":"max-video-preview:-1"},"canonical":"https:\/\/www.termalymalebielice.com\/de\/wo-wir-sind\/","og_locale":"de_DE","og_type":"article","og_title":"Wo wird sind | Term\u00e1ly Mal\u00e9 Bielice","og_description":"Entdecken Sie die Sch\u00f6nheit der Thermen Mal\u00e9 Bielice, entspannen Sie in der idyllischen Umgebung und lassen Sie sich verw\u00f6hnen.","og_url":"https:\/\/www.termalymalebielice.com\/de\/wo-wir-sind\/","og_site_name":"Termaly Male Bielice","article_modified_time":"2024-08-20T14:49:40+00:00","twitter_card":"summary_large_image","twitter_misc":{"Gesch\u00e4tzte Lesezeit":"1 Minute"},"schema":{"@context":"https:\/\/schema.org","@graph":[{"@type":"WebPage","@id":"https:\/\/www.termalymalebielice.com\/de\/wo-wir-sind\/","url":"https:\/\/www.termalymalebielice.com\/de\/wo-wir-sind\/","name":"Wo wird sind | Term\u00e1ly Mal\u00e9 Bielice","isPartOf":{"@id":"https:\/\/www.termalymalebielice.com\/de\/#website"},"datePublished":"2023-12-21T15:25:09+00:00","dateModified":"2024-08-20T14:49:40+00:00","description":"Entdecken Sie die Sch\u00f6nheit der Thermen Mal\u00e9 Bielice, entspannen Sie in der idyllischen Umgebung und lassen Sie sich verw\u00f6hnen.","breadcrumb":{"@id":"https:\/\/www.termalymalebielice.com\/de\/wo-wir-sind\/#breadcrumb"},"inLanguage":"de-DE","potentialAction":[{"@type":"ReadAction","target":["https:\/\/www.termalymalebielice.com\/de\/wo-wir-sind\/"]}]},{"@type":"BreadcrumbList","@id":"https:\/\/www.termalymalebielice.com\/de\/wo-wir-sind\/#breadcrumb","itemListElement":[{"@type":"ListItem","position":1,"name":"Home","item":"https:\/\/www.termalymalebielice.com\/de\/"},{"@type":"ListItem","position":2,"name":"Wo wir sind"}]},{"@type":"WebSite","@id":"https:\/\/www.termalymalebielice.com\/de\/#website","url":"https:\/\/www.termalymalebielice.com\/de\/","name":"Termaly Male Bielice","description":"","potentialAction":[{"@type":"SearchAction","target":{"@type":"EntryPoint","urlTemplate":"https:\/\/www.termalymalebielice.com\/de\/?s={search_term_string}"},"query-input":"required name=search_term_string"}],"inLanguage":"de-DE"}]}},"acf":[],"_links":{"self":[{"href":"https:\/\/www.termalymalebielice.com\/de\/wp-json\/wp\/v2\/pages\/257"}],"collection":[{"href":"https:\/\/www.termalymalebielice.com\/de\/wp-json\/wp\/v2\/pages"}],"about":[{"href":"https:\/\/www.termalymalebielice.com\/de\/wp-json\/wp\/v2\/types\/page"}],"author":[{"embeddable":true,"href":"https:\/\/www.termalymalebielice.com\/de\/wp-json\/wp\/v2\/users\/7"}],"replies":[{"embeddable":true,"href":"https:\/\/www.termalymalebielice.com\/de\/wp-json\/wp\/v2\/comments?post=257"}],"version-history":[{"count":0,"href":"https:\/\/www.termalymalebielice.com\/de\/wp-json\/wp\/v2\/pages\/257\/revisions"}],"wp:attachment":[{"href":"https:\/\/www.termalymalebielice.com\/de\/wp-json\/wp\/v2\/media?parent=257"}],"curies":[{"name":"wp","href":"https:\/\/api.w.org\/{rel}","templated":true}]}}