{"id":252,"date":"2023-12-21T14:35:36","date_gmt":"2023-12-21T14:35:36","guid":{"rendered":"https:\/\/termaly-male-bielice.ms2.decms.eu\/?page_id=252"},"modified":"2025-05-20T08:53:58","modified_gmt":"2025-05-20T08:53:58","slug":"single-wedding","status":"publish","type":"page","link":"https:\/\/www.termalymalebielice.com\/de\/tagungen-und-hochzeiten\/single-wedding\/","title":{"rendered":"Ihre Konferenz"},"content":{"rendered":"<p>Der Innenbereich des Hotels bietet einen geeigneten Raum f\u00fcr die Organisation verschiedener Veranstaltungen auf professionellem Niveau. Sie m\u00f6chten das Mitarbeiterteam im Unternehmen verst\u00e4rken oder mit neuem Wissen umschulen? Wir helfen Ihnen bei der Planung sportlicher Aktivit\u00e4ten, thematischer Teambuildings oder einer stilvollen Weihnachtsfeier und bereiten komplette Erfrischungen f\u00fcr Sie vor. Die Kapazit\u00e4t des Konferenzraums betr\u00e4gt bis zu 80 Personen.<\/p>\n","protected":false},"excerpt":{"rendered":"<p>Der Innenbereich des Hotels bietet einen geeigneten Raum f\u00fcr die Organisation verschiedener Veranstaltungen auf professionellem Niveau. Sie m\u00f6chten das Mitarbeiterteam im Unternehmen verst\u00e4rken oder mit neuem Wissen umschulen? Wir helfen Ihnen bei der Planung sportlicher Aktivit\u00e4ten, thematischer Teambuildings oder einer stilvollen Weihnachtsfeier und bereiten komplette Erfrischungen f\u00fcr Sie vor. Die Kapazit\u00e4t des Konferenzraums betr\u00e4gt bis [&hellip;]<\/p>\n","protected":false},"author":7,"featured_media":0,"parent":247,"menu_order":20,"comment_status":"closed","ping_status":"closed","template":"template-meeting.php","meta":{"footnotes":""},"class_list":["post-252","page","type-page","status-publish","hentry"],"yoast_head":"<!-- This site is optimized with the Yoast SEO plugin v27.3 - https:\/\/yoast.com\/product\/yoast-seo-wordpress\/ -->\n<title>Ihre Konferenz - Termaly Male Bielice -<\/title>\n<meta name=\"description\" content=\"Das Hotel bietet Platz f\u00fcr Firmenveranstaltungen, Schulungen und Teambuilding f\u00fcr bis zu 80 Personen mit voller Verpflegung.\" \/>\n<meta name=\"robots\" content=\"index, follow, max-snippet:-1, max-image-preview:large, max-video-preview:-1\" \/>\n<link rel=\"canonical\" href=\"https:\/\/www.termalymalebielice.com\/de\/tagungen-und-hochzeiten\/single-wedding\/\" \/>\n<meta property=\"og:locale\" content=\"de_DE\" \/>\n<meta property=\"og:type\" content=\"article\" \/>\n<meta property=\"og:title\" content=\"Ihre Konferenz - Termaly Male Bielice -\" \/>\n<meta property=\"og:description\" content=\"Das Hotel bietet Platz f\u00fcr Firmenveranstaltungen, Schulungen und Teambuilding f\u00fcr bis zu 80 Personen mit voller Verpflegung.\" \/>\n<meta property=\"og:url\" content=\"https:\/\/www.termalymalebielice.com\/de\/tagungen-und-hochzeiten\/single-wedding\/\" \/>\n<meta property=\"og:site_name\" content=\"Termaly Male Bielice\" \/>\n<meta property=\"article:modified_time\" content=\"2025-05-20T08:53:58+00:00\" \/>\n<meta name=\"twitter:card\" content=\"summary_large_image\" \/>\n<meta name=\"twitter:label1\" content=\"Gesch\u00e4tzte Lesezeit\" \/>\n\t<meta name=\"twitter:data1\" content=\"1 Minute\" \/>\n<script type=\"application\/ld+json\" class=\"yoast-schema-graph\">{\"@context\":\"https:\\\/\\\/schema.org\",\"@graph\":[{\"@type\":\"WebPage\",\"@id\":\"https:\\\/\\\/www.termalymalebielice.com\\\/de\\\/tagungen-und-hochzeiten\\\/single-wedding\\\/\",\"url\":\"https:\\\/\\\/www.termalymalebielice.com\\\/de\\\/tagungen-und-hochzeiten\\\/single-wedding\\\/\",\"name\":\"Ihre Konferenz - Termaly Male Bielice -\",\"isPartOf\":{\"@id\":\"https:\\\/\\\/www.termalymalebielice.com\\\/de\\\/#website\"},\"datePublished\":\"2023-12-21T14:35:36+00:00\",\"dateModified\":\"2025-05-20T08:53:58+00:00\",\"description\":\"Das Hotel bietet Platz f\u00fcr Firmenveranstaltungen, Schulungen und Teambuilding f\u00fcr bis zu 80 Personen mit voller Verpflegung.\",\"breadcrumb\":{\"@id\":\"https:\\\/\\\/www.termalymalebielice.com\\\/de\\\/tagungen-und-hochzeiten\\\/single-wedding\\\/#breadcrumb\"},\"inLanguage\":\"de-DE\",\"potentialAction\":[{\"@type\":\"ReadAction\",\"target\":[\"https:\\\/\\\/www.termalymalebielice.com\\\/de\\\/tagungen-und-hochzeiten\\\/single-wedding\\\/\"]}]},{\"@type\":\"BreadcrumbList\",\"@id\":\"https:\\\/\\\/www.termalymalebielice.com\\\/de\\\/tagungen-und-hochzeiten\\\/single-wedding\\\/#breadcrumb\",\"itemListElement\":[{\"@type\":\"ListItem\",\"position\":1,\"name\":\"Home\",\"item\":\"https:\\\/\\\/www.termalymalebielice.com\\\/de\\\/\"},{\"@type\":\"ListItem\",\"position\":2,\"name\":\"Tagungen und Hochzeiten\",\"item\":\"https:\\\/\\\/www.termalymalebielice.com\\\/de\\\/?page_id=247\"},{\"@type\":\"ListItem\",\"position\":3,\"name\":\"Ihre Konferenz\"}]},{\"@type\":\"WebSite\",\"@id\":\"https:\\\/\\\/www.termalymalebielice.com\\\/de\\\/#website\",\"url\":\"https:\\\/\\\/www.termalymalebielice.com\\\/de\\\/\",\"name\":\"Termaly Male Bielice\",\"description\":\"\",\"potentialAction\":[{\"@type\":\"SearchAction\",\"target\":{\"@type\":\"EntryPoint\",\"urlTemplate\":\"https:\\\/\\\/www.termalymalebielice.com\\\/de\\\/?s={search_term_string}\"},\"query-input\":{\"@type\":\"PropertyValueSpecification\",\"valueRequired\":true,\"valueName\":\"search_term_string\"}}],\"inLanguage\":\"de-DE\"}]}<\/script>\n<!-- \/ Yoast SEO plugin. -->","yoast_head_json":{"title":"Ihre Konferenz - Termaly Male Bielice -","description":"Das Hotel bietet Platz f\u00fcr Firmenveranstaltungen, Schulungen und Teambuilding f\u00fcr bis zu 80 Personen mit voller Verpflegung.","robots":{"index":"index","follow":"follow","max-snippet":"max-snippet:-1","max-image-preview":"max-image-preview:large","max-video-preview":"max-video-preview:-1"},"canonical":"https:\/\/www.termalymalebielice.com\/de\/tagungen-und-hochzeiten\/single-wedding\/","og_locale":"de_DE","og_type":"article","og_title":"Ihre Konferenz - Termaly Male Bielice -","og_description":"Das Hotel bietet Platz f\u00fcr Firmenveranstaltungen, Schulungen und Teambuilding f\u00fcr bis zu 80 Personen mit voller Verpflegung.","og_url":"https:\/\/www.termalymalebielice.com\/de\/tagungen-und-hochzeiten\/single-wedding\/","og_site_name":"Termaly Male Bielice","article_modified_time":"2025-05-20T08:53:58+00:00","twitter_card":"summary_large_image","twitter_misc":{"Gesch\u00e4tzte Lesezeit":"1 Minute"},"schema":{"@context":"https:\/\/schema.org","@graph":[{"@type":"WebPage","@id":"https:\/\/www.termalymalebielice.com\/de\/tagungen-und-hochzeiten\/single-wedding\/","url":"https:\/\/www.termalymalebielice.com\/de\/tagungen-und-hochzeiten\/single-wedding\/","name":"Ihre Konferenz - Termaly Male Bielice -","isPartOf":{"@id":"https:\/\/www.termalymalebielice.com\/de\/#website"},"datePublished":"2023-12-21T14:35:36+00:00","dateModified":"2025-05-20T08:53:58+00:00","description":"Das Hotel bietet Platz f\u00fcr Firmenveranstaltungen, Schulungen und Teambuilding f\u00fcr bis zu 80 Personen mit voller Verpflegung.","breadcrumb":{"@id":"https:\/\/www.termalymalebielice.com\/de\/tagungen-und-hochzeiten\/single-wedding\/#breadcrumb"},"inLanguage":"de-DE","potentialAction":[{"@type":"ReadAction","target":["https:\/\/www.termalymalebielice.com\/de\/tagungen-und-hochzeiten\/single-wedding\/"]}]},{"@type":"BreadcrumbList","@id":"https:\/\/www.termalymalebielice.com\/de\/tagungen-und-hochzeiten\/single-wedding\/#breadcrumb","itemListElement":[{"@type":"ListItem","position":1,"name":"Home","item":"https:\/\/www.termalymalebielice.com\/de\/"},{"@type":"ListItem","position":2,"name":"Tagungen und Hochzeiten","item":"https:\/\/www.termalymalebielice.com\/de\/?page_id=247"},{"@type":"ListItem","position":3,"name":"Ihre Konferenz"}]},{"@type":"WebSite","@id":"https:\/\/www.termalymalebielice.com\/de\/#website","url":"https:\/\/www.termalymalebielice.com\/de\/","name":"Termaly Male Bielice","description":"","potentialAction":[{"@type":"SearchAction","target":{"@type":"EntryPoint","urlTemplate":"https:\/\/www.termalymalebielice.com\/de\/?s={search_term_string}"},"query-input":{"@type":"PropertyValueSpecification","valueRequired":true,"valueName":"search_term_string"}}],"inLanguage":"de-DE"}]}},"acf":[],"_links":{"self":[{"href":"https:\/\/www.termalymalebielice.com\/de\/wp-json\/wp\/v2\/pages\/252","targetHints":{"allow":["GET"]}}],"collection":[{"href":"https:\/\/www.termalymalebielice.com\/de\/wp-json\/wp\/v2\/pages"}],"about":[{"href":"https:\/\/www.termalymalebielice.com\/de\/wp-json\/wp\/v2\/types\/page"}],"author":[{"embeddable":true,"href":"https:\/\/www.termalymalebielice.com\/de\/wp-json\/wp\/v2\/users\/7"}],"replies":[{"embeddable":true,"href":"https:\/\/www.termalymalebielice.com\/de\/wp-json\/wp\/v2\/comments?post=252"}],"version-history":[{"count":0,"href":"https:\/\/www.termalymalebielice.com\/de\/wp-json\/wp\/v2\/pages\/252\/revisions"}],"up":[{"embeddable":true,"href":"https:\/\/www.termalymalebielice.com\/de\/wp-json\/wp\/v2\/pages\/247"}],"wp:attachment":[{"href":"https:\/\/www.termalymalebielice.com\/de\/wp-json\/wp\/v2\/media?parent=252"}],"curies":[{"name":"wp","href":"https:\/\/api.w.org\/{rel}","templated":true}]}}