{"id":246,"date":"2023-12-20T16:36:46","date_gmt":"2023-12-20T16:36:46","guid":{"rendered":"https:\/\/termaly-male-bielice.ms2.decms.eu\/?page_id=246"},"modified":"2025-05-20T08:50:42","modified_gmt":"2025-05-20T08:50:42","slug":"aquacentrum-2","status":"publish","type":"page","link":"https:\/\/www.termalymalebielice.com\/de\/aquacentrum-2\/","title":{"rendered":"Aquacentrum"},"content":{"rendered":"<p>Das Thermalbad Mal\u00e9 Bielice ist ein Ort der Entspannung und Gesundheit. Ihr Grundstein ist mineralisches Thermalwasser mit einer Temperatur von 27 \u2013 38 \u00b0C. Ihnen stehen 6 Swimmingpools zur Verf\u00fcgung \u2013 2 Innenpools (Entspannung und Hydromassage) und 4 Entspannungspools im Freien. Im Au\u00dfenbereich gibt es eine Rutsche und einen Kinderspielplatz.<\/p>\n<p style=\"text-align: center\"><span class=\"jCAhz ChMk0b\"><span class=\"ryNqvb\">Alle Pools sind das ganze Jahr \u00fcber t\u00e4glich von 9.00 bis 20.00 Uhr ge\u00f6ffnet.<\/span><\/span> <span class=\"jCAhz ChMk0b\"><span class=\"ryNqvb\">(mit Ausnahme des Sommerpools, der nur in den Sommermonaten verf\u00fcgbar ist).<\/span><\/span><\/p>\n","protected":false},"excerpt":{"rendered":"<p>Das Thermalbad Mal\u00e9 Bielice ist ein Ort der Entspannung und Gesundheit. Ihr Grundstein ist mineralisches Thermalwasser mit einer Temperatur von 27 \u2013 38 \u00b0C. Ihnen stehen 6 Swimmingpools zur Verf\u00fcgung \u2013 2 Innenpools (Entspannung und Hydromassage) und 4 Entspannungspools im Freien. Im Au\u00dfenbereich gibt es eine Rutsche und einen Kinderspielplatz. Alle Pools sind das ganze [&hellip;]<\/p>\n","protected":false},"author":7,"featured_media":0,"parent":0,"menu_order":60,"comment_status":"closed","ping_status":"closed","template":"template-spa.php","meta":{"footnotes":""},"yoast_head":"<!-- This site is optimized with the Yoast SEO plugin v22.3 - https:\/\/yoast.com\/wordpress\/plugins\/seo\/ -->\n<title>Aquacentrum | Term\u00e1ly Mal\u00e9 Bielice<\/title>\n<meta name=\"description\" content=\"Das Thermalbad Mal\u00e9 Bielice bietet Mineralwasser und 6 Schwimmbecken, darunter eine Rutsche und einen Spielplatz. Im Sommer t\u00e4glich ge\u00f6ffnet.\" \/>\n<meta name=\"robots\" content=\"index, follow, max-snippet:-1, max-image-preview:large, max-video-preview:-1\" \/>\n<link rel=\"canonical\" href=\"https:\/\/www.termalymalebielice.com\/de\/aquacentrum-2\/\" \/>\n<meta property=\"og:locale\" content=\"de_DE\" \/>\n<meta property=\"og:type\" content=\"article\" \/>\n<meta property=\"og:title\" content=\"Aquacentrum | Term\u00e1ly Mal\u00e9 Bielice\" \/>\n<meta property=\"og:description\" content=\"Das Thermalbad Mal\u00e9 Bielice bietet Mineralwasser und 6 Schwimmbecken, darunter eine Rutsche und einen Spielplatz. Im Sommer t\u00e4glich ge\u00f6ffnet.\" \/>\n<meta property=\"og:url\" content=\"https:\/\/www.termalymalebielice.com\/de\/aquacentrum-2\/\" \/>\n<meta property=\"og:site_name\" content=\"Termaly Male Bielice\" \/>\n<meta property=\"article:modified_time\" content=\"2025-05-20T08:50:42+00:00\" \/>\n<meta name=\"twitter:card\" content=\"summary_large_image\" \/>\n<meta name=\"twitter:label1\" content=\"Gesch\u00e4tzte Lesezeit\" \/>\n\t<meta name=\"twitter:data1\" content=\"1 Minute\" \/>\n<script type=\"application\/ld+json\" class=\"yoast-schema-graph\">{\"@context\":\"https:\/\/schema.org\",\"@graph\":[{\"@type\":\"WebPage\",\"@id\":\"https:\/\/www.termalymalebielice.com\/de\/aquacentrum-2\/\",\"url\":\"https:\/\/www.termalymalebielice.com\/de\/aquacentrum-2\/\",\"name\":\"Aquacentrum | Term\u00e1ly Mal\u00e9 Bielice\",\"isPartOf\":{\"@id\":\"https:\/\/www.termalymalebielice.com\/de\/#website\"},\"datePublished\":\"2023-12-20T16:36:46+00:00\",\"dateModified\":\"2025-05-20T08:50:42+00:00\",\"description\":\"Das Thermalbad Mal\u00e9 Bielice bietet Mineralwasser und 6 Schwimmbecken, darunter eine Rutsche und einen Spielplatz. Im Sommer t\u00e4glich ge\u00f6ffnet.\",\"breadcrumb\":{\"@id\":\"https:\/\/www.termalymalebielice.com\/de\/aquacentrum-2\/#breadcrumb\"},\"inLanguage\":\"de-DE\",\"potentialAction\":[{\"@type\":\"ReadAction\",\"target\":[\"https:\/\/www.termalymalebielice.com\/de\/aquacentrum-2\/\"]}]},{\"@type\":\"BreadcrumbList\",\"@id\":\"https:\/\/www.termalymalebielice.com\/de\/aquacentrum-2\/#breadcrumb\",\"itemListElement\":[{\"@type\":\"ListItem\",\"position\":1,\"name\":\"Home\",\"item\":\"https:\/\/www.termalymalebielice.com\/de\/\"},{\"@type\":\"ListItem\",\"position\":2,\"name\":\"Aquacentrum\"}]},{\"@type\":\"WebSite\",\"@id\":\"https:\/\/www.termalymalebielice.com\/de\/#website\",\"url\":\"https:\/\/www.termalymalebielice.com\/de\/\",\"name\":\"Termaly Male Bielice\",\"description\":\"\",\"potentialAction\":[{\"@type\":\"SearchAction\",\"target\":{\"@type\":\"EntryPoint\",\"urlTemplate\":\"https:\/\/www.termalymalebielice.com\/de\/?s={search_term_string}\"},\"query-input\":\"required name=search_term_string\"}],\"inLanguage\":\"de-DE\"}]}<\/script>\n<!-- \/ Yoast SEO plugin. -->","yoast_head_json":{"title":"Aquacentrum | Term\u00e1ly Mal\u00e9 Bielice","description":"Das Thermalbad Mal\u00e9 Bielice bietet Mineralwasser und 6 Schwimmbecken, darunter eine Rutsche und einen Spielplatz. Im Sommer t\u00e4glich ge\u00f6ffnet.","robots":{"index":"index","follow":"follow","max-snippet":"max-snippet:-1","max-image-preview":"max-image-preview:large","max-video-preview":"max-video-preview:-1"},"canonical":"https:\/\/www.termalymalebielice.com\/de\/aquacentrum-2\/","og_locale":"de_DE","og_type":"article","og_title":"Aquacentrum | Term\u00e1ly Mal\u00e9 Bielice","og_description":"Das Thermalbad Mal\u00e9 Bielice bietet Mineralwasser und 6 Schwimmbecken, darunter eine Rutsche und einen Spielplatz. Im Sommer t\u00e4glich ge\u00f6ffnet.","og_url":"https:\/\/www.termalymalebielice.com\/de\/aquacentrum-2\/","og_site_name":"Termaly Male Bielice","article_modified_time":"2025-05-20T08:50:42+00:00","twitter_card":"summary_large_image","twitter_misc":{"Gesch\u00e4tzte Lesezeit":"1 Minute"},"schema":{"@context":"https:\/\/schema.org","@graph":[{"@type":"WebPage","@id":"https:\/\/www.termalymalebielice.com\/de\/aquacentrum-2\/","url":"https:\/\/www.termalymalebielice.com\/de\/aquacentrum-2\/","name":"Aquacentrum | Term\u00e1ly Mal\u00e9 Bielice","isPartOf":{"@id":"https:\/\/www.termalymalebielice.com\/de\/#website"},"datePublished":"2023-12-20T16:36:46+00:00","dateModified":"2025-05-20T08:50:42+00:00","description":"Das Thermalbad Mal\u00e9 Bielice bietet Mineralwasser und 6 Schwimmbecken, darunter eine Rutsche und einen Spielplatz. Im Sommer t\u00e4glich ge\u00f6ffnet.","breadcrumb":{"@id":"https:\/\/www.termalymalebielice.com\/de\/aquacentrum-2\/#breadcrumb"},"inLanguage":"de-DE","potentialAction":[{"@type":"ReadAction","target":["https:\/\/www.termalymalebielice.com\/de\/aquacentrum-2\/"]}]},{"@type":"BreadcrumbList","@id":"https:\/\/www.termalymalebielice.com\/de\/aquacentrum-2\/#breadcrumb","itemListElement":[{"@type":"ListItem","position":1,"name":"Home","item":"https:\/\/www.termalymalebielice.com\/de\/"},{"@type":"ListItem","position":2,"name":"Aquacentrum"}]},{"@type":"WebSite","@id":"https:\/\/www.termalymalebielice.com\/de\/#website","url":"https:\/\/www.termalymalebielice.com\/de\/","name":"Termaly Male Bielice","description":"","potentialAction":[{"@type":"SearchAction","target":{"@type":"EntryPoint","urlTemplate":"https:\/\/www.termalymalebielice.com\/de\/?s={search_term_string}"},"query-input":"required name=search_term_string"}],"inLanguage":"de-DE"}]}},"acf":[],"_links":{"self":[{"href":"https:\/\/www.termalymalebielice.com\/de\/wp-json\/wp\/v2\/pages\/246"}],"collection":[{"href":"https:\/\/www.termalymalebielice.com\/de\/wp-json\/wp\/v2\/pages"}],"about":[{"href":"https:\/\/www.termalymalebielice.com\/de\/wp-json\/wp\/v2\/types\/page"}],"author":[{"embeddable":true,"href":"https:\/\/www.termalymalebielice.com\/de\/wp-json\/wp\/v2\/users\/7"}],"replies":[{"embeddable":true,"href":"https:\/\/www.termalymalebielice.com\/de\/wp-json\/wp\/v2\/comments?post=246"}],"version-history":[{"count":0,"href":"https:\/\/www.termalymalebielice.com\/de\/wp-json\/wp\/v2\/pages\/246\/revisions"}],"wp:attachment":[{"href":"https:\/\/www.termalymalebielice.com\/de\/wp-json\/wp\/v2\/media?parent=246"}],"curies":[{"name":"wp","href":"https:\/\/api.w.org\/{rel}","templated":true}]}}