{"id":236,"date":"2023-12-20T16:14:32","date_gmt":"2023-12-20T16:14:32","guid":{"rendered":"https:\/\/termaly-male-bielice.ms2.decms.eu\/?page_id=236"},"modified":"2025-08-04T16:17:18","modified_gmt":"2025-08-04T16:17:18","slug":"massage","status":"publish","type":"page","link":"https:\/\/www.termalymalebielice.com\/de\/wellness-und-spa-center\/massage\/","title":{"rendered":"Massage"},"content":{"rendered":"<p>Ruhe und Entspannung sind ein wesentlicher Bestandteil unseres Lebens. Neben Ruhe und Entspannung ist das Leben besser, wenn unser K\u00f6rper gesund und schmerzfrei ist. Deshalb sollten Sie Ihrem K\u00f6rper regelm\u00e4\u00dfig Massagen g\u00f6nnen. Massagen haben viele Vorteile: Sie steigern die Durchblutung, beugen einigen Krankheiten vor und entspannen sogar die Gelenke. Sie k\u00f6nnen aus mehreren verschiedenen Massagen w\u00e4hlen, von Gesichts- oder Sportmassagen bis hin zu komplexen Massagen. Vergessen Sie nicht, unsere Hotelrezeption zu kontaktieren und einen Termin mit unseren Fachleuten zu vereinbaren.<\/p>\n<p style=\"text-align: center\">Dieser Service ist t\u00e4glich von 10.00 bis 21.00 Uhr verf\u00fcgbar, basierend auf Ihren vorab vereinbarten Terminen.<\/p>\n","protected":false},"excerpt":{"rendered":"<p>Ruhe und Entspannung sind ein wesentlicher Bestandteil unseres Lebens. Neben Ruhe und Entspannung ist das Leben besser, wenn unser K\u00f6rper gesund und schmerzfrei ist. Deshalb sollten Sie Ihrem K\u00f6rper regelm\u00e4\u00dfig Massagen g\u00f6nnen. Massagen haben viele Vorteile: Sie steigern die Durchblutung, beugen einigen Krankheiten vor und entspannen sogar die Gelenke. Sie k\u00f6nnen aus mehreren verschiedenen Massagen [&hellip;]<\/p>\n","protected":false},"author":7,"featured_media":0,"parent":232,"menu_order":20,"comment_status":"closed","ping_status":"closed","template":"template-massage-treatments.php","meta":{"footnotes":""},"yoast_head":"<!-- This site is optimized with the Yoast SEO plugin v22.3 - https:\/\/yoast.com\/wordpress\/plugins\/seo\/ -->\n<title>Massage | Term\u00e1ly Mal\u00e9 Bielice<\/title>\n<meta name=\"description\" content=\"Regelm\u00e4\u00dfige Massagen tragen zur Gesundheit und Entspannung bei. Wir bieten verschiedene Arten von Massagen an.\" \/>\n<meta name=\"robots\" content=\"index, follow, max-snippet:-1, max-image-preview:large, max-video-preview:-1\" \/>\n<link rel=\"canonical\" href=\"https:\/\/www.termalymalebielice.com\/de\/wellness-und-spa-center\/massage\/\" \/>\n<meta property=\"og:locale\" content=\"de_DE\" \/>\n<meta property=\"og:type\" content=\"article\" \/>\n<meta property=\"og:title\" content=\"Massage | Term\u00e1ly Mal\u00e9 Bielice\" \/>\n<meta property=\"og:description\" content=\"Regelm\u00e4\u00dfige Massagen tragen zur Gesundheit und Entspannung bei. Wir bieten verschiedene Arten von Massagen an.\" \/>\n<meta property=\"og:url\" content=\"https:\/\/www.termalymalebielice.com\/de\/wellness-und-spa-center\/massage\/\" \/>\n<meta property=\"og:site_name\" content=\"Termaly Male Bielice\" \/>\n<meta property=\"article:modified_time\" content=\"2025-08-04T16:17:18+00:00\" \/>\n<meta name=\"twitter:card\" content=\"summary_large_image\" \/>\n<meta name=\"twitter:label1\" content=\"Gesch\u00e4tzte Lesezeit\" \/>\n\t<meta name=\"twitter:data1\" content=\"1 Minute\" \/>\n<script type=\"application\/ld+json\" class=\"yoast-schema-graph\">{\"@context\":\"https:\/\/schema.org\",\"@graph\":[{\"@type\":\"WebPage\",\"@id\":\"https:\/\/www.termalymalebielice.com\/de\/wellness-und-spa-center\/massage\/\",\"url\":\"https:\/\/www.termalymalebielice.com\/de\/wellness-und-spa-center\/massage\/\",\"name\":\"Massage | Term\u00e1ly Mal\u00e9 Bielice\",\"isPartOf\":{\"@id\":\"https:\/\/www.termalymalebielice.com\/de\/#website\"},\"datePublished\":\"2023-12-20T16:14:32+00:00\",\"dateModified\":\"2025-08-04T16:17:18+00:00\",\"description\":\"Regelm\u00e4\u00dfige Massagen tragen zur Gesundheit und Entspannung bei. Wir bieten verschiedene Arten von Massagen an.\",\"breadcrumb\":{\"@id\":\"https:\/\/www.termalymalebielice.com\/de\/wellness-und-spa-center\/massage\/#breadcrumb\"},\"inLanguage\":\"de-DE\",\"potentialAction\":[{\"@type\":\"ReadAction\",\"target\":[\"https:\/\/www.termalymalebielice.com\/de\/wellness-und-spa-center\/massage\/\"]}]},{\"@type\":\"BreadcrumbList\",\"@id\":\"https:\/\/www.termalymalebielice.com\/de\/wellness-und-spa-center\/massage\/#breadcrumb\",\"itemListElement\":[{\"@type\":\"ListItem\",\"position\":1,\"name\":\"Home\",\"item\":\"https:\/\/www.termalymalebielice.com\/de\/\"},{\"@type\":\"ListItem\",\"position\":2,\"name\":\"Wellness\",\"item\":\"https:\/\/www.termalymalebielice.com\/de\/wellness-und-spa-center\/\"},{\"@type\":\"ListItem\",\"position\":3,\"name\":\"Massage\"}]},{\"@type\":\"WebSite\",\"@id\":\"https:\/\/www.termalymalebielice.com\/de\/#website\",\"url\":\"https:\/\/www.termalymalebielice.com\/de\/\",\"name\":\"Termaly Male Bielice\",\"description\":\"\",\"potentialAction\":[{\"@type\":\"SearchAction\",\"target\":{\"@type\":\"EntryPoint\",\"urlTemplate\":\"https:\/\/www.termalymalebielice.com\/de\/?s={search_term_string}\"},\"query-input\":\"required name=search_term_string\"}],\"inLanguage\":\"de-DE\"}]}<\/script>\n<!-- \/ Yoast SEO plugin. -->","yoast_head_json":{"title":"Massage | Term\u00e1ly Mal\u00e9 Bielice","description":"Regelm\u00e4\u00dfige Massagen tragen zur Gesundheit und Entspannung bei. Wir bieten verschiedene Arten von Massagen an.","robots":{"index":"index","follow":"follow","max-snippet":"max-snippet:-1","max-image-preview":"max-image-preview:large","max-video-preview":"max-video-preview:-1"},"canonical":"https:\/\/www.termalymalebielice.com\/de\/wellness-und-spa-center\/massage\/","og_locale":"de_DE","og_type":"article","og_title":"Massage | Term\u00e1ly Mal\u00e9 Bielice","og_description":"Regelm\u00e4\u00dfige Massagen tragen zur Gesundheit und Entspannung bei. Wir bieten verschiedene Arten von Massagen an.","og_url":"https:\/\/www.termalymalebielice.com\/de\/wellness-und-spa-center\/massage\/","og_site_name":"Termaly Male Bielice","article_modified_time":"2025-08-04T16:17:18+00:00","twitter_card":"summary_large_image","twitter_misc":{"Gesch\u00e4tzte Lesezeit":"1 Minute"},"schema":{"@context":"https:\/\/schema.org","@graph":[{"@type":"WebPage","@id":"https:\/\/www.termalymalebielice.com\/de\/wellness-und-spa-center\/massage\/","url":"https:\/\/www.termalymalebielice.com\/de\/wellness-und-spa-center\/massage\/","name":"Massage | Term\u00e1ly Mal\u00e9 Bielice","isPartOf":{"@id":"https:\/\/www.termalymalebielice.com\/de\/#website"},"datePublished":"2023-12-20T16:14:32+00:00","dateModified":"2025-08-04T16:17:18+00:00","description":"Regelm\u00e4\u00dfige Massagen tragen zur Gesundheit und Entspannung bei. Wir bieten verschiedene Arten von Massagen an.","breadcrumb":{"@id":"https:\/\/www.termalymalebielice.com\/de\/wellness-und-spa-center\/massage\/#breadcrumb"},"inLanguage":"de-DE","potentialAction":[{"@type":"ReadAction","target":["https:\/\/www.termalymalebielice.com\/de\/wellness-und-spa-center\/massage\/"]}]},{"@type":"BreadcrumbList","@id":"https:\/\/www.termalymalebielice.com\/de\/wellness-und-spa-center\/massage\/#breadcrumb","itemListElement":[{"@type":"ListItem","position":1,"name":"Home","item":"https:\/\/www.termalymalebielice.com\/de\/"},{"@type":"ListItem","position":2,"name":"Wellness","item":"https:\/\/www.termalymalebielice.com\/de\/wellness-und-spa-center\/"},{"@type":"ListItem","position":3,"name":"Massage"}]},{"@type":"WebSite","@id":"https:\/\/www.termalymalebielice.com\/de\/#website","url":"https:\/\/www.termalymalebielice.com\/de\/","name":"Termaly Male Bielice","description":"","potentialAction":[{"@type":"SearchAction","target":{"@type":"EntryPoint","urlTemplate":"https:\/\/www.termalymalebielice.com\/de\/?s={search_term_string}"},"query-input":"required name=search_term_string"}],"inLanguage":"de-DE"}]}},"acf":[],"_links":{"self":[{"href":"https:\/\/www.termalymalebielice.com\/de\/wp-json\/wp\/v2\/pages\/236"}],"collection":[{"href":"https:\/\/www.termalymalebielice.com\/de\/wp-json\/wp\/v2\/pages"}],"about":[{"href":"https:\/\/www.termalymalebielice.com\/de\/wp-json\/wp\/v2\/types\/page"}],"author":[{"embeddable":true,"href":"https:\/\/www.termalymalebielice.com\/de\/wp-json\/wp\/v2\/users\/7"}],"replies":[{"embeddable":true,"href":"https:\/\/www.termalymalebielice.com\/de\/wp-json\/wp\/v2\/comments?post=236"}],"version-history":[{"count":0,"href":"https:\/\/www.termalymalebielice.com\/de\/wp-json\/wp\/v2\/pages\/236\/revisions"}],"up":[{"embeddable":true,"href":"https:\/\/www.termalymalebielice.com\/de\/wp-json\/wp\/v2\/pages\/232"}],"wp:attachment":[{"href":"https:\/\/www.termalymalebielice.com\/de\/wp-json\/wp\/v2\/media?parent=236"}],"curies":[{"name":"wp","href":"https:\/\/api.w.org\/{rel}","templated":true}]}}