{"id":225,"date":"2023-12-19T16:37:41","date_gmt":"2023-12-19T16:37:41","guid":{"rendered":"https:\/\/termaly-male-bielice.ms2.decms.eu\/?page_id=225"},"modified":"2024-08-22T08:06:56","modified_gmt":"2024-08-22T08:06:56","slug":"sonderangebote","status":"publish","type":"page","link":"https:\/\/www.termalymalebielice.com\/de\/sonderangebote\/","title":{"rendered":"Sonderangebote"},"content":{"rendered":"<p style=\"text-align: center\">M\u00f6chten Sie wissen, dass Sie jemanden brauchen? Wenn Sie ein bestimmtes Objekt ben\u00f6tigen, k\u00f6nnen Sie sich \u00fcber die aktuelle Situation informieren. Ich habe mir die Zeit genommen, die Zeit zu verbringen, bevor ich mit der Arbeit meines Freundes begonnen habe. Nehmen Sie sich die aktuelle Aktion vor und pr\u00fcfen Sie, ob Sie sich f\u00fcr ein bestimmtes Szenario entschieden haben. Was f\u00fcr ein seltsames Erlebnis, du bist auf der sicheren Seite!<\/p>\n<p style=\"text-align: center\">\n","protected":false},"excerpt":{"rendered":"<p>M\u00f6chten Sie wissen, dass Sie jemanden brauchen? Wenn Sie ein bestimmtes Objekt ben\u00f6tigen, k\u00f6nnen Sie sich \u00fcber die aktuelle Situation informieren. Ich habe mir die Zeit genommen, die Zeit zu verbringen, bevor ich mit der Arbeit meines Freundes begonnen habe. Nehmen Sie sich die aktuelle Aktion vor und pr\u00fcfen Sie, ob Sie sich f\u00fcr ein [&hellip;]<\/p>\n","protected":false},"author":7,"featured_media":0,"parent":0,"menu_order":40,"comment_status":"closed","ping_status":"closed","template":"template-offers.php","meta":{"footnotes":""},"class_list":["post-225","page","type-page","status-publish","hentry"],"yoast_head":"<!-- This site is optimized with the Yoast SEO plugin v27.3 - https:\/\/yoast.com\/product\/yoast-seo-wordpress\/ -->\n<title>10 % Rabatt auf die BAR | Term\u00e1ly Mal\u00e9 Bielice<\/title>\n<meta name=\"description\" content=\"Profitieren Sie von 10 % Rabatt auf BAR, indem Sie auf unserer Website den speziellen Code TMB verwenden, um direkt zu buchen.\" \/>\n<meta name=\"robots\" content=\"index, follow, max-snippet:-1, max-image-preview:large, max-video-preview:-1\" \/>\n<link rel=\"canonical\" href=\"https:\/\/www.termalymalebielice.com\/de\/sonderangebote\/\" \/>\n<meta property=\"og:locale\" content=\"de_DE\" \/>\n<meta property=\"og:type\" content=\"article\" \/>\n<meta property=\"og:title\" content=\"10 % Rabatt auf die BAR | Term\u00e1ly Mal\u00e9 Bielice\" \/>\n<meta property=\"og:description\" content=\"Profitieren Sie von 10 % Rabatt auf BAR, indem Sie auf unserer Website den speziellen Code TMB verwenden, um direkt zu buchen.\" \/>\n<meta property=\"og:url\" content=\"https:\/\/www.termalymalebielice.com\/de\/sonderangebote\/\" \/>\n<meta property=\"og:site_name\" content=\"Termaly Male Bielice\" \/>\n<meta property=\"article:modified_time\" content=\"2024-08-22T08:06:56+00:00\" \/>\n<meta name=\"twitter:card\" content=\"summary_large_image\" \/>\n<meta name=\"twitter:label1\" content=\"Gesch\u00e4tzte Lesezeit\" \/>\n\t<meta name=\"twitter:data1\" content=\"1 Minute\" \/>\n<script type=\"application\/ld+json\" class=\"yoast-schema-graph\">{\"@context\":\"https:\\\/\\\/schema.org\",\"@graph\":[{\"@type\":\"WebPage\",\"@id\":\"https:\\\/\\\/www.termalymalebielice.com\\\/de\\\/sonderangebote\\\/\",\"url\":\"https:\\\/\\\/www.termalymalebielice.com\\\/de\\\/sonderangebote\\\/\",\"name\":\"10 % Rabatt auf die BAR | Term\u00e1ly Mal\u00e9 Bielice\",\"isPartOf\":{\"@id\":\"https:\\\/\\\/www.termalymalebielice.com\\\/de\\\/#website\"},\"datePublished\":\"2023-12-19T16:37:41+00:00\",\"dateModified\":\"2024-08-22T08:06:56+00:00\",\"description\":\"Profitieren Sie von 10 % Rabatt auf BAR, indem Sie auf unserer Website den speziellen Code TMB verwenden, um direkt zu buchen.\",\"breadcrumb\":{\"@id\":\"https:\\\/\\\/www.termalymalebielice.com\\\/de\\\/sonderangebote\\\/#breadcrumb\"},\"inLanguage\":\"de-DE\",\"potentialAction\":[{\"@type\":\"ReadAction\",\"target\":[\"https:\\\/\\\/www.termalymalebielice.com\\\/de\\\/sonderangebote\\\/\"]}]},{\"@type\":\"BreadcrumbList\",\"@id\":\"https:\\\/\\\/www.termalymalebielice.com\\\/de\\\/sonderangebote\\\/#breadcrumb\",\"itemListElement\":[{\"@type\":\"ListItem\",\"position\":1,\"name\":\"Home\",\"item\":\"https:\\\/\\\/www.termalymalebielice.com\\\/de\\\/\"},{\"@type\":\"ListItem\",\"position\":2,\"name\":\"Sonderangebote\"}]},{\"@type\":\"WebSite\",\"@id\":\"https:\\\/\\\/www.termalymalebielice.com\\\/de\\\/#website\",\"url\":\"https:\\\/\\\/www.termalymalebielice.com\\\/de\\\/\",\"name\":\"Termaly Male Bielice\",\"description\":\"\",\"potentialAction\":[{\"@type\":\"SearchAction\",\"target\":{\"@type\":\"EntryPoint\",\"urlTemplate\":\"https:\\\/\\\/www.termalymalebielice.com\\\/de\\\/?s={search_term_string}\"},\"query-input\":{\"@type\":\"PropertyValueSpecification\",\"valueRequired\":true,\"valueName\":\"search_term_string\"}}],\"inLanguage\":\"de-DE\"}]}<\/script>\n<!-- \/ Yoast SEO plugin. -->","yoast_head_json":{"title":"10 % Rabatt auf die BAR | Term\u00e1ly Mal\u00e9 Bielice","description":"Profitieren Sie von 10 % Rabatt auf BAR, indem Sie auf unserer Website den speziellen Code TMB verwenden, um direkt zu buchen.","robots":{"index":"index","follow":"follow","max-snippet":"max-snippet:-1","max-image-preview":"max-image-preview:large","max-video-preview":"max-video-preview:-1"},"canonical":"https:\/\/www.termalymalebielice.com\/de\/sonderangebote\/","og_locale":"de_DE","og_type":"article","og_title":"10 % Rabatt auf die BAR | Term\u00e1ly Mal\u00e9 Bielice","og_description":"Profitieren Sie von 10 % Rabatt auf BAR, indem Sie auf unserer Website den speziellen Code TMB verwenden, um direkt zu buchen.","og_url":"https:\/\/www.termalymalebielice.com\/de\/sonderangebote\/","og_site_name":"Termaly Male Bielice","article_modified_time":"2024-08-22T08:06:56+00:00","twitter_card":"summary_large_image","twitter_misc":{"Gesch\u00e4tzte Lesezeit":"1 Minute"},"schema":{"@context":"https:\/\/schema.org","@graph":[{"@type":"WebPage","@id":"https:\/\/www.termalymalebielice.com\/de\/sonderangebote\/","url":"https:\/\/www.termalymalebielice.com\/de\/sonderangebote\/","name":"10 % Rabatt auf die BAR | Term\u00e1ly Mal\u00e9 Bielice","isPartOf":{"@id":"https:\/\/www.termalymalebielice.com\/de\/#website"},"datePublished":"2023-12-19T16:37:41+00:00","dateModified":"2024-08-22T08:06:56+00:00","description":"Profitieren Sie von 10 % Rabatt auf BAR, indem Sie auf unserer Website den speziellen Code TMB verwenden, um direkt zu buchen.","breadcrumb":{"@id":"https:\/\/www.termalymalebielice.com\/de\/sonderangebote\/#breadcrumb"},"inLanguage":"de-DE","potentialAction":[{"@type":"ReadAction","target":["https:\/\/www.termalymalebielice.com\/de\/sonderangebote\/"]}]},{"@type":"BreadcrumbList","@id":"https:\/\/www.termalymalebielice.com\/de\/sonderangebote\/#breadcrumb","itemListElement":[{"@type":"ListItem","position":1,"name":"Home","item":"https:\/\/www.termalymalebielice.com\/de\/"},{"@type":"ListItem","position":2,"name":"Sonderangebote"}]},{"@type":"WebSite","@id":"https:\/\/www.termalymalebielice.com\/de\/#website","url":"https:\/\/www.termalymalebielice.com\/de\/","name":"Termaly Male Bielice","description":"","potentialAction":[{"@type":"SearchAction","target":{"@type":"EntryPoint","urlTemplate":"https:\/\/www.termalymalebielice.com\/de\/?s={search_term_string}"},"query-input":{"@type":"PropertyValueSpecification","valueRequired":true,"valueName":"search_term_string"}}],"inLanguage":"de-DE"}]}},"acf":[],"_links":{"self":[{"href":"https:\/\/www.termalymalebielice.com\/de\/wp-json\/wp\/v2\/pages\/225","targetHints":{"allow":["GET"]}}],"collection":[{"href":"https:\/\/www.termalymalebielice.com\/de\/wp-json\/wp\/v2\/pages"}],"about":[{"href":"https:\/\/www.termalymalebielice.com\/de\/wp-json\/wp\/v2\/types\/page"}],"author":[{"embeddable":true,"href":"https:\/\/www.termalymalebielice.com\/de\/wp-json\/wp\/v2\/users\/7"}],"replies":[{"embeddable":true,"href":"https:\/\/www.termalymalebielice.com\/de\/wp-json\/wp\/v2\/comments?post=225"}],"version-history":[{"count":0,"href":"https:\/\/www.termalymalebielice.com\/de\/wp-json\/wp\/v2\/pages\/225\/revisions"}],"wp:attachment":[{"href":"https:\/\/www.termalymalebielice.com\/de\/wp-json\/wp\/v2\/media?parent=225"}],"curies":[{"name":"wp","href":"https:\/\/api.w.org\/{rel}","templated":true}]}}