{"id":209,"date":"2023-12-18T14:55:10","date_gmt":"2023-12-18T14:55:10","guid":{"rendered":"https:\/\/termaly-male-bielice.ms2.decms.eu\/?page_id=209"},"modified":"2025-02-13T09:15:56","modified_gmt":"2025-02-13T09:15:56","slug":"superior-zimmer","status":"publish","type":"page","link":"https:\/\/www.termalymalebielice.com\/de\/gaestezimmer\/superior-zimmer\/","title":{"rendered":"Superior-Zimmer"},"content":{"rendered":"<p style=\"text-align: center\"><span class=\"jCAhz ChMk0b\"><span class=\"ryNqvb\">G\u00f6nnen Sie sich f\u00fcr Ihren angenehmen und komfortablen Aufenthalt ein modernes, ger\u00e4umiges Zimmer.<\/span><\/span> <span class=\"jCAhz ChMk0b\"><span class=\"ryNqvb\">Das Zimmer verf\u00fcgt \u00fcber ein klares und modernes Design, ein renoviertes Badezimmer und einen angrenzenden Balkon zum Entspannen.<\/span><\/span><\/p>\n","protected":false},"excerpt":{"rendered":"<p>G\u00f6nnen Sie sich f\u00fcr Ihren angenehmen und komfortablen Aufenthalt ein modernes, ger\u00e4umiges Zimmer. Das Zimmer verf\u00fcgt \u00fcber ein klares und modernes Design, ein renoviertes Badezimmer und einen angrenzenden Balkon zum Entspannen.<\/p>\n","protected":false},"author":7,"featured_media":0,"parent":205,"menu_order":20,"comment_status":"closed","ping_status":"closed","template":"template-single-room.php","meta":{"footnotes":""},"class_list":["post-209","page","type-page","status-publish","hentry"],"yoast_head":"<!-- This site is optimized with the Yoast SEO plugin v27.3 - https:\/\/yoast.com\/product\/yoast-seo-wordpress\/ -->\n<title>Superior-Zimmer | Term\u00e1ly Mal\u00e9 Bielice<\/title>\n<meta name=\"description\" content=\"G\u00f6nnen Sie sich ein ger\u00e4umiges Zimmer und einen Balkon mit herrlicher Aussicht auf den Park oder den Aquapark.\" \/>\n<meta name=\"robots\" content=\"index, follow, max-snippet:-1, max-image-preview:large, max-video-preview:-1\" \/>\n<link rel=\"canonical\" href=\"https:\/\/www.termalymalebielice.com\/de\/gaestezimmer\/superior-zimmer\/\" \/>\n<meta property=\"og:locale\" content=\"de_DE\" \/>\n<meta property=\"og:type\" content=\"article\" \/>\n<meta property=\"og:title\" content=\"Superior-Zimmer | Term\u00e1ly Mal\u00e9 Bielice\" \/>\n<meta property=\"og:description\" content=\"G\u00f6nnen Sie sich ein ger\u00e4umiges Zimmer und einen Balkon mit herrlicher Aussicht auf den Park oder den Aquapark.\" \/>\n<meta property=\"og:url\" content=\"https:\/\/www.termalymalebielice.com\/de\/gaestezimmer\/superior-zimmer\/\" \/>\n<meta property=\"og:site_name\" content=\"Termaly Male Bielice\" \/>\n<meta property=\"article:modified_time\" content=\"2025-02-13T09:15:56+00:00\" \/>\n<meta name=\"twitter:card\" content=\"summary_large_image\" \/>\n<meta name=\"twitter:label1\" content=\"Gesch\u00e4tzte Lesezeit\" \/>\n\t<meta name=\"twitter:data1\" content=\"1 Minute\" \/>\n<script type=\"application\/ld+json\" class=\"yoast-schema-graph\">{\"@context\":\"https:\\\/\\\/schema.org\",\"@graph\":[{\"@type\":\"WebPage\",\"@id\":\"https:\\\/\\\/www.termalymalebielice.com\\\/de\\\/gaestezimmer\\\/superior-zimmer\\\/\",\"url\":\"https:\\\/\\\/www.termalymalebielice.com\\\/de\\\/gaestezimmer\\\/superior-zimmer\\\/\",\"name\":\"Superior-Zimmer | Term\u00e1ly Mal\u00e9 Bielice\",\"isPartOf\":{\"@id\":\"https:\\\/\\\/www.termalymalebielice.com\\\/de\\\/#website\"},\"datePublished\":\"2023-12-18T14:55:10+00:00\",\"dateModified\":\"2025-02-13T09:15:56+00:00\",\"description\":\"G\u00f6nnen Sie sich ein ger\u00e4umiges Zimmer und einen Balkon mit herrlicher Aussicht auf den Park oder den Aquapark.\",\"breadcrumb\":{\"@id\":\"https:\\\/\\\/www.termalymalebielice.com\\\/de\\\/gaestezimmer\\\/superior-zimmer\\\/#breadcrumb\"},\"inLanguage\":\"de-DE\",\"potentialAction\":[{\"@type\":\"ReadAction\",\"target\":[\"https:\\\/\\\/www.termalymalebielice.com\\\/de\\\/gaestezimmer\\\/superior-zimmer\\\/\"]}]},{\"@type\":\"BreadcrumbList\",\"@id\":\"https:\\\/\\\/www.termalymalebielice.com\\\/de\\\/gaestezimmer\\\/superior-zimmer\\\/#breadcrumb\",\"itemListElement\":[{\"@type\":\"ListItem\",\"position\":1,\"name\":\"Home\",\"item\":\"https:\\\/\\\/www.termalymalebielice.com\\\/de\\\/\"},{\"@type\":\"ListItem\",\"position\":2,\"name\":\"G\u00e4stezimmer\",\"item\":\"https:\\\/\\\/www.termalymalebielice.com\\\/de\\\/gaestezimmer\\\/\"},{\"@type\":\"ListItem\",\"position\":3,\"name\":\"Superior-Zimmer\"}]},{\"@type\":\"WebSite\",\"@id\":\"https:\\\/\\\/www.termalymalebielice.com\\\/de\\\/#website\",\"url\":\"https:\\\/\\\/www.termalymalebielice.com\\\/de\\\/\",\"name\":\"Termaly Male Bielice\",\"description\":\"\",\"potentialAction\":[{\"@type\":\"SearchAction\",\"target\":{\"@type\":\"EntryPoint\",\"urlTemplate\":\"https:\\\/\\\/www.termalymalebielice.com\\\/de\\\/?s={search_term_string}\"},\"query-input\":{\"@type\":\"PropertyValueSpecification\",\"valueRequired\":true,\"valueName\":\"search_term_string\"}}],\"inLanguage\":\"de-DE\"}]}<\/script>\n<!-- \/ Yoast SEO plugin. -->","yoast_head_json":{"title":"Superior-Zimmer | Term\u00e1ly Mal\u00e9 Bielice","description":"G\u00f6nnen Sie sich ein ger\u00e4umiges Zimmer und einen Balkon mit herrlicher Aussicht auf den Park oder den Aquapark.","robots":{"index":"index","follow":"follow","max-snippet":"max-snippet:-1","max-image-preview":"max-image-preview:large","max-video-preview":"max-video-preview:-1"},"canonical":"https:\/\/www.termalymalebielice.com\/de\/gaestezimmer\/superior-zimmer\/","og_locale":"de_DE","og_type":"article","og_title":"Superior-Zimmer | Term\u00e1ly Mal\u00e9 Bielice","og_description":"G\u00f6nnen Sie sich ein ger\u00e4umiges Zimmer und einen Balkon mit herrlicher Aussicht auf den Park oder den Aquapark.","og_url":"https:\/\/www.termalymalebielice.com\/de\/gaestezimmer\/superior-zimmer\/","og_site_name":"Termaly Male Bielice","article_modified_time":"2025-02-13T09:15:56+00:00","twitter_card":"summary_large_image","twitter_misc":{"Gesch\u00e4tzte Lesezeit":"1 Minute"},"schema":{"@context":"https:\/\/schema.org","@graph":[{"@type":"WebPage","@id":"https:\/\/www.termalymalebielice.com\/de\/gaestezimmer\/superior-zimmer\/","url":"https:\/\/www.termalymalebielice.com\/de\/gaestezimmer\/superior-zimmer\/","name":"Superior-Zimmer | Term\u00e1ly Mal\u00e9 Bielice","isPartOf":{"@id":"https:\/\/www.termalymalebielice.com\/de\/#website"},"datePublished":"2023-12-18T14:55:10+00:00","dateModified":"2025-02-13T09:15:56+00:00","description":"G\u00f6nnen Sie sich ein ger\u00e4umiges Zimmer und einen Balkon mit herrlicher Aussicht auf den Park oder den Aquapark.","breadcrumb":{"@id":"https:\/\/www.termalymalebielice.com\/de\/gaestezimmer\/superior-zimmer\/#breadcrumb"},"inLanguage":"de-DE","potentialAction":[{"@type":"ReadAction","target":["https:\/\/www.termalymalebielice.com\/de\/gaestezimmer\/superior-zimmer\/"]}]},{"@type":"BreadcrumbList","@id":"https:\/\/www.termalymalebielice.com\/de\/gaestezimmer\/superior-zimmer\/#breadcrumb","itemListElement":[{"@type":"ListItem","position":1,"name":"Home","item":"https:\/\/www.termalymalebielice.com\/de\/"},{"@type":"ListItem","position":2,"name":"G\u00e4stezimmer","item":"https:\/\/www.termalymalebielice.com\/de\/gaestezimmer\/"},{"@type":"ListItem","position":3,"name":"Superior-Zimmer"}]},{"@type":"WebSite","@id":"https:\/\/www.termalymalebielice.com\/de\/#website","url":"https:\/\/www.termalymalebielice.com\/de\/","name":"Termaly Male Bielice","description":"","potentialAction":[{"@type":"SearchAction","target":{"@type":"EntryPoint","urlTemplate":"https:\/\/www.termalymalebielice.com\/de\/?s={search_term_string}"},"query-input":{"@type":"PropertyValueSpecification","valueRequired":true,"valueName":"search_term_string"}}],"inLanguage":"de-DE"}]}},"acf":[],"_links":{"self":[{"href":"https:\/\/www.termalymalebielice.com\/de\/wp-json\/wp\/v2\/pages\/209","targetHints":{"allow":["GET"]}}],"collection":[{"href":"https:\/\/www.termalymalebielice.com\/de\/wp-json\/wp\/v2\/pages"}],"about":[{"href":"https:\/\/www.termalymalebielice.com\/de\/wp-json\/wp\/v2\/types\/page"}],"author":[{"embeddable":true,"href":"https:\/\/www.termalymalebielice.com\/de\/wp-json\/wp\/v2\/users\/7"}],"replies":[{"embeddable":true,"href":"https:\/\/www.termalymalebielice.com\/de\/wp-json\/wp\/v2\/comments?post=209"}],"version-history":[{"count":0,"href":"https:\/\/www.termalymalebielice.com\/de\/wp-json\/wp\/v2\/pages\/209\/revisions"}],"up":[{"embeddable":true,"href":"https:\/\/www.termalymalebielice.com\/de\/wp-json\/wp\/v2\/pages\/205"}],"wp:attachment":[{"href":"https:\/\/www.termalymalebielice.com\/de\/wp-json\/wp\/v2\/media?parent=209"}],"curies":[{"name":"wp","href":"https:\/\/api.w.org\/{rel}","templated":true}]}}