{"id":207,"date":"2023-12-18T12:03:42","date_gmt":"2023-12-18T12:03:42","guid":{"rendered":"https:\/\/termaly-male-bielice.ms2.decms.eu\/?page_id=207"},"modified":"2025-02-13T09:13:57","modified_gmt":"2025-02-13T09:13:57","slug":"standardzimmer","status":"publish","type":"page","link":"https:\/\/www.termalymalebielice.com\/de\/gaestezimmer\/standardzimmer\/","title":{"rendered":"Standardzimmer"},"content":{"rendered":"<p>Ein mit modernen M\u00f6beln ausgestattetes Hotelzimmer bietet von der Minibar bis zur hochwertigen Kosmetik alles f\u00fcr einen angenehmen Gastaufenthalt. Das Zimmer verf\u00fcgt au\u00dferdem \u00fcber ein eigenes Badezimmer mit Dusche und Blick auf das Gr\u00fcn des angrenzenden Parks oder des Wasserparks. Im Sommer ist das Sitzen auf dem privaten Balkon m\u00f6glich.<\/p>\n","protected":false},"excerpt":{"rendered":"<p>Ein mit modernen M\u00f6beln ausgestattetes Hotelzimmer bietet von der Minibar bis zur hochwertigen Kosmetik alles f\u00fcr einen angenehmen Gastaufenthalt. Das Zimmer verf\u00fcgt au\u00dferdem \u00fcber ein eigenes Badezimmer mit Dusche und Blick auf das Gr\u00fcn des angrenzenden Parks oder des Wasserparks. Im Sommer ist das Sitzen auf dem privaten Balkon m\u00f6glich.<\/p>\n","protected":false},"author":7,"featured_media":0,"parent":205,"menu_order":10,"comment_status":"closed","ping_status":"closed","template":"template-single-room.php","meta":{"footnotes":""},"class_list":["post-207","page","type-page","status-publish","hentry"],"yoast_head":"<!-- This site is optimized with the Yoast SEO plugin v27.3 - https:\/\/yoast.com\/product\/yoast-seo-wordpress\/ -->\n<title>Zimmer | Term\u00e1ly Mal\u00e9 Bielice<\/title>\n<meta name=\"description\" content=\"Hotel Term\u00e1ly Mal\u00e9 Bielice bieten Erholung, freundlichen Service, h\u00f6fliches Personal und entspannende Annehmlichkeiten.\" \/>\n<meta name=\"robots\" content=\"index, follow, max-snippet:-1, max-image-preview:large, max-video-preview:-1\" \/>\n<link rel=\"canonical\" href=\"https:\/\/www.termalymalebielice.com\/de\/gaestezimmer\/standardzimmer\/\" \/>\n<meta property=\"og:locale\" content=\"de_DE\" \/>\n<meta property=\"og:type\" content=\"article\" \/>\n<meta property=\"og:title\" content=\"Zimmer | Term\u00e1ly Mal\u00e9 Bielice\" \/>\n<meta property=\"og:description\" content=\"Hotel Term\u00e1ly Mal\u00e9 Bielice bieten Erholung, freundlichen Service, h\u00f6fliches Personal und entspannende Annehmlichkeiten.\" \/>\n<meta property=\"og:url\" content=\"https:\/\/www.termalymalebielice.com\/de\/gaestezimmer\/standardzimmer\/\" \/>\n<meta property=\"og:site_name\" content=\"Termaly Male Bielice\" \/>\n<meta property=\"article:modified_time\" content=\"2025-02-13T09:13:57+00:00\" \/>\n<meta name=\"twitter:card\" content=\"summary_large_image\" \/>\n<meta name=\"twitter:label1\" content=\"Gesch\u00e4tzte Lesezeit\" \/>\n\t<meta name=\"twitter:data1\" content=\"1 Minute\" \/>\n<script type=\"application\/ld+json\" class=\"yoast-schema-graph\">{\"@context\":\"https:\\\/\\\/schema.org\",\"@graph\":[{\"@type\":\"WebPage\",\"@id\":\"https:\\\/\\\/www.termalymalebielice.com\\\/de\\\/gaestezimmer\\\/standardzimmer\\\/\",\"url\":\"https:\\\/\\\/www.termalymalebielice.com\\\/de\\\/gaestezimmer\\\/standardzimmer\\\/\",\"name\":\"Zimmer | Term\u00e1ly Mal\u00e9 Bielice\",\"isPartOf\":{\"@id\":\"https:\\\/\\\/www.termalymalebielice.com\\\/de\\\/#website\"},\"datePublished\":\"2023-12-18T12:03:42+00:00\",\"dateModified\":\"2025-02-13T09:13:57+00:00\",\"description\":\"Hotel Term\u00e1ly Mal\u00e9 Bielice bieten Erholung, freundlichen Service, h\u00f6fliches Personal und entspannende Annehmlichkeiten.\",\"breadcrumb\":{\"@id\":\"https:\\\/\\\/www.termalymalebielice.com\\\/de\\\/gaestezimmer\\\/standardzimmer\\\/#breadcrumb\"},\"inLanguage\":\"de-DE\",\"potentialAction\":[{\"@type\":\"ReadAction\",\"target\":[\"https:\\\/\\\/www.termalymalebielice.com\\\/de\\\/gaestezimmer\\\/standardzimmer\\\/\"]}]},{\"@type\":\"BreadcrumbList\",\"@id\":\"https:\\\/\\\/www.termalymalebielice.com\\\/de\\\/gaestezimmer\\\/standardzimmer\\\/#breadcrumb\",\"itemListElement\":[{\"@type\":\"ListItem\",\"position\":1,\"name\":\"Home\",\"item\":\"https:\\\/\\\/www.termalymalebielice.com\\\/de\\\/\"},{\"@type\":\"ListItem\",\"position\":2,\"name\":\"G\u00e4stezimmer\",\"item\":\"https:\\\/\\\/www.termalymalebielice.com\\\/de\\\/gaestezimmer\\\/\"},{\"@type\":\"ListItem\",\"position\":3,\"name\":\"Standardzimmer\"}]},{\"@type\":\"WebSite\",\"@id\":\"https:\\\/\\\/www.termalymalebielice.com\\\/de\\\/#website\",\"url\":\"https:\\\/\\\/www.termalymalebielice.com\\\/de\\\/\",\"name\":\"Termaly Male Bielice\",\"description\":\"\",\"potentialAction\":[{\"@type\":\"SearchAction\",\"target\":{\"@type\":\"EntryPoint\",\"urlTemplate\":\"https:\\\/\\\/www.termalymalebielice.com\\\/de\\\/?s={search_term_string}\"},\"query-input\":{\"@type\":\"PropertyValueSpecification\",\"valueRequired\":true,\"valueName\":\"search_term_string\"}}],\"inLanguage\":\"de-DE\"}]}<\/script>\n<!-- \/ Yoast SEO plugin. -->","yoast_head_json":{"title":"Zimmer | Term\u00e1ly Mal\u00e9 Bielice","description":"Hotel Term\u00e1ly Mal\u00e9 Bielice bieten Erholung, freundlichen Service, h\u00f6fliches Personal und entspannende Annehmlichkeiten.","robots":{"index":"index","follow":"follow","max-snippet":"max-snippet:-1","max-image-preview":"max-image-preview:large","max-video-preview":"max-video-preview:-1"},"canonical":"https:\/\/www.termalymalebielice.com\/de\/gaestezimmer\/standardzimmer\/","og_locale":"de_DE","og_type":"article","og_title":"Zimmer | Term\u00e1ly Mal\u00e9 Bielice","og_description":"Hotel Term\u00e1ly Mal\u00e9 Bielice bieten Erholung, freundlichen Service, h\u00f6fliches Personal und entspannende Annehmlichkeiten.","og_url":"https:\/\/www.termalymalebielice.com\/de\/gaestezimmer\/standardzimmer\/","og_site_name":"Termaly Male Bielice","article_modified_time":"2025-02-13T09:13:57+00:00","twitter_card":"summary_large_image","twitter_misc":{"Gesch\u00e4tzte Lesezeit":"1 Minute"},"schema":{"@context":"https:\/\/schema.org","@graph":[{"@type":"WebPage","@id":"https:\/\/www.termalymalebielice.com\/de\/gaestezimmer\/standardzimmer\/","url":"https:\/\/www.termalymalebielice.com\/de\/gaestezimmer\/standardzimmer\/","name":"Zimmer | Term\u00e1ly Mal\u00e9 Bielice","isPartOf":{"@id":"https:\/\/www.termalymalebielice.com\/de\/#website"},"datePublished":"2023-12-18T12:03:42+00:00","dateModified":"2025-02-13T09:13:57+00:00","description":"Hotel Term\u00e1ly Mal\u00e9 Bielice bieten Erholung, freundlichen Service, h\u00f6fliches Personal und entspannende Annehmlichkeiten.","breadcrumb":{"@id":"https:\/\/www.termalymalebielice.com\/de\/gaestezimmer\/standardzimmer\/#breadcrumb"},"inLanguage":"de-DE","potentialAction":[{"@type":"ReadAction","target":["https:\/\/www.termalymalebielice.com\/de\/gaestezimmer\/standardzimmer\/"]}]},{"@type":"BreadcrumbList","@id":"https:\/\/www.termalymalebielice.com\/de\/gaestezimmer\/standardzimmer\/#breadcrumb","itemListElement":[{"@type":"ListItem","position":1,"name":"Home","item":"https:\/\/www.termalymalebielice.com\/de\/"},{"@type":"ListItem","position":2,"name":"G\u00e4stezimmer","item":"https:\/\/www.termalymalebielice.com\/de\/gaestezimmer\/"},{"@type":"ListItem","position":3,"name":"Standardzimmer"}]},{"@type":"WebSite","@id":"https:\/\/www.termalymalebielice.com\/de\/#website","url":"https:\/\/www.termalymalebielice.com\/de\/","name":"Termaly Male Bielice","description":"","potentialAction":[{"@type":"SearchAction","target":{"@type":"EntryPoint","urlTemplate":"https:\/\/www.termalymalebielice.com\/de\/?s={search_term_string}"},"query-input":{"@type":"PropertyValueSpecification","valueRequired":true,"valueName":"search_term_string"}}],"inLanguage":"de-DE"}]}},"acf":[],"_links":{"self":[{"href":"https:\/\/www.termalymalebielice.com\/de\/wp-json\/wp\/v2\/pages\/207","targetHints":{"allow":["GET"]}}],"collection":[{"href":"https:\/\/www.termalymalebielice.com\/de\/wp-json\/wp\/v2\/pages"}],"about":[{"href":"https:\/\/www.termalymalebielice.com\/de\/wp-json\/wp\/v2\/types\/page"}],"author":[{"embeddable":true,"href":"https:\/\/www.termalymalebielice.com\/de\/wp-json\/wp\/v2\/users\/7"}],"replies":[{"embeddable":true,"href":"https:\/\/www.termalymalebielice.com\/de\/wp-json\/wp\/v2\/comments?post=207"}],"version-history":[{"count":0,"href":"https:\/\/www.termalymalebielice.com\/de\/wp-json\/wp\/v2\/pages\/207\/revisions"}],"up":[{"embeddable":true,"href":"https:\/\/www.termalymalebielice.com\/de\/wp-json\/wp\/v2\/pages\/205"}],"wp:attachment":[{"href":"https:\/\/www.termalymalebielice.com\/de\/wp-json\/wp\/v2\/media?parent=207"}],"curies":[{"name":"wp","href":"https:\/\/api.w.org\/{rel}","templated":true}]}}