{"id":717,"date":"2023-12-21T16:43:55","date_gmt":"2023-12-21T16:43:55","guid":{"rendered":"https:\/\/www.termalymalebielice.com\/?page_id=717"},"modified":"2025-05-20T07:54:27","modified_gmt":"2025-05-20T07:54:27","slug":"darkove-poukazy","status":"publish","type":"page","link":"https:\/\/www.termalymalebielice.com\/cs\/darkove-poukazy\/","title":{"rendered":"D\u00e1rkov\u00e9 poukazy"},"content":{"rendered":"<p style=\"text-align: center\"><span class=\"jCAhz\"><span class=\"ryNqvb\">R\u00e1di byste obdarovali sv\u00e9 bl\u00edzk\u00e9, p\u0159\u00e1tele nebo obchodn\u00ed partnery netradi\u010dn\u00edm d\u00e1rkem?<\/span><\/span> <span class=\"jCAhz\"><span class=\"ryNqvb\">Hled\u00e1te vhodn\u00fd d\u00e1rek pro sv\u00e9 zam\u011bstnance?<\/span><\/span> <span class=\"jCAhz\"><span class=\"ryNqvb\">Na slu\u017eby hotelu Term\u00e1ly Mal\u00e9 Bielice si m\u016f\u017eete zakoupit d\u00e1rkov\u00fd poukaz.<\/span><\/span> <span class=\"jCAhz ChMk0b\"><span class=\"ryNqvb\">Nev\u00e1hejte n\u00e1s kontaktovat, r\u00e1di V\u00e1m pom\u016f\u017eeme s v\u00fdb\u011brem a za\u0159\u00edd\u00edme v\u0161e pot\u0159ebn\u00e9.<\/span><\/span><\/p>\n","protected":false},"excerpt":{"rendered":"<p>R\u00e1di byste obdarovali sv\u00e9 bl\u00edzk\u00e9, p\u0159\u00e1tele nebo obchodn\u00ed partnery netradi\u010dn\u00edm d\u00e1rkem? Hled\u00e1te vhodn\u00fd d\u00e1rek pro sv\u00e9 zam\u011bstnance? Na slu\u017eby hotelu Term\u00e1ly Mal\u00e9 Bielice si m\u016f\u017eete zakoupit d\u00e1rkov\u00fd poukaz. Nev\u00e1hejte n\u00e1s kontaktovat, r\u00e1di V\u00e1m pom\u016f\u017eeme s v\u00fdb\u011brem a za\u0159\u00edd\u00edme v\u0161e pot\u0159ebn\u00e9.<\/p>\n","protected":false},"author":46,"featured_media":0,"parent":0,"menu_order":110,"comment_status":"closed","ping_status":"closed","template":"","meta":{"footnotes":""},"class_list":["post-717","page","type-page","status-publish","hentry"],"yoast_head":"<!-- This site is optimized with the Yoast SEO plugin v27.3 - https:\/\/yoast.com\/product\/yoast-seo-wordpress\/ -->\n<title>D\u00e1rkov\u00e9 poukazy - Termaly Male Bielice -<\/title>\n<meta name=\"description\" content=\"Darujte netradi\u010dn\u00ed d\u00e1rkov\u00fd poukaz z hotelu Term\u00e1ly Mal\u00e9 Bielice. Kontaktujte n\u00e1s, r\u00e1di pom\u016f\u017eeme s v\u00fdb\u011brem i objedn\u00e1vkou.\" \/>\n<meta name=\"robots\" content=\"index, follow, max-snippet:-1, max-image-preview:large, max-video-preview:-1\" \/>\n<link rel=\"canonical\" href=\"https:\/\/www.termalymalebielice.com\/cs\/darkove-poukazy\/\" \/>\n<meta property=\"og:locale\" content=\"cs_CZ\" \/>\n<meta property=\"og:type\" content=\"article\" \/>\n<meta property=\"og:title\" content=\"D\u00e1rkov\u00e9 poukazy - Termaly Male Bielice -\" \/>\n<meta property=\"og:description\" content=\"Darujte netradi\u010dn\u00ed d\u00e1rkov\u00fd poukaz z hotelu Term\u00e1ly Mal\u00e9 Bielice. Kontaktujte n\u00e1s, r\u00e1di pom\u016f\u017eeme s v\u00fdb\u011brem i objedn\u00e1vkou.\" \/>\n<meta property=\"og:url\" content=\"https:\/\/www.termalymalebielice.com\/cs\/darkove-poukazy\/\" \/>\n<meta property=\"og:site_name\" content=\"Termaly Male Bielice\" \/>\n<meta property=\"article:modified_time\" content=\"2025-05-20T07:54:27+00:00\" \/>\n<meta name=\"twitter:card\" content=\"summary_large_image\" \/>\n<meta name=\"twitter:label1\" content=\"Odhadovan\u00e1 doba \u010dten\u00ed\" \/>\n\t<meta name=\"twitter:data1\" content=\"1 minuta\" \/>\n<script type=\"application\/ld+json\" class=\"yoast-schema-graph\">{\"@context\":\"https:\\\/\\\/schema.org\",\"@graph\":[{\"@type\":\"WebPage\",\"@id\":\"https:\\\/\\\/www.termalymalebielice.com\\\/cs\\\/darkove-poukazy\\\/\",\"url\":\"https:\\\/\\\/www.termalymalebielice.com\\\/cs\\\/darkove-poukazy\\\/\",\"name\":\"D\u00e1rkov\u00e9 poukazy - Termaly Male Bielice -\",\"isPartOf\":{\"@id\":\"https:\\\/\\\/www.termalymalebielice.com\\\/cs\\\/#website\"},\"datePublished\":\"2023-12-21T16:43:55+00:00\",\"dateModified\":\"2025-05-20T07:54:27+00:00\",\"description\":\"Darujte netradi\u010dn\u00ed d\u00e1rkov\u00fd poukaz z hotelu Term\u00e1ly Mal\u00e9 Bielice. Kontaktujte n\u00e1s, r\u00e1di pom\u016f\u017eeme s v\u00fdb\u011brem i objedn\u00e1vkou.\",\"breadcrumb\":{\"@id\":\"https:\\\/\\\/www.termalymalebielice.com\\\/cs\\\/darkove-poukazy\\\/#breadcrumb\"},\"inLanguage\":\"cs\",\"potentialAction\":[{\"@type\":\"ReadAction\",\"target\":[\"https:\\\/\\\/www.termalymalebielice.com\\\/cs\\\/darkove-poukazy\\\/\"]}]},{\"@type\":\"BreadcrumbList\",\"@id\":\"https:\\\/\\\/www.termalymalebielice.com\\\/cs\\\/darkove-poukazy\\\/#breadcrumb\",\"itemListElement\":[{\"@type\":\"ListItem\",\"position\":1,\"name\":\"Home\",\"item\":\"https:\\\/\\\/www.termalymalebielice.com\\\/cs\\\/\"},{\"@type\":\"ListItem\",\"position\":2,\"name\":\"D\u00e1rkov\u00e9 poukazy\"}]},{\"@type\":\"WebSite\",\"@id\":\"https:\\\/\\\/www.termalymalebielice.com\\\/cs\\\/#website\",\"url\":\"https:\\\/\\\/www.termalymalebielice.com\\\/cs\\\/\",\"name\":\"Termaly Male Bielice\",\"description\":\"\",\"potentialAction\":[{\"@type\":\"SearchAction\",\"target\":{\"@type\":\"EntryPoint\",\"urlTemplate\":\"https:\\\/\\\/www.termalymalebielice.com\\\/cs\\\/?s={search_term_string}\"},\"query-input\":{\"@type\":\"PropertyValueSpecification\",\"valueRequired\":true,\"valueName\":\"search_term_string\"}}],\"inLanguage\":\"cs\"}]}<\/script>\n<!-- \/ Yoast SEO plugin. -->","yoast_head_json":{"title":"D\u00e1rkov\u00e9 poukazy - Termaly Male Bielice -","description":"Darujte netradi\u010dn\u00ed d\u00e1rkov\u00fd poukaz z hotelu Term\u00e1ly Mal\u00e9 Bielice. Kontaktujte n\u00e1s, r\u00e1di pom\u016f\u017eeme s v\u00fdb\u011brem i objedn\u00e1vkou.","robots":{"index":"index","follow":"follow","max-snippet":"max-snippet:-1","max-image-preview":"max-image-preview:large","max-video-preview":"max-video-preview:-1"},"canonical":"https:\/\/www.termalymalebielice.com\/cs\/darkove-poukazy\/","og_locale":"cs_CZ","og_type":"article","og_title":"D\u00e1rkov\u00e9 poukazy - Termaly Male Bielice -","og_description":"Darujte netradi\u010dn\u00ed d\u00e1rkov\u00fd poukaz z hotelu Term\u00e1ly Mal\u00e9 Bielice. Kontaktujte n\u00e1s, r\u00e1di pom\u016f\u017eeme s v\u00fdb\u011brem i objedn\u00e1vkou.","og_url":"https:\/\/www.termalymalebielice.com\/cs\/darkove-poukazy\/","og_site_name":"Termaly Male Bielice","article_modified_time":"2025-05-20T07:54:27+00:00","twitter_card":"summary_large_image","twitter_misc":{"Odhadovan\u00e1 doba \u010dten\u00ed":"1 minuta"},"schema":{"@context":"https:\/\/schema.org","@graph":[{"@type":"WebPage","@id":"https:\/\/www.termalymalebielice.com\/cs\/darkove-poukazy\/","url":"https:\/\/www.termalymalebielice.com\/cs\/darkove-poukazy\/","name":"D\u00e1rkov\u00e9 poukazy - Termaly Male Bielice -","isPartOf":{"@id":"https:\/\/www.termalymalebielice.com\/cs\/#website"},"datePublished":"2023-12-21T16:43:55+00:00","dateModified":"2025-05-20T07:54:27+00:00","description":"Darujte netradi\u010dn\u00ed d\u00e1rkov\u00fd poukaz z hotelu Term\u00e1ly Mal\u00e9 Bielice. Kontaktujte n\u00e1s, r\u00e1di pom\u016f\u017eeme s v\u00fdb\u011brem i objedn\u00e1vkou.","breadcrumb":{"@id":"https:\/\/www.termalymalebielice.com\/cs\/darkove-poukazy\/#breadcrumb"},"inLanguage":"cs","potentialAction":[{"@type":"ReadAction","target":["https:\/\/www.termalymalebielice.com\/cs\/darkove-poukazy\/"]}]},{"@type":"BreadcrumbList","@id":"https:\/\/www.termalymalebielice.com\/cs\/darkove-poukazy\/#breadcrumb","itemListElement":[{"@type":"ListItem","position":1,"name":"Home","item":"https:\/\/www.termalymalebielice.com\/cs\/"},{"@type":"ListItem","position":2,"name":"D\u00e1rkov\u00e9 poukazy"}]},{"@type":"WebSite","@id":"https:\/\/www.termalymalebielice.com\/cs\/#website","url":"https:\/\/www.termalymalebielice.com\/cs\/","name":"Termaly Male Bielice","description":"","potentialAction":[{"@type":"SearchAction","target":{"@type":"EntryPoint","urlTemplate":"https:\/\/www.termalymalebielice.com\/cs\/?s={search_term_string}"},"query-input":{"@type":"PropertyValueSpecification","valueRequired":true,"valueName":"search_term_string"}}],"inLanguage":"cs"}]}},"acf":[],"_links":{"self":[{"href":"https:\/\/www.termalymalebielice.com\/cs\/wp-json\/wp\/v2\/pages\/717","targetHints":{"allow":["GET"]}}],"collection":[{"href":"https:\/\/www.termalymalebielice.com\/cs\/wp-json\/wp\/v2\/pages"}],"about":[{"href":"https:\/\/www.termalymalebielice.com\/cs\/wp-json\/wp\/v2\/types\/page"}],"author":[{"embeddable":true,"href":"https:\/\/www.termalymalebielice.com\/cs\/wp-json\/wp\/v2\/users\/46"}],"replies":[{"embeddable":true,"href":"https:\/\/www.termalymalebielice.com\/cs\/wp-json\/wp\/v2\/comments?post=717"}],"version-history":[{"count":0,"href":"https:\/\/www.termalymalebielice.com\/cs\/wp-json\/wp\/v2\/pages\/717\/revisions"}],"wp:attachment":[{"href":"https:\/\/www.termalymalebielice.com\/cs\/wp-json\/wp\/v2\/media?parent=717"}],"curies":[{"name":"wp","href":"https:\/\/api.w.org\/{rel}","templated":true}]}}