{"id":716,"date":"2023-12-22T09:58:58","date_gmt":"2023-12-22T09:58:58","guid":{"rendered":"https:\/\/www.termalymalebielice.com\/?page_id=716"},"modified":"2025-05-20T07:55:06","modified_gmt":"2025-05-20T07:55:06","slug":"recenze-hotelovych-hostu","status":"publish","type":"page","link":"https:\/\/www.termalymalebielice.com\/cs\/recenze-hotelovych-hostu\/","title":{"rendered":"Recenze hotelov\u00fdch host\u016f"},"content":{"rendered":"<p style=\"text-align: center\"><span class=\"jCAhz\"><span class=\"ryNqvb\">Zp\u011btn\u00e1 vazba od host\u016f je pro na\u0161e podnik\u00e1n\u00ed neoceniteln\u00e1.<\/span><\/span> <span class=\"jCAhz ChMk0b\"><span class=\"ryNqvb\">Skute\u010dn\u011b naslouch\u00e1me zp\u011btn\u00e9 vazb\u011b host\u016f a vyu\u017e\u00edv\u00e1me je ke zlep\u0161ov\u00e1n\u00ed na\u0161ich slu\u017eeb a k zaji\u0161t\u011bn\u00ed pohodl\u00ed na\u0161ich host\u016f po celou dobu jejich pobytu v Term\u00e1ly Mal\u00e9 Bielice.<\/span><\/span> <span class=\"jCAhz\"><span class=\"ryNqvb\">T\u011b\u0161\u00edme se na va\u0161i zpr\u00e1vu.<\/span><\/span> <span class=\"jCAhz ChMk0b\"><span class=\"ryNqvb\">Pod\u011blte se pros\u00edm o ka\u017ed\u00fd detail sv\u00e9ho pobytu. <\/span><\/span><span class=\"jCAhz ChMk0b\"><span class=\"ryNqvb\">M\u016f\u017eete n\u00e1s kontaktovat zasl\u00e1n\u00edm e-mailu na adresu info@termalymalebielice.sk nebo n\u00e1m zanechat sv\u016fj koment\u00e1\u0159 na Tripadvisor, Booking.com nebo Google.<\/span><\/span><\/p>\n","protected":false},"excerpt":{"rendered":"<p>Zp\u011btn\u00e1 vazba od host\u016f je pro na\u0161e podnik\u00e1n\u00ed neoceniteln\u00e1. Skute\u010dn\u011b naslouch\u00e1me zp\u011btn\u00e9 vazb\u011b host\u016f a vyu\u017e\u00edv\u00e1me je ke zlep\u0161ov\u00e1n\u00ed na\u0161ich slu\u017eeb a k zaji\u0161t\u011bn\u00ed pohodl\u00ed na\u0161ich host\u016f po celou dobu jejich pobytu v Term\u00e1ly Mal\u00e9 Bielice. T\u011b\u0161\u00edme se na va\u0161i zpr\u00e1vu. Pod\u011blte se pros\u00edm o ka\u017ed\u00fd detail sv\u00e9ho pobytu. M\u016f\u017eete n\u00e1s kontaktovat zasl\u00e1n\u00edm e-mailu na [&hellip;]<\/p>\n","protected":false},"author":46,"featured_media":0,"parent":0,"menu_order":115,"comment_status":"closed","ping_status":"closed","template":"template-guest-review.php","meta":{"footnotes":""},"yoast_head":"<!-- This site is optimized with the Yoast SEO plugin v22.3 - https:\/\/yoast.com\/wordpress\/plugins\/seo\/ -->\n<title>Recenze hotelov\u00fdch host\u016f - Termaly Male Bielice -<\/title>\n<meta name=\"description\" content=\"Zp\u011btn\u00e1 vazba host\u016f je pro n\u00e1s kl\u00ed\u010dov\u00e1. Kontaktujte n\u00e1s na info@termalymalebielice.sk nebo zanechte recenzi na Tripadvisor, Booking \u010di Google.\" \/>\n<meta name=\"robots\" content=\"index, follow, max-snippet:-1, max-image-preview:large, max-video-preview:-1\" \/>\n<link rel=\"canonical\" href=\"https:\/\/www.termalymalebielice.com\/cs\/recenze-hotelovych-hostu\/\" \/>\n<meta property=\"og:locale\" content=\"cs_CZ\" \/>\n<meta property=\"og:type\" content=\"article\" \/>\n<meta property=\"og:title\" content=\"Recenze hotelov\u00fdch host\u016f - Termaly Male Bielice -\" \/>\n<meta property=\"og:description\" content=\"Zp\u011btn\u00e1 vazba host\u016f je pro n\u00e1s kl\u00ed\u010dov\u00e1. Kontaktujte n\u00e1s na info@termalymalebielice.sk nebo zanechte recenzi na Tripadvisor, Booking \u010di Google.\" \/>\n<meta property=\"og:url\" content=\"https:\/\/www.termalymalebielice.com\/cs\/recenze-hotelovych-hostu\/\" \/>\n<meta property=\"og:site_name\" content=\"Termaly Male Bielice\" \/>\n<meta property=\"article:modified_time\" content=\"2025-05-20T07:55:06+00:00\" \/>\n<meta name=\"twitter:card\" content=\"summary_large_image\" \/>\n<meta name=\"twitter:label1\" content=\"Odhadovan\u00e1 doba \u010dten\u00ed\" \/>\n\t<meta name=\"twitter:data1\" content=\"1 minuta\" \/>\n<script type=\"application\/ld+json\" class=\"yoast-schema-graph\">{\"@context\":\"https:\/\/schema.org\",\"@graph\":[{\"@type\":\"WebPage\",\"@id\":\"https:\/\/www.termalymalebielice.com\/cs\/recenze-hotelovych-hostu\/\",\"url\":\"https:\/\/www.termalymalebielice.com\/cs\/recenze-hotelovych-hostu\/\",\"name\":\"Recenze hotelov\u00fdch host\u016f - Termaly Male Bielice -\",\"isPartOf\":{\"@id\":\"https:\/\/www.termalymalebielice.com\/cs\/#website\"},\"datePublished\":\"2023-12-22T09:58:58+00:00\",\"dateModified\":\"2025-05-20T07:55:06+00:00\",\"description\":\"Zp\u011btn\u00e1 vazba host\u016f je pro n\u00e1s kl\u00ed\u010dov\u00e1. Kontaktujte n\u00e1s na info@termalymalebielice.sk nebo zanechte recenzi na Tripadvisor, Booking \u010di Google.\",\"breadcrumb\":{\"@id\":\"https:\/\/www.termalymalebielice.com\/cs\/recenze-hotelovych-hostu\/#breadcrumb\"},\"inLanguage\":\"cs\",\"potentialAction\":[{\"@type\":\"ReadAction\",\"target\":[\"https:\/\/www.termalymalebielice.com\/cs\/recenze-hotelovych-hostu\/\"]}]},{\"@type\":\"BreadcrumbList\",\"@id\":\"https:\/\/www.termalymalebielice.com\/cs\/recenze-hotelovych-hostu\/#breadcrumb\",\"itemListElement\":[{\"@type\":\"ListItem\",\"position\":1,\"name\":\"Home\",\"item\":\"https:\/\/www.termalymalebielice.com\/cs\/\"},{\"@type\":\"ListItem\",\"position\":2,\"name\":\"Recenze hotelov\u00fdch host\u016f\"}]},{\"@type\":\"WebSite\",\"@id\":\"https:\/\/www.termalymalebielice.com\/cs\/#website\",\"url\":\"https:\/\/www.termalymalebielice.com\/cs\/\",\"name\":\"Termaly Male Bielice\",\"description\":\"\",\"potentialAction\":[{\"@type\":\"SearchAction\",\"target\":{\"@type\":\"EntryPoint\",\"urlTemplate\":\"https:\/\/www.termalymalebielice.com\/cs\/?s={search_term_string}\"},\"query-input\":\"required name=search_term_string\"}],\"inLanguage\":\"cs\"}]}<\/script>\n<!-- \/ Yoast SEO plugin. -->","yoast_head_json":{"title":"Recenze hotelov\u00fdch host\u016f - Termaly Male Bielice -","description":"Zp\u011btn\u00e1 vazba host\u016f je pro n\u00e1s kl\u00ed\u010dov\u00e1. Kontaktujte n\u00e1s na info@termalymalebielice.sk nebo zanechte recenzi na Tripadvisor, Booking \u010di Google.","robots":{"index":"index","follow":"follow","max-snippet":"max-snippet:-1","max-image-preview":"max-image-preview:large","max-video-preview":"max-video-preview:-1"},"canonical":"https:\/\/www.termalymalebielice.com\/cs\/recenze-hotelovych-hostu\/","og_locale":"cs_CZ","og_type":"article","og_title":"Recenze hotelov\u00fdch host\u016f - Termaly Male Bielice -","og_description":"Zp\u011btn\u00e1 vazba host\u016f je pro n\u00e1s kl\u00ed\u010dov\u00e1. Kontaktujte n\u00e1s na info@termalymalebielice.sk nebo zanechte recenzi na Tripadvisor, Booking \u010di Google.","og_url":"https:\/\/www.termalymalebielice.com\/cs\/recenze-hotelovych-hostu\/","og_site_name":"Termaly Male Bielice","article_modified_time":"2025-05-20T07:55:06+00:00","twitter_card":"summary_large_image","twitter_misc":{"Odhadovan\u00e1 doba \u010dten\u00ed":"1 minuta"},"schema":{"@context":"https:\/\/schema.org","@graph":[{"@type":"WebPage","@id":"https:\/\/www.termalymalebielice.com\/cs\/recenze-hotelovych-hostu\/","url":"https:\/\/www.termalymalebielice.com\/cs\/recenze-hotelovych-hostu\/","name":"Recenze hotelov\u00fdch host\u016f - Termaly Male Bielice -","isPartOf":{"@id":"https:\/\/www.termalymalebielice.com\/cs\/#website"},"datePublished":"2023-12-22T09:58:58+00:00","dateModified":"2025-05-20T07:55:06+00:00","description":"Zp\u011btn\u00e1 vazba host\u016f je pro n\u00e1s kl\u00ed\u010dov\u00e1. Kontaktujte n\u00e1s na info@termalymalebielice.sk nebo zanechte recenzi na Tripadvisor, Booking \u010di Google.","breadcrumb":{"@id":"https:\/\/www.termalymalebielice.com\/cs\/recenze-hotelovych-hostu\/#breadcrumb"},"inLanguage":"cs","potentialAction":[{"@type":"ReadAction","target":["https:\/\/www.termalymalebielice.com\/cs\/recenze-hotelovych-hostu\/"]}]},{"@type":"BreadcrumbList","@id":"https:\/\/www.termalymalebielice.com\/cs\/recenze-hotelovych-hostu\/#breadcrumb","itemListElement":[{"@type":"ListItem","position":1,"name":"Home","item":"https:\/\/www.termalymalebielice.com\/cs\/"},{"@type":"ListItem","position":2,"name":"Recenze hotelov\u00fdch host\u016f"}]},{"@type":"WebSite","@id":"https:\/\/www.termalymalebielice.com\/cs\/#website","url":"https:\/\/www.termalymalebielice.com\/cs\/","name":"Termaly Male Bielice","description":"","potentialAction":[{"@type":"SearchAction","target":{"@type":"EntryPoint","urlTemplate":"https:\/\/www.termalymalebielice.com\/cs\/?s={search_term_string}"},"query-input":"required name=search_term_string"}],"inLanguage":"cs"}]}},"acf":[],"_links":{"self":[{"href":"https:\/\/www.termalymalebielice.com\/cs\/wp-json\/wp\/v2\/pages\/716"}],"collection":[{"href":"https:\/\/www.termalymalebielice.com\/cs\/wp-json\/wp\/v2\/pages"}],"about":[{"href":"https:\/\/www.termalymalebielice.com\/cs\/wp-json\/wp\/v2\/types\/page"}],"author":[{"embeddable":true,"href":"https:\/\/www.termalymalebielice.com\/cs\/wp-json\/wp\/v2\/users\/46"}],"replies":[{"embeddable":true,"href":"https:\/\/www.termalymalebielice.com\/cs\/wp-json\/wp\/v2\/comments?post=716"}],"version-history":[{"count":0,"href":"https:\/\/www.termalymalebielice.com\/cs\/wp-json\/wp\/v2\/pages\/716\/revisions"}],"wp:attachment":[{"href":"https:\/\/www.termalymalebielice.com\/cs\/wp-json\/wp\/v2\/media?parent=716"}],"curies":[{"name":"wp","href":"https:\/\/api.w.org\/{rel}","templated":true}]}}