{"id":712,"date":"2024-04-19T08:48:38","date_gmt":"2024-04-19T08:48:38","guid":{"rendered":"https:\/\/www.termalymalebielice.com\/?page_id=712"},"modified":"2025-05-20T08:00:10","modified_gmt":"2025-05-20T08:00:10","slug":"hotelova-pravidla","status":"publish","type":"page","link":"https:\/\/www.termalymalebielice.com\/cs\/hotelova-pravidla\/","title":{"rendered":"Hotelov\u00e1 pravidla"},"content":{"rendered":"","protected":false},"excerpt":{"rendered":"","protected":false},"author":46,"featured_media":0,"parent":0,"menu_order":142,"comment_status":"closed","ping_status":"closed","template":"template-default-4.php","meta":{"footnotes":""},"class_list":["post-712","page","type-page","status-publish","hentry"],"yoast_head":"<!-- This site is optimized with the Yoast SEO plugin v27.3 - https:\/\/yoast.com\/product\/yoast-seo-wordpress\/ -->\n<title>Hotelov\u00e1 pravidla - Termaly Male Bielice -<\/title>\n<meta name=\"description\" content=\"Respektujte pros\u00edm hotelov\u00e1 pravidla pro bezpe\u010dn\u00fd a p\u0159\u00edjemn\u00fd pobyt v\u0161ech host\u016f. Dodr\u017eov\u00e1n\u00ed pravidel je povinn\u00e9.\" \/>\n<meta name=\"robots\" content=\"index, follow, max-snippet:-1, max-image-preview:large, max-video-preview:-1\" \/>\n<link rel=\"canonical\" href=\"https:\/\/www.termalymalebielice.com\/cs\/hotelova-pravidla\/\" \/>\n<meta property=\"og:locale\" content=\"cs_CZ\" \/>\n<meta property=\"og:type\" content=\"article\" \/>\n<meta property=\"og:title\" content=\"Hotelov\u00e1 pravidla - Termaly Male Bielice -\" \/>\n<meta property=\"og:description\" content=\"Respektujte pros\u00edm hotelov\u00e1 pravidla pro bezpe\u010dn\u00fd a p\u0159\u00edjemn\u00fd pobyt v\u0161ech host\u016f. Dodr\u017eov\u00e1n\u00ed pravidel je povinn\u00e9.\" \/>\n<meta property=\"og:url\" content=\"https:\/\/www.termalymalebielice.com\/cs\/hotelova-pravidla\/\" \/>\n<meta property=\"og:site_name\" content=\"Termaly Male Bielice\" \/>\n<meta property=\"article:modified_time\" content=\"2025-05-20T08:00:10+00:00\" \/>\n<meta name=\"twitter:card\" content=\"summary_large_image\" \/>\n<script type=\"application\/ld+json\" class=\"yoast-schema-graph\">{\"@context\":\"https:\\\/\\\/schema.org\",\"@graph\":[{\"@type\":\"WebPage\",\"@id\":\"https:\\\/\\\/www.termalymalebielice.com\\\/cs\\\/hotelova-pravidla\\\/\",\"url\":\"https:\\\/\\\/www.termalymalebielice.com\\\/cs\\\/hotelova-pravidla\\\/\",\"name\":\"Hotelov\u00e1 pravidla - Termaly Male Bielice -\",\"isPartOf\":{\"@id\":\"https:\\\/\\\/www.termalymalebielice.com\\\/cs\\\/#website\"},\"datePublished\":\"2024-04-19T08:48:38+00:00\",\"dateModified\":\"2025-05-20T08:00:10+00:00\",\"description\":\"Respektujte pros\u00edm hotelov\u00e1 pravidla pro bezpe\u010dn\u00fd a p\u0159\u00edjemn\u00fd pobyt v\u0161ech host\u016f. Dodr\u017eov\u00e1n\u00ed pravidel je povinn\u00e9.\",\"breadcrumb\":{\"@id\":\"https:\\\/\\\/www.termalymalebielice.com\\\/cs\\\/hotelova-pravidla\\\/#breadcrumb\"},\"inLanguage\":\"cs\",\"potentialAction\":[{\"@type\":\"ReadAction\",\"target\":[\"https:\\\/\\\/www.termalymalebielice.com\\\/cs\\\/hotelova-pravidla\\\/\"]}]},{\"@type\":\"BreadcrumbList\",\"@id\":\"https:\\\/\\\/www.termalymalebielice.com\\\/cs\\\/hotelova-pravidla\\\/#breadcrumb\",\"itemListElement\":[{\"@type\":\"ListItem\",\"position\":1,\"name\":\"Home\",\"item\":\"https:\\\/\\\/www.termalymalebielice.com\\\/cs\\\/\"},{\"@type\":\"ListItem\",\"position\":2,\"name\":\"Hotelov\u00e1 pravidla\"}]},{\"@type\":\"WebSite\",\"@id\":\"https:\\\/\\\/www.termalymalebielice.com\\\/cs\\\/#website\",\"url\":\"https:\\\/\\\/www.termalymalebielice.com\\\/cs\\\/\",\"name\":\"Termaly Male Bielice\",\"description\":\"\",\"potentialAction\":[{\"@type\":\"SearchAction\",\"target\":{\"@type\":\"EntryPoint\",\"urlTemplate\":\"https:\\\/\\\/www.termalymalebielice.com\\\/cs\\\/?s={search_term_string}\"},\"query-input\":{\"@type\":\"PropertyValueSpecification\",\"valueRequired\":true,\"valueName\":\"search_term_string\"}}],\"inLanguage\":\"cs\"}]}<\/script>\n<!-- \/ Yoast SEO plugin. -->","yoast_head_json":{"title":"Hotelov\u00e1 pravidla - Termaly Male Bielice -","description":"Respektujte pros\u00edm hotelov\u00e1 pravidla pro bezpe\u010dn\u00fd a p\u0159\u00edjemn\u00fd pobyt v\u0161ech host\u016f. Dodr\u017eov\u00e1n\u00ed pravidel je povinn\u00e9.","robots":{"index":"index","follow":"follow","max-snippet":"max-snippet:-1","max-image-preview":"max-image-preview:large","max-video-preview":"max-video-preview:-1"},"canonical":"https:\/\/www.termalymalebielice.com\/cs\/hotelova-pravidla\/","og_locale":"cs_CZ","og_type":"article","og_title":"Hotelov\u00e1 pravidla - Termaly Male Bielice -","og_description":"Respektujte pros\u00edm hotelov\u00e1 pravidla pro bezpe\u010dn\u00fd a p\u0159\u00edjemn\u00fd pobyt v\u0161ech host\u016f. Dodr\u017eov\u00e1n\u00ed pravidel je povinn\u00e9.","og_url":"https:\/\/www.termalymalebielice.com\/cs\/hotelova-pravidla\/","og_site_name":"Termaly Male Bielice","article_modified_time":"2025-05-20T08:00:10+00:00","twitter_card":"summary_large_image","schema":{"@context":"https:\/\/schema.org","@graph":[{"@type":"WebPage","@id":"https:\/\/www.termalymalebielice.com\/cs\/hotelova-pravidla\/","url":"https:\/\/www.termalymalebielice.com\/cs\/hotelova-pravidla\/","name":"Hotelov\u00e1 pravidla - Termaly Male Bielice -","isPartOf":{"@id":"https:\/\/www.termalymalebielice.com\/cs\/#website"},"datePublished":"2024-04-19T08:48:38+00:00","dateModified":"2025-05-20T08:00:10+00:00","description":"Respektujte pros\u00edm hotelov\u00e1 pravidla pro bezpe\u010dn\u00fd a p\u0159\u00edjemn\u00fd pobyt v\u0161ech host\u016f. Dodr\u017eov\u00e1n\u00ed pravidel je povinn\u00e9.","breadcrumb":{"@id":"https:\/\/www.termalymalebielice.com\/cs\/hotelova-pravidla\/#breadcrumb"},"inLanguage":"cs","potentialAction":[{"@type":"ReadAction","target":["https:\/\/www.termalymalebielice.com\/cs\/hotelova-pravidla\/"]}]},{"@type":"BreadcrumbList","@id":"https:\/\/www.termalymalebielice.com\/cs\/hotelova-pravidla\/#breadcrumb","itemListElement":[{"@type":"ListItem","position":1,"name":"Home","item":"https:\/\/www.termalymalebielice.com\/cs\/"},{"@type":"ListItem","position":2,"name":"Hotelov\u00e1 pravidla"}]},{"@type":"WebSite","@id":"https:\/\/www.termalymalebielice.com\/cs\/#website","url":"https:\/\/www.termalymalebielice.com\/cs\/","name":"Termaly Male Bielice","description":"","potentialAction":[{"@type":"SearchAction","target":{"@type":"EntryPoint","urlTemplate":"https:\/\/www.termalymalebielice.com\/cs\/?s={search_term_string}"},"query-input":{"@type":"PropertyValueSpecification","valueRequired":true,"valueName":"search_term_string"}}],"inLanguage":"cs"}]}},"acf":[],"_links":{"self":[{"href":"https:\/\/www.termalymalebielice.com\/cs\/wp-json\/wp\/v2\/pages\/712","targetHints":{"allow":["GET"]}}],"collection":[{"href":"https:\/\/www.termalymalebielice.com\/cs\/wp-json\/wp\/v2\/pages"}],"about":[{"href":"https:\/\/www.termalymalebielice.com\/cs\/wp-json\/wp\/v2\/types\/page"}],"author":[{"embeddable":true,"href":"https:\/\/www.termalymalebielice.com\/cs\/wp-json\/wp\/v2\/users\/46"}],"replies":[{"embeddable":true,"href":"https:\/\/www.termalymalebielice.com\/cs\/wp-json\/wp\/v2\/comments?post=712"}],"version-history":[{"count":0,"href":"https:\/\/www.termalymalebielice.com\/cs\/wp-json\/wp\/v2\/pages\/712\/revisions"}],"wp:attachment":[{"href":"https:\/\/www.termalymalebielice.com\/cs\/wp-json\/wp\/v2\/media?parent=712"}],"curies":[{"name":"wp","href":"https:\/\/api.w.org\/{rel}","templated":true}]}}