{"id":711,"date":"2023-12-21T16:47:04","date_gmt":"2023-12-21T16:47:04","guid":{"rendered":"https:\/\/www.termalymalebielice.com\/?page_id=711"},"modified":"2025-05-20T08:01:55","modified_gmt":"2025-05-20T08:01:55","slug":"mapa-webu","status":"publish","type":"page","link":"https:\/\/www.termalymalebielice.com\/cs\/mapa-webu\/","title":{"rendered":"Mapa webu"},"content":{"rendered":"","protected":false},"excerpt":{"rendered":"","protected":false},"author":46,"featured_media":0,"parent":0,"menu_order":150,"comment_status":"closed","ping_status":"closed","template":"template-sitemap.php","meta":{"footnotes":""},"yoast_head":"<!-- This site is optimized with the Yoast SEO plugin v22.3 - https:\/\/yoast.com\/wordpress\/plugins\/seo\/ -->\n<title>Mapa webu - Termaly Male Bielice -<\/title>\n<meta name=\"description\" content=\"P\u0159ehledn\u00e1 mapa webu usnad\u0148uje orientaci na str\u00e1nk\u00e1ch, rychl\u00fd p\u0159\u00edstup k d\u016fle\u017eit\u00fdm sekc\u00edm a zlep\u0161uje u\u017eivatelsk\u00fd komfort p\u0159i proch\u00e1zen\u00ed webu.\" \/>\n<meta name=\"robots\" content=\"index, follow, max-snippet:-1, max-image-preview:large, max-video-preview:-1\" \/>\n<link rel=\"canonical\" href=\"https:\/\/www.termalymalebielice.com\/cs\/mapa-webu\/\" \/>\n<meta property=\"og:locale\" content=\"cs_CZ\" \/>\n<meta property=\"og:type\" content=\"article\" \/>\n<meta property=\"og:title\" content=\"Mapa webu - Termaly Male Bielice -\" \/>\n<meta property=\"og:description\" content=\"P\u0159ehledn\u00e1 mapa webu usnad\u0148uje orientaci na str\u00e1nk\u00e1ch, rychl\u00fd p\u0159\u00edstup k d\u016fle\u017eit\u00fdm sekc\u00edm a zlep\u0161uje u\u017eivatelsk\u00fd komfort p\u0159i proch\u00e1zen\u00ed webu.\" \/>\n<meta property=\"og:url\" content=\"https:\/\/www.termalymalebielice.com\/cs\/mapa-webu\/\" \/>\n<meta property=\"og:site_name\" content=\"Termaly Male Bielice\" \/>\n<meta property=\"article:modified_time\" content=\"2025-05-20T08:01:55+00:00\" \/>\n<meta name=\"twitter:card\" content=\"summary_large_image\" \/>\n<script type=\"application\/ld+json\" class=\"yoast-schema-graph\">{\"@context\":\"https:\/\/schema.org\",\"@graph\":[{\"@type\":\"WebPage\",\"@id\":\"https:\/\/www.termalymalebielice.com\/cs\/mapa-webu\/\",\"url\":\"https:\/\/www.termalymalebielice.com\/cs\/mapa-webu\/\",\"name\":\"Mapa webu - Termaly Male Bielice -\",\"isPartOf\":{\"@id\":\"https:\/\/www.termalymalebielice.com\/cs\/#website\"},\"datePublished\":\"2023-12-21T16:47:04+00:00\",\"dateModified\":\"2025-05-20T08:01:55+00:00\",\"description\":\"P\u0159ehledn\u00e1 mapa webu usnad\u0148uje orientaci na str\u00e1nk\u00e1ch, rychl\u00fd p\u0159\u00edstup k d\u016fle\u017eit\u00fdm sekc\u00edm a zlep\u0161uje u\u017eivatelsk\u00fd komfort p\u0159i proch\u00e1zen\u00ed webu.\",\"breadcrumb\":{\"@id\":\"https:\/\/www.termalymalebielice.com\/cs\/mapa-webu\/#breadcrumb\"},\"inLanguage\":\"cs\",\"potentialAction\":[{\"@type\":\"ReadAction\",\"target\":[\"https:\/\/www.termalymalebielice.com\/cs\/mapa-webu\/\"]}]},{\"@type\":\"BreadcrumbList\",\"@id\":\"https:\/\/www.termalymalebielice.com\/cs\/mapa-webu\/#breadcrumb\",\"itemListElement\":[{\"@type\":\"ListItem\",\"position\":1,\"name\":\"Home\",\"item\":\"https:\/\/www.termalymalebielice.com\/cs\/\"},{\"@type\":\"ListItem\",\"position\":2,\"name\":\"Mapa webu\"}]},{\"@type\":\"WebSite\",\"@id\":\"https:\/\/www.termalymalebielice.com\/cs\/#website\",\"url\":\"https:\/\/www.termalymalebielice.com\/cs\/\",\"name\":\"Termaly Male Bielice\",\"description\":\"\",\"potentialAction\":[{\"@type\":\"SearchAction\",\"target\":{\"@type\":\"EntryPoint\",\"urlTemplate\":\"https:\/\/www.termalymalebielice.com\/cs\/?s={search_term_string}\"},\"query-input\":\"required name=search_term_string\"}],\"inLanguage\":\"cs\"}]}<\/script>\n<!-- \/ Yoast SEO plugin. -->","yoast_head_json":{"title":"Mapa webu - Termaly Male Bielice -","description":"P\u0159ehledn\u00e1 mapa webu usnad\u0148uje orientaci na str\u00e1nk\u00e1ch, rychl\u00fd p\u0159\u00edstup k d\u016fle\u017eit\u00fdm sekc\u00edm a zlep\u0161uje u\u017eivatelsk\u00fd komfort p\u0159i proch\u00e1zen\u00ed webu.","robots":{"index":"index","follow":"follow","max-snippet":"max-snippet:-1","max-image-preview":"max-image-preview:large","max-video-preview":"max-video-preview:-1"},"canonical":"https:\/\/www.termalymalebielice.com\/cs\/mapa-webu\/","og_locale":"cs_CZ","og_type":"article","og_title":"Mapa webu - Termaly Male Bielice -","og_description":"P\u0159ehledn\u00e1 mapa webu usnad\u0148uje orientaci na str\u00e1nk\u00e1ch, rychl\u00fd p\u0159\u00edstup k d\u016fle\u017eit\u00fdm sekc\u00edm a zlep\u0161uje u\u017eivatelsk\u00fd komfort p\u0159i proch\u00e1zen\u00ed webu.","og_url":"https:\/\/www.termalymalebielice.com\/cs\/mapa-webu\/","og_site_name":"Termaly Male Bielice","article_modified_time":"2025-05-20T08:01:55+00:00","twitter_card":"summary_large_image","schema":{"@context":"https:\/\/schema.org","@graph":[{"@type":"WebPage","@id":"https:\/\/www.termalymalebielice.com\/cs\/mapa-webu\/","url":"https:\/\/www.termalymalebielice.com\/cs\/mapa-webu\/","name":"Mapa webu - Termaly Male Bielice -","isPartOf":{"@id":"https:\/\/www.termalymalebielice.com\/cs\/#website"},"datePublished":"2023-12-21T16:47:04+00:00","dateModified":"2025-05-20T08:01:55+00:00","description":"P\u0159ehledn\u00e1 mapa webu usnad\u0148uje orientaci na str\u00e1nk\u00e1ch, rychl\u00fd p\u0159\u00edstup k d\u016fle\u017eit\u00fdm sekc\u00edm a zlep\u0161uje u\u017eivatelsk\u00fd komfort p\u0159i proch\u00e1zen\u00ed webu.","breadcrumb":{"@id":"https:\/\/www.termalymalebielice.com\/cs\/mapa-webu\/#breadcrumb"},"inLanguage":"cs","potentialAction":[{"@type":"ReadAction","target":["https:\/\/www.termalymalebielice.com\/cs\/mapa-webu\/"]}]},{"@type":"BreadcrumbList","@id":"https:\/\/www.termalymalebielice.com\/cs\/mapa-webu\/#breadcrumb","itemListElement":[{"@type":"ListItem","position":1,"name":"Home","item":"https:\/\/www.termalymalebielice.com\/cs\/"},{"@type":"ListItem","position":2,"name":"Mapa webu"}]},{"@type":"WebSite","@id":"https:\/\/www.termalymalebielice.com\/cs\/#website","url":"https:\/\/www.termalymalebielice.com\/cs\/","name":"Termaly Male Bielice","description":"","potentialAction":[{"@type":"SearchAction","target":{"@type":"EntryPoint","urlTemplate":"https:\/\/www.termalymalebielice.com\/cs\/?s={search_term_string}"},"query-input":"required name=search_term_string"}],"inLanguage":"cs"}]}},"acf":[],"_links":{"self":[{"href":"https:\/\/www.termalymalebielice.com\/cs\/wp-json\/wp\/v2\/pages\/711"}],"collection":[{"href":"https:\/\/www.termalymalebielice.com\/cs\/wp-json\/wp\/v2\/pages"}],"about":[{"href":"https:\/\/www.termalymalebielice.com\/cs\/wp-json\/wp\/v2\/types\/page"}],"author":[{"embeddable":true,"href":"https:\/\/www.termalymalebielice.com\/cs\/wp-json\/wp\/v2\/users\/46"}],"replies":[{"embeddable":true,"href":"https:\/\/www.termalymalebielice.com\/cs\/wp-json\/wp\/v2\/comments?post=711"}],"version-history":[{"count":0,"href":"https:\/\/www.termalymalebielice.com\/cs\/wp-json\/wp\/v2\/pages\/711\/revisions"}],"wp:attachment":[{"href":"https:\/\/www.termalymalebielice.com\/cs\/wp-json\/wp\/v2\/media?parent=711"}],"curies":[{"name":"wp","href":"https:\/\/api.w.org\/{rel}","templated":true}]}}