{"id":705,"date":"2024-01-08T15:40:27","date_gmt":"2024-01-08T15:40:27","guid":{"rendered":"https:\/\/www.termalymalebielice.com\/?page_id=705"},"modified":"2026-04-09T13:37:14","modified_gmt":"2026-04-09T13:37:14","slug":"akupresurni-masaz-tvare","status":"publish","type":"page","link":"https:\/\/www.termalymalebielice.com\/cs\/wellness\/masaze\/akupresurni-masaz-tvare\/","title":{"rendered":"Akupresurn\u00ed mas\u00e1\u017e obli\u010deje"},"content":{"rendered":"<div class=\"n4sEPd\">\n<div class=\"FFpbKc\"><\/div>\n<\/div>\n<div class=\"QcsUad BDJ8fb BLojaf sMVRZe hCXDsb wneUed\">\n<p class=\"oBOnKe\"><span class=\"jCAhz\" style=\"font-size: 16px\"><span class=\"ryNqvb\">Akupresurn\u00ed mas\u00e1\u017e obli\u010deje je pova\u017eov\u00e1na za jeden z nej\u00fa\u010dinn\u011bj\u0161\u00edch proces\u016f pro zm\u00edrn\u011bn\u00ed bolesti a boj proti mnoha nemocem.<\/span><\/span> <span class=\"jCAhz ChMk0b\" style=\"font-size: 16px\"><span class=\"ryNqvb\">Umo\u017e\u0148uje zlep\u0161it celkov\u00fd stav t\u011bla a vypadat mlad\u0161\u00ed.<\/span><\/span> <span class=\"jCAhz ChMk0b\" style=\"font-size: 16px\"><span class=\"ryNqvb\">Tohoto \u00fa\u010dinku je dosa\u017eeno d\u00edky jedine\u010dn\u00e9mu \u00fa\u010dinku norm\u00e1ln\u00edho tlaku na t\u011blo.<\/span><\/span><\/p>\n<p>Pro rezervaci kontaktujte na\u0161i recepci na reception@termalymalebielice.com nebo volejte +421 910 100 109.<\/p>\n<\/div>\n<div style=\"border: none\"><\/div>\n<div style=\"border: none\"><\/div>\n","protected":false},"excerpt":{"rendered":"<p>Akupresurn\u00ed mas\u00e1\u017e obli\u010deje je pova\u017eov\u00e1na za jeden z nej\u00fa\u010dinn\u011bj\u0161\u00edch proces\u016f pro zm\u00edrn\u011bn\u00ed bolesti a boj proti mnoha nemocem. Umo\u017e\u0148uje zlep\u0161it celkov\u00fd stav t\u011bla a vypadat mlad\u0161\u00ed. Tohoto \u00fa\u010dinku je dosa\u017eeno d\u00edky jedine\u010dn\u00e9mu \u00fa\u010dinku norm\u00e1ln\u00edho tlaku na t\u011blo. Pro rezervaci kontaktujte na\u0161i recepci na reception@termalymalebielice.com nebo volejte +421 910 100 109.<\/p>\n","protected":false},"author":46,"featured_media":0,"parent":697,"menu_order":70,"comment_status":"closed","ping_status":"closed","template":"template-single-treatments.php","meta":{"footnotes":""},"class_list":["post-705","page","type-page","status-publish","hentry"],"yoast_head":"<!-- This site is optimized with the Yoast SEO plugin v27.3 - https:\/\/yoast.com\/product\/yoast-seo-wordpress\/ -->\n<title>Akupresurn\u00ed mas\u00e1\u017e obli\u010deje - Termaly Male Bielice -<\/title>\n<meta name=\"description\" content=\"Akupresurn\u00ed mas\u00e1\u017e obli\u010deje pom\u00e1h\u00e1 zm\u00edrnit bolest, zlep\u0161it zdrav\u00ed a podpo\u0159it mladistv\u00fd vzhled d\u00edky \u00fa\u010dinku tlaku na t\u011blo.\" \/>\n<meta name=\"robots\" content=\"index, follow, max-snippet:-1, max-image-preview:large, max-video-preview:-1\" \/>\n<link rel=\"canonical\" href=\"https:\/\/www.termalymalebielice.com\/cs\/wellness\/masaze\/akupresurni-masaz-tvare\/\" \/>\n<meta property=\"og:locale\" content=\"cs_CZ\" \/>\n<meta property=\"og:type\" content=\"article\" \/>\n<meta property=\"og:title\" content=\"Akupresurn\u00ed mas\u00e1\u017e obli\u010deje - Termaly Male Bielice -\" \/>\n<meta property=\"og:description\" content=\"Akupresurn\u00ed mas\u00e1\u017e obli\u010deje pom\u00e1h\u00e1 zm\u00edrnit bolest, zlep\u0161it zdrav\u00ed a podpo\u0159it mladistv\u00fd vzhled d\u00edky \u00fa\u010dinku tlaku na t\u011blo.\" \/>\n<meta property=\"og:url\" content=\"https:\/\/www.termalymalebielice.com\/cs\/wellness\/masaze\/akupresurni-masaz-tvare\/\" \/>\n<meta property=\"og:site_name\" content=\"Termaly Male Bielice\" \/>\n<meta property=\"article:modified_time\" content=\"2026-04-09T13:37:14+00:00\" \/>\n<meta name=\"twitter:card\" content=\"summary_large_image\" \/>\n<meta name=\"twitter:label1\" content=\"Odhadovan\u00e1 doba \u010dten\u00ed\" \/>\n\t<meta name=\"twitter:data1\" content=\"1 minuta\" \/>\n<script type=\"application\/ld+json\" class=\"yoast-schema-graph\">{\"@context\":\"https:\\\/\\\/schema.org\",\"@graph\":[{\"@type\":\"WebPage\",\"@id\":\"https:\\\/\\\/www.termalymalebielice.com\\\/cs\\\/wellness\\\/masaze\\\/akupresurni-masaz-tvare\\\/\",\"url\":\"https:\\\/\\\/www.termalymalebielice.com\\\/cs\\\/wellness\\\/masaze\\\/akupresurni-masaz-tvare\\\/\",\"name\":\"Akupresurn\u00ed mas\u00e1\u017e obli\u010deje - Termaly Male Bielice -\",\"isPartOf\":{\"@id\":\"https:\\\/\\\/www.termalymalebielice.com\\\/cs\\\/#website\"},\"datePublished\":\"2024-01-08T15:40:27+00:00\",\"dateModified\":\"2026-04-09T13:37:14+00:00\",\"description\":\"Akupresurn\u00ed mas\u00e1\u017e obli\u010deje pom\u00e1h\u00e1 zm\u00edrnit bolest, zlep\u0161it zdrav\u00ed a podpo\u0159it mladistv\u00fd vzhled d\u00edky \u00fa\u010dinku tlaku na t\u011blo.\",\"breadcrumb\":{\"@id\":\"https:\\\/\\\/www.termalymalebielice.com\\\/cs\\\/wellness\\\/masaze\\\/akupresurni-masaz-tvare\\\/#breadcrumb\"},\"inLanguage\":\"cs\",\"potentialAction\":[{\"@type\":\"ReadAction\",\"target\":[\"https:\\\/\\\/www.termalymalebielice.com\\\/cs\\\/wellness\\\/masaze\\\/akupresurni-masaz-tvare\\\/\"]}]},{\"@type\":\"BreadcrumbList\",\"@id\":\"https:\\\/\\\/www.termalymalebielice.com\\\/cs\\\/wellness\\\/masaze\\\/akupresurni-masaz-tvare\\\/#breadcrumb\",\"itemListElement\":[{\"@type\":\"ListItem\",\"position\":1,\"name\":\"Home\",\"item\":\"https:\\\/\\\/www.termalymalebielice.com\\\/cs\\\/\"},{\"@type\":\"ListItem\",\"position\":2,\"name\":\"Wellness\",\"item\":\"https:\\\/\\\/www.termalymalebielice.com\\\/cs\\\/wellness\\\/\"},{\"@type\":\"ListItem\",\"position\":3,\"name\":\"Mas\u00e1\u017ee\",\"item\":\"https:\\\/\\\/www.termalymalebielice.com\\\/cs\\\/wellness\\\/masaze\\\/\"},{\"@type\":\"ListItem\",\"position\":4,\"name\":\"Akupresurn\u00ed mas\u00e1\u017e obli\u010deje\"}]},{\"@type\":\"WebSite\",\"@id\":\"https:\\\/\\\/www.termalymalebielice.com\\\/cs\\\/#website\",\"url\":\"https:\\\/\\\/www.termalymalebielice.com\\\/cs\\\/\",\"name\":\"Termaly Male Bielice\",\"description\":\"\",\"potentialAction\":[{\"@type\":\"SearchAction\",\"target\":{\"@type\":\"EntryPoint\",\"urlTemplate\":\"https:\\\/\\\/www.termalymalebielice.com\\\/cs\\\/?s={search_term_string}\"},\"query-input\":{\"@type\":\"PropertyValueSpecification\",\"valueRequired\":true,\"valueName\":\"search_term_string\"}}],\"inLanguage\":\"cs\"}]}<\/script>\n<!-- \/ Yoast SEO plugin. -->","yoast_head_json":{"title":"Akupresurn\u00ed mas\u00e1\u017e obli\u010deje - Termaly Male Bielice -","description":"Akupresurn\u00ed mas\u00e1\u017e obli\u010deje pom\u00e1h\u00e1 zm\u00edrnit bolest, zlep\u0161it zdrav\u00ed a podpo\u0159it mladistv\u00fd vzhled d\u00edky \u00fa\u010dinku tlaku na t\u011blo.","robots":{"index":"index","follow":"follow","max-snippet":"max-snippet:-1","max-image-preview":"max-image-preview:large","max-video-preview":"max-video-preview:-1"},"canonical":"https:\/\/www.termalymalebielice.com\/cs\/wellness\/masaze\/akupresurni-masaz-tvare\/","og_locale":"cs_CZ","og_type":"article","og_title":"Akupresurn\u00ed mas\u00e1\u017e obli\u010deje - Termaly Male Bielice -","og_description":"Akupresurn\u00ed mas\u00e1\u017e obli\u010deje pom\u00e1h\u00e1 zm\u00edrnit bolest, zlep\u0161it zdrav\u00ed a podpo\u0159it mladistv\u00fd vzhled d\u00edky \u00fa\u010dinku tlaku na t\u011blo.","og_url":"https:\/\/www.termalymalebielice.com\/cs\/wellness\/masaze\/akupresurni-masaz-tvare\/","og_site_name":"Termaly Male Bielice","article_modified_time":"2026-04-09T13:37:14+00:00","twitter_card":"summary_large_image","twitter_misc":{"Odhadovan\u00e1 doba \u010dten\u00ed":"1 minuta"},"schema":{"@context":"https:\/\/schema.org","@graph":[{"@type":"WebPage","@id":"https:\/\/www.termalymalebielice.com\/cs\/wellness\/masaze\/akupresurni-masaz-tvare\/","url":"https:\/\/www.termalymalebielice.com\/cs\/wellness\/masaze\/akupresurni-masaz-tvare\/","name":"Akupresurn\u00ed mas\u00e1\u017e obli\u010deje - Termaly Male Bielice -","isPartOf":{"@id":"https:\/\/www.termalymalebielice.com\/cs\/#website"},"datePublished":"2024-01-08T15:40:27+00:00","dateModified":"2026-04-09T13:37:14+00:00","description":"Akupresurn\u00ed mas\u00e1\u017e obli\u010deje pom\u00e1h\u00e1 zm\u00edrnit bolest, zlep\u0161it zdrav\u00ed a podpo\u0159it mladistv\u00fd vzhled d\u00edky \u00fa\u010dinku tlaku na t\u011blo.","breadcrumb":{"@id":"https:\/\/www.termalymalebielice.com\/cs\/wellness\/masaze\/akupresurni-masaz-tvare\/#breadcrumb"},"inLanguage":"cs","potentialAction":[{"@type":"ReadAction","target":["https:\/\/www.termalymalebielice.com\/cs\/wellness\/masaze\/akupresurni-masaz-tvare\/"]}]},{"@type":"BreadcrumbList","@id":"https:\/\/www.termalymalebielice.com\/cs\/wellness\/masaze\/akupresurni-masaz-tvare\/#breadcrumb","itemListElement":[{"@type":"ListItem","position":1,"name":"Home","item":"https:\/\/www.termalymalebielice.com\/cs\/"},{"@type":"ListItem","position":2,"name":"Wellness","item":"https:\/\/www.termalymalebielice.com\/cs\/wellness\/"},{"@type":"ListItem","position":3,"name":"Mas\u00e1\u017ee","item":"https:\/\/www.termalymalebielice.com\/cs\/wellness\/masaze\/"},{"@type":"ListItem","position":4,"name":"Akupresurn\u00ed mas\u00e1\u017e obli\u010deje"}]},{"@type":"WebSite","@id":"https:\/\/www.termalymalebielice.com\/cs\/#website","url":"https:\/\/www.termalymalebielice.com\/cs\/","name":"Termaly Male Bielice","description":"","potentialAction":[{"@type":"SearchAction","target":{"@type":"EntryPoint","urlTemplate":"https:\/\/www.termalymalebielice.com\/cs\/?s={search_term_string}"},"query-input":{"@type":"PropertyValueSpecification","valueRequired":true,"valueName":"search_term_string"}}],"inLanguage":"cs"}]}},"acf":[],"_links":{"self":[{"href":"https:\/\/www.termalymalebielice.com\/cs\/wp-json\/wp\/v2\/pages\/705","targetHints":{"allow":["GET"]}}],"collection":[{"href":"https:\/\/www.termalymalebielice.com\/cs\/wp-json\/wp\/v2\/pages"}],"about":[{"href":"https:\/\/www.termalymalebielice.com\/cs\/wp-json\/wp\/v2\/types\/page"}],"author":[{"embeddable":true,"href":"https:\/\/www.termalymalebielice.com\/cs\/wp-json\/wp\/v2\/users\/46"}],"replies":[{"embeddable":true,"href":"https:\/\/www.termalymalebielice.com\/cs\/wp-json\/wp\/v2\/comments?post=705"}],"version-history":[{"count":0,"href":"https:\/\/www.termalymalebielice.com\/cs\/wp-json\/wp\/v2\/pages\/705\/revisions"}],"up":[{"embeddable":true,"href":"https:\/\/www.termalymalebielice.com\/cs\/wp-json\/wp\/v2\/pages\/697"}],"wp:attachment":[{"href":"https:\/\/www.termalymalebielice.com\/cs\/wp-json\/wp\/v2\/media?parent=705"}],"curies":[{"name":"wp","href":"https:\/\/api.w.org\/{rel}","templated":true}]}}