{"id":703,"date":"2024-01-08T15:38:55","date_gmt":"2024-01-08T15:38:55","guid":{"rendered":"https:\/\/www.termalymalebielice.com\/?page_id=703"},"modified":"2026-04-09T13:36:26","modified_gmt":"2026-04-09T13:36:26","slug":"bankova-masaz-zad","status":"publish","type":"page","link":"https:\/\/www.termalymalebielice.com\/cs\/wellness\/masaze\/bankova-masaz-zad\/","title":{"rendered":"Bankov\u00e1 mas\u00e1\u017e zad"},"content":{"rendered":"<p><span class=\"jCAhz ChMk0b\"><span class=\"ryNqvb\">P\u0159edstavuje extr\u00e9mn\u011b jednoduchou a \u00fa\u010dinnou l\u00e9\u010debnou metodu.<\/span><\/span> <span class=\"jCAhz ChMk0b\"><span class=\"ryNqvb\">Jeho \u00fa\u010dinek jde nejen do hloubky ko\u017en\u00edch bun\u011bk a podko\u017e\u00ed, ale i do svalov\u00e9ho obalu.<\/span><\/span> <span class=\"jCAhz ChMk0b\"><span class=\"ryNqvb\">Dobr\u00e9 v\u00fdsledky se dosahuj\u00ed u revmatick\u00fdch onemocn\u011bn\u00ed, svalov\u00e9 ztuhlosti, z\u00e1n\u011bt\u016f, neuralgi\u00ed a bolest\u00ed.<\/span><\/span><\/p>\n<p>Pro rezervaci kontaktujte na\u0161i recepci na reception@termalymalebielice.com nebo volejte +421 910 100 109.<\/p>\n<div style=\"border: none\"><\/div>\n<div style=\"border: none\"><\/div>\n","protected":false},"excerpt":{"rendered":"<p>P\u0159edstavuje extr\u00e9mn\u011b jednoduchou a \u00fa\u010dinnou l\u00e9\u010debnou metodu. Jeho \u00fa\u010dinek jde nejen do hloubky ko\u017en\u00edch bun\u011bk a podko\u017e\u00ed, ale i do svalov\u00e9ho obalu. Dobr\u00e9 v\u00fdsledky se dosahuj\u00ed u revmatick\u00fdch onemocn\u011bn\u00ed, svalov\u00e9 ztuhlosti, z\u00e1n\u011bt\u016f, neuralgi\u00ed a bolest\u00ed. Pro rezervaci kontaktujte na\u0161i recepci na reception@termalymalebielice.com nebo volejte +421 910 100 109.<\/p>\n","protected":false},"author":46,"featured_media":0,"parent":697,"menu_order":50,"comment_status":"closed","ping_status":"closed","template":"template-single-treatments.php","meta":{"footnotes":""},"class_list":["post-703","page","type-page","status-publish","hentry"],"yoast_head":"<!-- This site is optimized with the Yoast SEO plugin v27.3 - https:\/\/yoast.com\/product\/yoast-seo-wordpress\/ -->\n<title>Bankov\u00e1 mas\u00e1\u017e zad - Termaly Male Bielice -<\/title>\n<meta name=\"description\" content=\"Jednoduch\u00e1 a \u00fa\u010dinn\u00e1 l\u00e9\u010debn\u00e1 metoda pronik\u00e1 do hloubky k\u016f\u017ee i sval\u016f, pom\u00e1h\u00e1 p\u0159i revmatismu, ztuhlosti, z\u00e1n\u011btech a bolestech.\" \/>\n<meta name=\"robots\" content=\"index, follow, max-snippet:-1, max-image-preview:large, max-video-preview:-1\" \/>\n<link rel=\"canonical\" href=\"https:\/\/www.termalymalebielice.com\/cs\/wellness\/masaze\/bankova-masaz-zad\/\" \/>\n<meta property=\"og:locale\" content=\"cs_CZ\" \/>\n<meta property=\"og:type\" content=\"article\" \/>\n<meta property=\"og:title\" content=\"Bankov\u00e1 mas\u00e1\u017e zad - Termaly Male Bielice -\" \/>\n<meta property=\"og:description\" content=\"Jednoduch\u00e1 a \u00fa\u010dinn\u00e1 l\u00e9\u010debn\u00e1 metoda pronik\u00e1 do hloubky k\u016f\u017ee i sval\u016f, pom\u00e1h\u00e1 p\u0159i revmatismu, ztuhlosti, z\u00e1n\u011btech a bolestech.\" \/>\n<meta property=\"og:url\" content=\"https:\/\/www.termalymalebielice.com\/cs\/wellness\/masaze\/bankova-masaz-zad\/\" \/>\n<meta property=\"og:site_name\" content=\"Termaly Male Bielice\" \/>\n<meta property=\"article:modified_time\" content=\"2026-04-09T13:36:26+00:00\" \/>\n<meta name=\"twitter:card\" content=\"summary_large_image\" \/>\n<meta name=\"twitter:label1\" content=\"Odhadovan\u00e1 doba \u010dten\u00ed\" \/>\n\t<meta name=\"twitter:data1\" content=\"1 minuta\" \/>\n<script type=\"application\/ld+json\" class=\"yoast-schema-graph\">{\"@context\":\"https:\\\/\\\/schema.org\",\"@graph\":[{\"@type\":\"WebPage\",\"@id\":\"https:\\\/\\\/www.termalymalebielice.com\\\/cs\\\/wellness\\\/masaze\\\/bankova-masaz-zad\\\/\",\"url\":\"https:\\\/\\\/www.termalymalebielice.com\\\/cs\\\/wellness\\\/masaze\\\/bankova-masaz-zad\\\/\",\"name\":\"Bankov\u00e1 mas\u00e1\u017e zad - Termaly Male Bielice -\",\"isPartOf\":{\"@id\":\"https:\\\/\\\/www.termalymalebielice.com\\\/cs\\\/#website\"},\"datePublished\":\"2024-01-08T15:38:55+00:00\",\"dateModified\":\"2026-04-09T13:36:26+00:00\",\"description\":\"Jednoduch\u00e1 a \u00fa\u010dinn\u00e1 l\u00e9\u010debn\u00e1 metoda pronik\u00e1 do hloubky k\u016f\u017ee i sval\u016f, pom\u00e1h\u00e1 p\u0159i revmatismu, ztuhlosti, z\u00e1n\u011btech a bolestech.\",\"breadcrumb\":{\"@id\":\"https:\\\/\\\/www.termalymalebielice.com\\\/cs\\\/wellness\\\/masaze\\\/bankova-masaz-zad\\\/#breadcrumb\"},\"inLanguage\":\"cs\",\"potentialAction\":[{\"@type\":\"ReadAction\",\"target\":[\"https:\\\/\\\/www.termalymalebielice.com\\\/cs\\\/wellness\\\/masaze\\\/bankova-masaz-zad\\\/\"]}]},{\"@type\":\"BreadcrumbList\",\"@id\":\"https:\\\/\\\/www.termalymalebielice.com\\\/cs\\\/wellness\\\/masaze\\\/bankova-masaz-zad\\\/#breadcrumb\",\"itemListElement\":[{\"@type\":\"ListItem\",\"position\":1,\"name\":\"Home\",\"item\":\"https:\\\/\\\/www.termalymalebielice.com\\\/cs\\\/\"},{\"@type\":\"ListItem\",\"position\":2,\"name\":\"Wellness\",\"item\":\"https:\\\/\\\/www.termalymalebielice.com\\\/cs\\\/wellness\\\/\"},{\"@type\":\"ListItem\",\"position\":3,\"name\":\"Mas\u00e1\u017ee\",\"item\":\"https:\\\/\\\/www.termalymalebielice.com\\\/cs\\\/wellness\\\/masaze\\\/\"},{\"@type\":\"ListItem\",\"position\":4,\"name\":\"Bankov\u00e1 mas\u00e1\u017e zad\"}]},{\"@type\":\"WebSite\",\"@id\":\"https:\\\/\\\/www.termalymalebielice.com\\\/cs\\\/#website\",\"url\":\"https:\\\/\\\/www.termalymalebielice.com\\\/cs\\\/\",\"name\":\"Termaly Male Bielice\",\"description\":\"\",\"potentialAction\":[{\"@type\":\"SearchAction\",\"target\":{\"@type\":\"EntryPoint\",\"urlTemplate\":\"https:\\\/\\\/www.termalymalebielice.com\\\/cs\\\/?s={search_term_string}\"},\"query-input\":{\"@type\":\"PropertyValueSpecification\",\"valueRequired\":true,\"valueName\":\"search_term_string\"}}],\"inLanguage\":\"cs\"}]}<\/script>\n<!-- \/ Yoast SEO plugin. -->","yoast_head_json":{"title":"Bankov\u00e1 mas\u00e1\u017e zad - Termaly Male Bielice -","description":"Jednoduch\u00e1 a \u00fa\u010dinn\u00e1 l\u00e9\u010debn\u00e1 metoda pronik\u00e1 do hloubky k\u016f\u017ee i sval\u016f, pom\u00e1h\u00e1 p\u0159i revmatismu, ztuhlosti, z\u00e1n\u011btech a bolestech.","robots":{"index":"index","follow":"follow","max-snippet":"max-snippet:-1","max-image-preview":"max-image-preview:large","max-video-preview":"max-video-preview:-1"},"canonical":"https:\/\/www.termalymalebielice.com\/cs\/wellness\/masaze\/bankova-masaz-zad\/","og_locale":"cs_CZ","og_type":"article","og_title":"Bankov\u00e1 mas\u00e1\u017e zad - Termaly Male Bielice -","og_description":"Jednoduch\u00e1 a \u00fa\u010dinn\u00e1 l\u00e9\u010debn\u00e1 metoda pronik\u00e1 do hloubky k\u016f\u017ee i sval\u016f, pom\u00e1h\u00e1 p\u0159i revmatismu, ztuhlosti, z\u00e1n\u011btech a bolestech.","og_url":"https:\/\/www.termalymalebielice.com\/cs\/wellness\/masaze\/bankova-masaz-zad\/","og_site_name":"Termaly Male Bielice","article_modified_time":"2026-04-09T13:36:26+00:00","twitter_card":"summary_large_image","twitter_misc":{"Odhadovan\u00e1 doba \u010dten\u00ed":"1 minuta"},"schema":{"@context":"https:\/\/schema.org","@graph":[{"@type":"WebPage","@id":"https:\/\/www.termalymalebielice.com\/cs\/wellness\/masaze\/bankova-masaz-zad\/","url":"https:\/\/www.termalymalebielice.com\/cs\/wellness\/masaze\/bankova-masaz-zad\/","name":"Bankov\u00e1 mas\u00e1\u017e zad - Termaly Male Bielice -","isPartOf":{"@id":"https:\/\/www.termalymalebielice.com\/cs\/#website"},"datePublished":"2024-01-08T15:38:55+00:00","dateModified":"2026-04-09T13:36:26+00:00","description":"Jednoduch\u00e1 a \u00fa\u010dinn\u00e1 l\u00e9\u010debn\u00e1 metoda pronik\u00e1 do hloubky k\u016f\u017ee i sval\u016f, pom\u00e1h\u00e1 p\u0159i revmatismu, ztuhlosti, z\u00e1n\u011btech a bolestech.","breadcrumb":{"@id":"https:\/\/www.termalymalebielice.com\/cs\/wellness\/masaze\/bankova-masaz-zad\/#breadcrumb"},"inLanguage":"cs","potentialAction":[{"@type":"ReadAction","target":["https:\/\/www.termalymalebielice.com\/cs\/wellness\/masaze\/bankova-masaz-zad\/"]}]},{"@type":"BreadcrumbList","@id":"https:\/\/www.termalymalebielice.com\/cs\/wellness\/masaze\/bankova-masaz-zad\/#breadcrumb","itemListElement":[{"@type":"ListItem","position":1,"name":"Home","item":"https:\/\/www.termalymalebielice.com\/cs\/"},{"@type":"ListItem","position":2,"name":"Wellness","item":"https:\/\/www.termalymalebielice.com\/cs\/wellness\/"},{"@type":"ListItem","position":3,"name":"Mas\u00e1\u017ee","item":"https:\/\/www.termalymalebielice.com\/cs\/wellness\/masaze\/"},{"@type":"ListItem","position":4,"name":"Bankov\u00e1 mas\u00e1\u017e zad"}]},{"@type":"WebSite","@id":"https:\/\/www.termalymalebielice.com\/cs\/#website","url":"https:\/\/www.termalymalebielice.com\/cs\/","name":"Termaly Male Bielice","description":"","potentialAction":[{"@type":"SearchAction","target":{"@type":"EntryPoint","urlTemplate":"https:\/\/www.termalymalebielice.com\/cs\/?s={search_term_string}"},"query-input":{"@type":"PropertyValueSpecification","valueRequired":true,"valueName":"search_term_string"}}],"inLanguage":"cs"}]}},"acf":[],"_links":{"self":[{"href":"https:\/\/www.termalymalebielice.com\/cs\/wp-json\/wp\/v2\/pages\/703","targetHints":{"allow":["GET"]}}],"collection":[{"href":"https:\/\/www.termalymalebielice.com\/cs\/wp-json\/wp\/v2\/pages"}],"about":[{"href":"https:\/\/www.termalymalebielice.com\/cs\/wp-json\/wp\/v2\/types\/page"}],"author":[{"embeddable":true,"href":"https:\/\/www.termalymalebielice.com\/cs\/wp-json\/wp\/v2\/users\/46"}],"replies":[{"embeddable":true,"href":"https:\/\/www.termalymalebielice.com\/cs\/wp-json\/wp\/v2\/comments?post=703"}],"version-history":[{"count":0,"href":"https:\/\/www.termalymalebielice.com\/cs\/wp-json\/wp\/v2\/pages\/703\/revisions"}],"up":[{"embeddable":true,"href":"https:\/\/www.termalymalebielice.com\/cs\/wp-json\/wp\/v2\/pages\/697"}],"wp:attachment":[{"href":"https:\/\/www.termalymalebielice.com\/cs\/wp-json\/wp\/v2\/media?parent=703"}],"curies":[{"name":"wp","href":"https:\/\/api.w.org\/{rel}","templated":true}]}}