{"id":700,"date":"2024-01-08T15:35:15","date_gmt":"2024-01-08T15:35:15","guid":{"rendered":"https:\/\/www.termalymalebielice.com\/?page_id=700"},"modified":"2026-04-09T13:35:12","modified_gmt":"2026-04-09T13:35:12","slug":"klasicka-masaz","status":"publish","type":"page","link":"https:\/\/www.termalymalebielice.com\/cs\/wellness\/masaze\/klasicka-masaz\/","title":{"rendered":"Klasick\u00e1 mas\u00e1\u017e"},"content":{"rendered":"<div class=\"n4sEPd\">\n<div class=\"QFw9Te BLojaf\"><\/div>\n<\/div>\n<div class=\"QcsUad BDJ8fb BLojaf sMVRZe hCXDsb wneUed\">\n<p class=\"oBOnKe\"><span class=\"jCAhz ChMk0b\" style=\"font-size: 16px\"><span class=\"ryNqvb\">Tento typ mas\u00e1\u017ee je v\u00fdborn\u00fdm prost\u0159edkem pro uvoln\u011bn\u00ed ztuhl\u00fdch sval\u016f, zlep\u0161en\u00ed krevn\u00edho ob\u011bhu, dod\u00e1n\u00ed \u017eivin a kysl\u00edku do tk\u00e1n\u00ed, slou\u017e\u00ed k rychlej\u0161\u00edmu odplavov\u00e1n\u00ed \u0161kodlivin z tk\u00e1n\u00ed a odbour\u00e1v\u00e1n\u00ed stresu.<\/span><\/span> <span class=\"jCAhz ChMk0b\" style=\"font-size: 16px\"><span class=\"ryNqvb\">Mas\u00e1\u017e p\u016fsob\u00ed osv\u011b\u017eiv\u011b p\u0159i celkov\u00e9 \u00fanav\u011b a naopak zklid\u0148uje p\u0159i psychick\u00e9m nap\u011bt\u00ed.<\/span><\/span><\/p>\n<p>Pro rezervaci kontaktujte na\u0161i recepci na reception@termalymalebielice.com nebo volejte +421 910 100 109.<\/p>\n<\/div>\n<div style=\"border: none\"><\/div>\n<div style=\"border: none\"><\/div>\n<div style=\"border: none\"><\/div>\n","protected":false},"excerpt":{"rendered":"<p>Tento typ mas\u00e1\u017ee je v\u00fdborn\u00fdm prost\u0159edkem pro uvoln\u011bn\u00ed ztuhl\u00fdch sval\u016f, zlep\u0161en\u00ed krevn\u00edho ob\u011bhu, dod\u00e1n\u00ed \u017eivin a kysl\u00edku do tk\u00e1n\u00ed, slou\u017e\u00ed k rychlej\u0161\u00edmu odplavov\u00e1n\u00ed \u0161kodlivin z tk\u00e1n\u00ed a odbour\u00e1v\u00e1n\u00ed stresu. Mas\u00e1\u017e p\u016fsob\u00ed osv\u011b\u017eiv\u011b p\u0159i celkov\u00e9 \u00fanav\u011b a naopak zklid\u0148uje p\u0159i psychick\u00e9m nap\u011bt\u00ed. Pro rezervaci kontaktujte na\u0161i recepci na reception@termalymalebielice.com nebo volejte +421 910 100 109.<\/p>\n","protected":false},"author":46,"featured_media":0,"parent":697,"menu_order":20,"comment_status":"closed","ping_status":"closed","template":"template-single-treatments.php","meta":{"footnotes":""},"yoast_head":"<!-- This site is optimized with the Yoast SEO plugin v22.3 - https:\/\/yoast.com\/wordpress\/plugins\/seo\/ -->\n<title>Klasick\u00e1 mas\u00e1\u017e - Termaly Male Bielice -<\/title>\n<meta name=\"description\" content=\"Tato mas\u00e1\u017e uvol\u0148uje svaly, zlep\u0161uje krevn\u00ed ob\u011bh, odbour\u00e1v\u00e1 stres a \u0161kodliviny, osv\u011b\u017euje t\u011blo i uklid\u0148uje mysl.\" \/>\n<meta name=\"robots\" content=\"index, follow, max-snippet:-1, max-image-preview:large, max-video-preview:-1\" \/>\n<link rel=\"canonical\" href=\"https:\/\/www.termalymalebielice.com\/cs\/wellness\/masaze\/klasicka-masaz\/\" \/>\n<meta property=\"og:locale\" content=\"cs_CZ\" \/>\n<meta property=\"og:type\" content=\"article\" \/>\n<meta property=\"og:title\" content=\"Klasick\u00e1 mas\u00e1\u017e - Termaly Male Bielice -\" \/>\n<meta property=\"og:description\" content=\"Tato mas\u00e1\u017e uvol\u0148uje svaly, zlep\u0161uje krevn\u00ed ob\u011bh, odbour\u00e1v\u00e1 stres a \u0161kodliviny, osv\u011b\u017euje t\u011blo i uklid\u0148uje mysl.\" \/>\n<meta property=\"og:url\" content=\"https:\/\/www.termalymalebielice.com\/cs\/wellness\/masaze\/klasicka-masaz\/\" \/>\n<meta property=\"og:site_name\" content=\"Termaly Male Bielice\" \/>\n<meta property=\"article:modified_time\" content=\"2026-04-09T13:35:12+00:00\" \/>\n<meta name=\"twitter:card\" content=\"summary_large_image\" \/>\n<meta name=\"twitter:label1\" content=\"Odhadovan\u00e1 doba \u010dten\u00ed\" \/>\n\t<meta name=\"twitter:data1\" content=\"1 minuta\" \/>\n<script type=\"application\/ld+json\" class=\"yoast-schema-graph\">{\"@context\":\"https:\/\/schema.org\",\"@graph\":[{\"@type\":\"WebPage\",\"@id\":\"https:\/\/www.termalymalebielice.com\/cs\/wellness\/masaze\/klasicka-masaz\/\",\"url\":\"https:\/\/www.termalymalebielice.com\/cs\/wellness\/masaze\/klasicka-masaz\/\",\"name\":\"Klasick\u00e1 mas\u00e1\u017e - Termaly Male Bielice -\",\"isPartOf\":{\"@id\":\"https:\/\/www.termalymalebielice.com\/cs\/#website\"},\"datePublished\":\"2024-01-08T15:35:15+00:00\",\"dateModified\":\"2026-04-09T13:35:12+00:00\",\"description\":\"Tato mas\u00e1\u017e uvol\u0148uje svaly, zlep\u0161uje krevn\u00ed ob\u011bh, odbour\u00e1v\u00e1 stres a \u0161kodliviny, osv\u011b\u017euje t\u011blo i uklid\u0148uje mysl.\",\"breadcrumb\":{\"@id\":\"https:\/\/www.termalymalebielice.com\/cs\/wellness\/masaze\/klasicka-masaz\/#breadcrumb\"},\"inLanguage\":\"cs\",\"potentialAction\":[{\"@type\":\"ReadAction\",\"target\":[\"https:\/\/www.termalymalebielice.com\/cs\/wellness\/masaze\/klasicka-masaz\/\"]}]},{\"@type\":\"BreadcrumbList\",\"@id\":\"https:\/\/www.termalymalebielice.com\/cs\/wellness\/masaze\/klasicka-masaz\/#breadcrumb\",\"itemListElement\":[{\"@type\":\"ListItem\",\"position\":1,\"name\":\"Home\",\"item\":\"https:\/\/www.termalymalebielice.com\/cs\/\"},{\"@type\":\"ListItem\",\"position\":2,\"name\":\"Wellness\",\"item\":\"https:\/\/www.termalymalebielice.com\/cs\/wellness\/\"},{\"@type\":\"ListItem\",\"position\":3,\"name\":\"Mas\u00e1\u017ee\",\"item\":\"https:\/\/www.termalymalebielice.com\/cs\/wellness\/masaze\/\"},{\"@type\":\"ListItem\",\"position\":4,\"name\":\"Klasick\u00e1 mas\u00e1\u017e\"}]},{\"@type\":\"WebSite\",\"@id\":\"https:\/\/www.termalymalebielice.com\/cs\/#website\",\"url\":\"https:\/\/www.termalymalebielice.com\/cs\/\",\"name\":\"Termaly Male Bielice\",\"description\":\"\",\"potentialAction\":[{\"@type\":\"SearchAction\",\"target\":{\"@type\":\"EntryPoint\",\"urlTemplate\":\"https:\/\/www.termalymalebielice.com\/cs\/?s={search_term_string}\"},\"query-input\":\"required name=search_term_string\"}],\"inLanguage\":\"cs\"}]}<\/script>\n<!-- \/ Yoast SEO plugin. -->","yoast_head_json":{"title":"Klasick\u00e1 mas\u00e1\u017e - Termaly Male Bielice -","description":"Tato mas\u00e1\u017e uvol\u0148uje svaly, zlep\u0161uje krevn\u00ed ob\u011bh, odbour\u00e1v\u00e1 stres a \u0161kodliviny, osv\u011b\u017euje t\u011blo i uklid\u0148uje mysl.","robots":{"index":"index","follow":"follow","max-snippet":"max-snippet:-1","max-image-preview":"max-image-preview:large","max-video-preview":"max-video-preview:-1"},"canonical":"https:\/\/www.termalymalebielice.com\/cs\/wellness\/masaze\/klasicka-masaz\/","og_locale":"cs_CZ","og_type":"article","og_title":"Klasick\u00e1 mas\u00e1\u017e - Termaly Male Bielice -","og_description":"Tato mas\u00e1\u017e uvol\u0148uje svaly, zlep\u0161uje krevn\u00ed ob\u011bh, odbour\u00e1v\u00e1 stres a \u0161kodliviny, osv\u011b\u017euje t\u011blo i uklid\u0148uje mysl.","og_url":"https:\/\/www.termalymalebielice.com\/cs\/wellness\/masaze\/klasicka-masaz\/","og_site_name":"Termaly Male Bielice","article_modified_time":"2026-04-09T13:35:12+00:00","twitter_card":"summary_large_image","twitter_misc":{"Odhadovan\u00e1 doba \u010dten\u00ed":"1 minuta"},"schema":{"@context":"https:\/\/schema.org","@graph":[{"@type":"WebPage","@id":"https:\/\/www.termalymalebielice.com\/cs\/wellness\/masaze\/klasicka-masaz\/","url":"https:\/\/www.termalymalebielice.com\/cs\/wellness\/masaze\/klasicka-masaz\/","name":"Klasick\u00e1 mas\u00e1\u017e - Termaly Male Bielice -","isPartOf":{"@id":"https:\/\/www.termalymalebielice.com\/cs\/#website"},"datePublished":"2024-01-08T15:35:15+00:00","dateModified":"2026-04-09T13:35:12+00:00","description":"Tato mas\u00e1\u017e uvol\u0148uje svaly, zlep\u0161uje krevn\u00ed ob\u011bh, odbour\u00e1v\u00e1 stres a \u0161kodliviny, osv\u011b\u017euje t\u011blo i uklid\u0148uje mysl.","breadcrumb":{"@id":"https:\/\/www.termalymalebielice.com\/cs\/wellness\/masaze\/klasicka-masaz\/#breadcrumb"},"inLanguage":"cs","potentialAction":[{"@type":"ReadAction","target":["https:\/\/www.termalymalebielice.com\/cs\/wellness\/masaze\/klasicka-masaz\/"]}]},{"@type":"BreadcrumbList","@id":"https:\/\/www.termalymalebielice.com\/cs\/wellness\/masaze\/klasicka-masaz\/#breadcrumb","itemListElement":[{"@type":"ListItem","position":1,"name":"Home","item":"https:\/\/www.termalymalebielice.com\/cs\/"},{"@type":"ListItem","position":2,"name":"Wellness","item":"https:\/\/www.termalymalebielice.com\/cs\/wellness\/"},{"@type":"ListItem","position":3,"name":"Mas\u00e1\u017ee","item":"https:\/\/www.termalymalebielice.com\/cs\/wellness\/masaze\/"},{"@type":"ListItem","position":4,"name":"Klasick\u00e1 mas\u00e1\u017e"}]},{"@type":"WebSite","@id":"https:\/\/www.termalymalebielice.com\/cs\/#website","url":"https:\/\/www.termalymalebielice.com\/cs\/","name":"Termaly Male Bielice","description":"","potentialAction":[{"@type":"SearchAction","target":{"@type":"EntryPoint","urlTemplate":"https:\/\/www.termalymalebielice.com\/cs\/?s={search_term_string}"},"query-input":"required name=search_term_string"}],"inLanguage":"cs"}]}},"acf":[],"_links":{"self":[{"href":"https:\/\/www.termalymalebielice.com\/cs\/wp-json\/wp\/v2\/pages\/700"}],"collection":[{"href":"https:\/\/www.termalymalebielice.com\/cs\/wp-json\/wp\/v2\/pages"}],"about":[{"href":"https:\/\/www.termalymalebielice.com\/cs\/wp-json\/wp\/v2\/types\/page"}],"author":[{"embeddable":true,"href":"https:\/\/www.termalymalebielice.com\/cs\/wp-json\/wp\/v2\/users\/46"}],"replies":[{"embeddable":true,"href":"https:\/\/www.termalymalebielice.com\/cs\/wp-json\/wp\/v2\/comments?post=700"}],"version-history":[{"count":0,"href":"https:\/\/www.termalymalebielice.com\/cs\/wp-json\/wp\/v2\/pages\/700\/revisions"}],"up":[{"embeddable":true,"href":"https:\/\/www.termalymalebielice.com\/cs\/wp-json\/wp\/v2\/pages\/697"}],"wp:attachment":[{"href":"https:\/\/www.termalymalebielice.com\/cs\/wp-json\/wp\/v2\/media?parent=700"}],"curies":[{"name":"wp","href":"https:\/\/api.w.org\/{rel}","templated":true}]}}