{"id":695,"date":"2024-01-15T09:56:11","date_gmt":"2024-01-15T09:56:11","guid":{"rendered":"https:\/\/www.termalymalebielice.com\/?page_id=695"},"modified":"2025-05-21T13:18:00","modified_gmt":"2025-05-21T13:18:00","slug":"letni-bazen","status":"publish","type":"page","link":"https:\/\/www.termalymalebielice.com\/cs\/wellness\/letni-bazen\/","title":{"rendered":"Letn\u00ed baz\u00e9n"},"content":{"rendered":"<div class=\"lRu31\" dir=\"ltr\" style=\"text-align: center\"><span class=\"HwtZe\" lang=\"cs\"><span class=\"jCAhz ChMk0b\"><span class=\"ryNqvb\">Letn\u00ed baz\u00e9n je vyu\u017e\u00edv\u00e1n pouze v letn\u00edch m\u011bs\u00edc\u00edch. <\/span><\/span><\/span><\/div>\n<div class=\"lRu31\" dir=\"ltr\" style=\"text-align: center\">\n<p><span class=\"HwtZe\" lang=\"cs\"><span class=\"jCAhz ChMk0b\"><span class=\"ryNqvb\">Hloubka vody je 1,2 m. Teplota vody 25-30\u00a0\u00b0C.<\/span><\/span><\/span><\/p>\n<div class=\"OvtS8d\"><\/div>\n<div id=\"ow109\"><\/div>\n<\/div>\n<div class=\"UdTY9 WdefRb\" aria-hidden=\"true\" data-location=\"2\"><\/div>\n","protected":false},"excerpt":{"rendered":"<p>Letn\u00ed baz\u00e9n je vyu\u017e\u00edv\u00e1n pouze v letn\u00edch m\u011bs\u00edc\u00edch. Hloubka vody je 1,2 m. Teplota vody 25-30\u00a0\u00b0C.<\/p>\n","protected":false},"author":46,"featured_media":0,"parent":689,"menu_order":0,"comment_status":"closed","ping_status":"closed","template":"template-single-spa.php","meta":{"footnotes":""},"class_list":["post-695","page","type-page","status-publish","hentry"],"yoast_head":"<!-- This site is optimized with the Yoast SEO plugin v27.3 - https:\/\/yoast.com\/product\/yoast-seo-wordpress\/ -->\n<title>Letn\u00ed baz\u00e9n - Termaly Male Bielice -<\/title>\n<meta name=\"description\" content=\"Letn\u00ed baz\u00e9n je V\u00e1m k dispozici pouze b\u011bhem letn\u00edch m\u011bs\u00edc\u016f a m\u00e1 hloubku vody 1,2 metru pro bezpe\u010dn\u00e9 koup\u00e1n\u00ed.\" \/>\n<meta name=\"robots\" content=\"index, follow, max-snippet:-1, max-image-preview:large, max-video-preview:-1\" \/>\n<link rel=\"canonical\" href=\"https:\/\/www.termalymalebielice.com\/cs\/wellness\/letni-bazen\/\" \/>\n<meta property=\"og:locale\" content=\"cs_CZ\" \/>\n<meta property=\"og:type\" content=\"article\" \/>\n<meta property=\"og:title\" content=\"Letn\u00ed baz\u00e9n - Termaly Male Bielice -\" \/>\n<meta property=\"og:description\" content=\"Letn\u00ed baz\u00e9n je V\u00e1m k dispozici pouze b\u011bhem letn\u00edch m\u011bs\u00edc\u016f a m\u00e1 hloubku vody 1,2 metru pro bezpe\u010dn\u00e9 koup\u00e1n\u00ed.\" \/>\n<meta property=\"og:url\" content=\"https:\/\/www.termalymalebielice.com\/cs\/wellness\/letni-bazen\/\" \/>\n<meta property=\"og:site_name\" content=\"Termaly Male Bielice\" \/>\n<meta property=\"article:modified_time\" content=\"2025-05-21T13:18:00+00:00\" \/>\n<meta name=\"twitter:card\" content=\"summary_large_image\" \/>\n<meta name=\"twitter:label1\" content=\"Odhadovan\u00e1 doba \u010dten\u00ed\" \/>\n\t<meta name=\"twitter:data1\" content=\"1 minuta\" \/>\n<script type=\"application\/ld+json\" class=\"yoast-schema-graph\">{\"@context\":\"https:\\\/\\\/schema.org\",\"@graph\":[{\"@type\":\"WebPage\",\"@id\":\"https:\\\/\\\/www.termalymalebielice.com\\\/cs\\\/wellness\\\/letni-bazen\\\/\",\"url\":\"https:\\\/\\\/www.termalymalebielice.com\\\/cs\\\/wellness\\\/letni-bazen\\\/\",\"name\":\"Letn\u00ed baz\u00e9n - Termaly Male Bielice -\",\"isPartOf\":{\"@id\":\"https:\\\/\\\/www.termalymalebielice.com\\\/cs\\\/#website\"},\"datePublished\":\"2024-01-15T09:56:11+00:00\",\"dateModified\":\"2025-05-21T13:18:00+00:00\",\"description\":\"Letn\u00ed baz\u00e9n je V\u00e1m k dispozici pouze b\u011bhem letn\u00edch m\u011bs\u00edc\u016f a m\u00e1 hloubku vody 1,2 metru pro bezpe\u010dn\u00e9 koup\u00e1n\u00ed.\",\"breadcrumb\":{\"@id\":\"https:\\\/\\\/www.termalymalebielice.com\\\/cs\\\/wellness\\\/letni-bazen\\\/#breadcrumb\"},\"inLanguage\":\"cs\",\"potentialAction\":[{\"@type\":\"ReadAction\",\"target\":[\"https:\\\/\\\/www.termalymalebielice.com\\\/cs\\\/wellness\\\/letni-bazen\\\/\"]}]},{\"@type\":\"BreadcrumbList\",\"@id\":\"https:\\\/\\\/www.termalymalebielice.com\\\/cs\\\/wellness\\\/letni-bazen\\\/#breadcrumb\",\"itemListElement\":[{\"@type\":\"ListItem\",\"position\":1,\"name\":\"Home\",\"item\":\"https:\\\/\\\/www.termalymalebielice.com\\\/cs\\\/\"},{\"@type\":\"ListItem\",\"position\":2,\"name\":\"Wellness\",\"item\":\"https:\\\/\\\/www.termalymalebielice.com\\\/cs\\\/wellness\\\/\"},{\"@type\":\"ListItem\",\"position\":3,\"name\":\"Letn\u00ed baz\u00e9n\"}]},{\"@type\":\"WebSite\",\"@id\":\"https:\\\/\\\/www.termalymalebielice.com\\\/cs\\\/#website\",\"url\":\"https:\\\/\\\/www.termalymalebielice.com\\\/cs\\\/\",\"name\":\"Termaly Male Bielice\",\"description\":\"\",\"potentialAction\":[{\"@type\":\"SearchAction\",\"target\":{\"@type\":\"EntryPoint\",\"urlTemplate\":\"https:\\\/\\\/www.termalymalebielice.com\\\/cs\\\/?s={search_term_string}\"},\"query-input\":{\"@type\":\"PropertyValueSpecification\",\"valueRequired\":true,\"valueName\":\"search_term_string\"}}],\"inLanguage\":\"cs\"}]}<\/script>\n<!-- \/ Yoast SEO plugin. -->","yoast_head_json":{"title":"Letn\u00ed baz\u00e9n - Termaly Male Bielice -","description":"Letn\u00ed baz\u00e9n je V\u00e1m k dispozici pouze b\u011bhem letn\u00edch m\u011bs\u00edc\u016f a m\u00e1 hloubku vody 1,2 metru pro bezpe\u010dn\u00e9 koup\u00e1n\u00ed.","robots":{"index":"index","follow":"follow","max-snippet":"max-snippet:-1","max-image-preview":"max-image-preview:large","max-video-preview":"max-video-preview:-1"},"canonical":"https:\/\/www.termalymalebielice.com\/cs\/wellness\/letni-bazen\/","og_locale":"cs_CZ","og_type":"article","og_title":"Letn\u00ed baz\u00e9n - Termaly Male Bielice -","og_description":"Letn\u00ed baz\u00e9n je V\u00e1m k dispozici pouze b\u011bhem letn\u00edch m\u011bs\u00edc\u016f a m\u00e1 hloubku vody 1,2 metru pro bezpe\u010dn\u00e9 koup\u00e1n\u00ed.","og_url":"https:\/\/www.termalymalebielice.com\/cs\/wellness\/letni-bazen\/","og_site_name":"Termaly Male Bielice","article_modified_time":"2025-05-21T13:18:00+00:00","twitter_card":"summary_large_image","twitter_misc":{"Odhadovan\u00e1 doba \u010dten\u00ed":"1 minuta"},"schema":{"@context":"https:\/\/schema.org","@graph":[{"@type":"WebPage","@id":"https:\/\/www.termalymalebielice.com\/cs\/wellness\/letni-bazen\/","url":"https:\/\/www.termalymalebielice.com\/cs\/wellness\/letni-bazen\/","name":"Letn\u00ed baz\u00e9n - Termaly Male Bielice -","isPartOf":{"@id":"https:\/\/www.termalymalebielice.com\/cs\/#website"},"datePublished":"2024-01-15T09:56:11+00:00","dateModified":"2025-05-21T13:18:00+00:00","description":"Letn\u00ed baz\u00e9n je V\u00e1m k dispozici pouze b\u011bhem letn\u00edch m\u011bs\u00edc\u016f a m\u00e1 hloubku vody 1,2 metru pro bezpe\u010dn\u00e9 koup\u00e1n\u00ed.","breadcrumb":{"@id":"https:\/\/www.termalymalebielice.com\/cs\/wellness\/letni-bazen\/#breadcrumb"},"inLanguage":"cs","potentialAction":[{"@type":"ReadAction","target":["https:\/\/www.termalymalebielice.com\/cs\/wellness\/letni-bazen\/"]}]},{"@type":"BreadcrumbList","@id":"https:\/\/www.termalymalebielice.com\/cs\/wellness\/letni-bazen\/#breadcrumb","itemListElement":[{"@type":"ListItem","position":1,"name":"Home","item":"https:\/\/www.termalymalebielice.com\/cs\/"},{"@type":"ListItem","position":2,"name":"Wellness","item":"https:\/\/www.termalymalebielice.com\/cs\/wellness\/"},{"@type":"ListItem","position":3,"name":"Letn\u00ed baz\u00e9n"}]},{"@type":"WebSite","@id":"https:\/\/www.termalymalebielice.com\/cs\/#website","url":"https:\/\/www.termalymalebielice.com\/cs\/","name":"Termaly Male Bielice","description":"","potentialAction":[{"@type":"SearchAction","target":{"@type":"EntryPoint","urlTemplate":"https:\/\/www.termalymalebielice.com\/cs\/?s={search_term_string}"},"query-input":{"@type":"PropertyValueSpecification","valueRequired":true,"valueName":"search_term_string"}}],"inLanguage":"cs"}]}},"acf":[],"_links":{"self":[{"href":"https:\/\/www.termalymalebielice.com\/cs\/wp-json\/wp\/v2\/pages\/695","targetHints":{"allow":["GET"]}}],"collection":[{"href":"https:\/\/www.termalymalebielice.com\/cs\/wp-json\/wp\/v2\/pages"}],"about":[{"href":"https:\/\/www.termalymalebielice.com\/cs\/wp-json\/wp\/v2\/types\/page"}],"author":[{"embeddable":true,"href":"https:\/\/www.termalymalebielice.com\/cs\/wp-json\/wp\/v2\/users\/46"}],"replies":[{"embeddable":true,"href":"https:\/\/www.termalymalebielice.com\/cs\/wp-json\/wp\/v2\/comments?post=695"}],"version-history":[{"count":0,"href":"https:\/\/www.termalymalebielice.com\/cs\/wp-json\/wp\/v2\/pages\/695\/revisions"}],"up":[{"embeddable":true,"href":"https:\/\/www.termalymalebielice.com\/cs\/wp-json\/wp\/v2\/pages\/689"}],"wp:attachment":[{"href":"https:\/\/www.termalymalebielice.com\/cs\/wp-json\/wp\/v2\/media?parent=695"}],"curies":[{"name":"wp","href":"https:\/\/api.w.org\/{rel}","templated":true}]}}