{"id":691,"date":"2024-01-15T09:47:00","date_gmt":"2024-01-15T09:47:00","guid":{"rendered":"https:\/\/www.termalymalebielice.com\/?page_id=691"},"modified":"2025-06-09T14:24:39","modified_gmt":"2025-06-09T14:24:39","slug":"vnitrni-klidovy-bazen","status":"publish","type":"page","link":"https:\/\/www.termalymalebielice.com\/cs\/wellness\/vnitrni-klidovy-bazen\/","title":{"rendered":"Vnit\u0159n\u00ed klidov\u00fd baz\u00e9n"},"content":{"rendered":"<p style=\"text-align: center\"><span class=\"jCAhz ChMk0b\"><span class=\"ryNqvb\">Vnit\u0159n\u00ed rekrea\u010dn\u00ed baz\u00e9n je sedac\u00ed baz\u00e9n bez hydromas\u00e1\u017en\u00edch prvk\u016f. Kompletn\u00ed rekonstrukc\u00ed nepro\u0161el jen baz\u00e9n, ale tak\u00e9 nedalek\u00e1 odpo\u010dinkov\u00e1 z\u00f3na, kde byla um\u00edst\u011bna nov\u00e1 leh\u00e1tka. <\/span><\/span><span class=\"jCAhz ChMk0b\"><span class=\"ryNqvb\">Hloubka vody je 1,2 m. Teplota vody 35-37 \u00b0C.\u00a0<\/span><\/span><\/p>\n<p style=\"text-align: center\">\n","protected":false},"excerpt":{"rendered":"<p>Vnit\u0159n\u00ed rekrea\u010dn\u00ed baz\u00e9n je sedac\u00ed baz\u00e9n bez hydromas\u00e1\u017en\u00edch prvk\u016f. Kompletn\u00ed rekonstrukc\u00ed nepro\u0161el jen baz\u00e9n, ale tak\u00e9 nedalek\u00e1 odpo\u010dinkov\u00e1 z\u00f3na, kde byla um\u00edst\u011bna nov\u00e1 leh\u00e1tka. Hloubka vody je 1,2 m. Teplota vody 35-37 \u00b0C.\u00a0<\/p>\n","protected":false},"author":46,"featured_media":0,"parent":689,"menu_order":0,"comment_status":"closed","ping_status":"closed","template":"template-single-spa.php","meta":{"footnotes":""},"class_list":["post-691","page","type-page","status-publish","hentry"],"yoast_head":"<!-- This site is optimized with the Yoast SEO plugin v27.3 - https:\/\/yoast.com\/product\/yoast-seo-wordpress\/ -->\n<title>Vnit\u0159n\u00ed klidov\u00fd baz\u00e9n - Termaly Male Bielice -<\/title>\n<meta name=\"description\" content=\"N\u00e1\u0161 vnit\u0159n\u00ed rekrea\u010dn\u00ed baz\u00e9n je sedac\u00ed, bez hydromas\u00e1\u017en\u00edch prvk\u016f, s hloubkou vody 1,2 m pro pohodln\u00e9 posezen\u00ed.\" \/>\n<meta name=\"robots\" content=\"index, follow, max-snippet:-1, max-image-preview:large, max-video-preview:-1\" \/>\n<link rel=\"canonical\" href=\"https:\/\/www.termalymalebielice.com\/cs\/wellness\/vnitrni-klidovy-bazen\/\" \/>\n<meta property=\"og:locale\" content=\"cs_CZ\" \/>\n<meta property=\"og:type\" content=\"article\" \/>\n<meta property=\"og:title\" content=\"Vnit\u0159n\u00ed klidov\u00fd baz\u00e9n - Termaly Male Bielice -\" \/>\n<meta property=\"og:description\" content=\"N\u00e1\u0161 vnit\u0159n\u00ed rekrea\u010dn\u00ed baz\u00e9n je sedac\u00ed, bez hydromas\u00e1\u017en\u00edch prvk\u016f, s hloubkou vody 1,2 m pro pohodln\u00e9 posezen\u00ed.\" \/>\n<meta property=\"og:url\" content=\"https:\/\/www.termalymalebielice.com\/cs\/wellness\/vnitrni-klidovy-bazen\/\" \/>\n<meta property=\"og:site_name\" content=\"Termaly Male Bielice\" \/>\n<meta property=\"article:modified_time\" content=\"2025-06-09T14:24:39+00:00\" \/>\n<meta name=\"twitter:card\" content=\"summary_large_image\" \/>\n<meta name=\"twitter:label1\" content=\"Odhadovan\u00e1 doba \u010dten\u00ed\" \/>\n\t<meta name=\"twitter:data1\" content=\"1 minuta\" \/>\n<script type=\"application\/ld+json\" class=\"yoast-schema-graph\">{\"@context\":\"https:\\\/\\\/schema.org\",\"@graph\":[{\"@type\":\"WebPage\",\"@id\":\"https:\\\/\\\/www.termalymalebielice.com\\\/cs\\\/wellness\\\/vnitrni-klidovy-bazen\\\/\",\"url\":\"https:\\\/\\\/www.termalymalebielice.com\\\/cs\\\/wellness\\\/vnitrni-klidovy-bazen\\\/\",\"name\":\"Vnit\u0159n\u00ed klidov\u00fd baz\u00e9n - Termaly Male Bielice -\",\"isPartOf\":{\"@id\":\"https:\\\/\\\/www.termalymalebielice.com\\\/cs\\\/#website\"},\"datePublished\":\"2024-01-15T09:47:00+00:00\",\"dateModified\":\"2025-06-09T14:24:39+00:00\",\"description\":\"N\u00e1\u0161 vnit\u0159n\u00ed rekrea\u010dn\u00ed baz\u00e9n je sedac\u00ed, bez hydromas\u00e1\u017en\u00edch prvk\u016f, s hloubkou vody 1,2 m pro pohodln\u00e9 posezen\u00ed.\",\"breadcrumb\":{\"@id\":\"https:\\\/\\\/www.termalymalebielice.com\\\/cs\\\/wellness\\\/vnitrni-klidovy-bazen\\\/#breadcrumb\"},\"inLanguage\":\"cs\",\"potentialAction\":[{\"@type\":\"ReadAction\",\"target\":[\"https:\\\/\\\/www.termalymalebielice.com\\\/cs\\\/wellness\\\/vnitrni-klidovy-bazen\\\/\"]}]},{\"@type\":\"BreadcrumbList\",\"@id\":\"https:\\\/\\\/www.termalymalebielice.com\\\/cs\\\/wellness\\\/vnitrni-klidovy-bazen\\\/#breadcrumb\",\"itemListElement\":[{\"@type\":\"ListItem\",\"position\":1,\"name\":\"Home\",\"item\":\"https:\\\/\\\/www.termalymalebielice.com\\\/cs\\\/\"},{\"@type\":\"ListItem\",\"position\":2,\"name\":\"Wellness\",\"item\":\"https:\\\/\\\/www.termalymalebielice.com\\\/cs\\\/wellness\\\/\"},{\"@type\":\"ListItem\",\"position\":3,\"name\":\"Vnit\u0159n\u00ed klidov\u00fd baz\u00e9n\"}]},{\"@type\":\"WebSite\",\"@id\":\"https:\\\/\\\/www.termalymalebielice.com\\\/cs\\\/#website\",\"url\":\"https:\\\/\\\/www.termalymalebielice.com\\\/cs\\\/\",\"name\":\"Termaly Male Bielice\",\"description\":\"\",\"potentialAction\":[{\"@type\":\"SearchAction\",\"target\":{\"@type\":\"EntryPoint\",\"urlTemplate\":\"https:\\\/\\\/www.termalymalebielice.com\\\/cs\\\/?s={search_term_string}\"},\"query-input\":{\"@type\":\"PropertyValueSpecification\",\"valueRequired\":true,\"valueName\":\"search_term_string\"}}],\"inLanguage\":\"cs\"}]}<\/script>\n<!-- \/ Yoast SEO plugin. -->","yoast_head_json":{"title":"Vnit\u0159n\u00ed klidov\u00fd baz\u00e9n - Termaly Male Bielice -","description":"N\u00e1\u0161 vnit\u0159n\u00ed rekrea\u010dn\u00ed baz\u00e9n je sedac\u00ed, bez hydromas\u00e1\u017en\u00edch prvk\u016f, s hloubkou vody 1,2 m pro pohodln\u00e9 posezen\u00ed.","robots":{"index":"index","follow":"follow","max-snippet":"max-snippet:-1","max-image-preview":"max-image-preview:large","max-video-preview":"max-video-preview:-1"},"canonical":"https:\/\/www.termalymalebielice.com\/cs\/wellness\/vnitrni-klidovy-bazen\/","og_locale":"cs_CZ","og_type":"article","og_title":"Vnit\u0159n\u00ed klidov\u00fd baz\u00e9n - Termaly Male Bielice -","og_description":"N\u00e1\u0161 vnit\u0159n\u00ed rekrea\u010dn\u00ed baz\u00e9n je sedac\u00ed, bez hydromas\u00e1\u017en\u00edch prvk\u016f, s hloubkou vody 1,2 m pro pohodln\u00e9 posezen\u00ed.","og_url":"https:\/\/www.termalymalebielice.com\/cs\/wellness\/vnitrni-klidovy-bazen\/","og_site_name":"Termaly Male Bielice","article_modified_time":"2025-06-09T14:24:39+00:00","twitter_card":"summary_large_image","twitter_misc":{"Odhadovan\u00e1 doba \u010dten\u00ed":"1 minuta"},"schema":{"@context":"https:\/\/schema.org","@graph":[{"@type":"WebPage","@id":"https:\/\/www.termalymalebielice.com\/cs\/wellness\/vnitrni-klidovy-bazen\/","url":"https:\/\/www.termalymalebielice.com\/cs\/wellness\/vnitrni-klidovy-bazen\/","name":"Vnit\u0159n\u00ed klidov\u00fd baz\u00e9n - Termaly Male Bielice -","isPartOf":{"@id":"https:\/\/www.termalymalebielice.com\/cs\/#website"},"datePublished":"2024-01-15T09:47:00+00:00","dateModified":"2025-06-09T14:24:39+00:00","description":"N\u00e1\u0161 vnit\u0159n\u00ed rekrea\u010dn\u00ed baz\u00e9n je sedac\u00ed, bez hydromas\u00e1\u017en\u00edch prvk\u016f, s hloubkou vody 1,2 m pro pohodln\u00e9 posezen\u00ed.","breadcrumb":{"@id":"https:\/\/www.termalymalebielice.com\/cs\/wellness\/vnitrni-klidovy-bazen\/#breadcrumb"},"inLanguage":"cs","potentialAction":[{"@type":"ReadAction","target":["https:\/\/www.termalymalebielice.com\/cs\/wellness\/vnitrni-klidovy-bazen\/"]}]},{"@type":"BreadcrumbList","@id":"https:\/\/www.termalymalebielice.com\/cs\/wellness\/vnitrni-klidovy-bazen\/#breadcrumb","itemListElement":[{"@type":"ListItem","position":1,"name":"Home","item":"https:\/\/www.termalymalebielice.com\/cs\/"},{"@type":"ListItem","position":2,"name":"Wellness","item":"https:\/\/www.termalymalebielice.com\/cs\/wellness\/"},{"@type":"ListItem","position":3,"name":"Vnit\u0159n\u00ed klidov\u00fd baz\u00e9n"}]},{"@type":"WebSite","@id":"https:\/\/www.termalymalebielice.com\/cs\/#website","url":"https:\/\/www.termalymalebielice.com\/cs\/","name":"Termaly Male Bielice","description":"","potentialAction":[{"@type":"SearchAction","target":{"@type":"EntryPoint","urlTemplate":"https:\/\/www.termalymalebielice.com\/cs\/?s={search_term_string}"},"query-input":{"@type":"PropertyValueSpecification","valueRequired":true,"valueName":"search_term_string"}}],"inLanguage":"cs"}]}},"acf":[],"_links":{"self":[{"href":"https:\/\/www.termalymalebielice.com\/cs\/wp-json\/wp\/v2\/pages\/691","targetHints":{"allow":["GET"]}}],"collection":[{"href":"https:\/\/www.termalymalebielice.com\/cs\/wp-json\/wp\/v2\/pages"}],"about":[{"href":"https:\/\/www.termalymalebielice.com\/cs\/wp-json\/wp\/v2\/types\/page"}],"author":[{"embeddable":true,"href":"https:\/\/www.termalymalebielice.com\/cs\/wp-json\/wp\/v2\/users\/46"}],"replies":[{"embeddable":true,"href":"https:\/\/www.termalymalebielice.com\/cs\/wp-json\/wp\/v2\/comments?post=691"}],"version-history":[{"count":0,"href":"https:\/\/www.termalymalebielice.com\/cs\/wp-json\/wp\/v2\/pages\/691\/revisions"}],"up":[{"embeddable":true,"href":"https:\/\/www.termalymalebielice.com\/cs\/wp-json\/wp\/v2\/pages\/689"}],"wp:attachment":[{"href":"https:\/\/www.termalymalebielice.com\/cs\/wp-json\/wp\/v2\/media?parent=691"}],"curies":[{"name":"wp","href":"https:\/\/api.w.org\/{rel}","templated":true}]}}