{"id":676,"date":"2023-12-15T14:06:28","date_gmt":"2023-12-15T14:06:28","guid":{"rendered":"https:\/\/www.termalymalebielice.com\/?page_id=676"},"modified":"2026-04-09T09:17:08","modified_gmt":"2026-04-09T09:17:08","slug":"termaly-male-bielice","status":"publish","type":"page","link":"https:\/\/www.termalymalebielice.com\/cs\/","title":{"rendered":"Term\u00e1ly Mal\u00e9 Bielice"},"content":{"rendered":"<p style=\"text-align: center\">V\u00edtejte na m\u00edst\u011b relaxu a zdrav\u00ed. Nab\u00edz\u00edme komfortn\u00ed ubytov\u00e1n\u00ed ve 45 dvoul\u016f\u017ekov\u00fdch pokoj\u00edch s mo\u017enost\u00ed p\u0159ist\u00fdlky r\u016fzn\u00fdch standard\u016f. L\u00e1ze\u0148sk\u00e9 za\u0159\u00edzen\u00ed vyrostlo p\u0159\u00edmo v m\u00edstech, kde p\u0159irozen\u011b vyv\u011br\u00e1 tepl\u00e1 miner\u00e1ln\u00ed voda, dosahuj\u00edc\u00ed teploty a\u017e 40 stup\u0148\u016f Celsia. M\u00edstn\u00ed prameny maj\u00ed velmi p\u0159\u00edzniv\u00e9 \u00fa\u010dinky p\u0159edev\u0161\u00edm na pohybov\u00e9 \u00fastroj\u00ed, nervovou soustavu, rehabilitaci a regeneraci organismu. Modern\u00ed pokoje jsou vybaveny klimatizac\u00ed, p\u0159ipojen\u00edm na internet, satelitn\u00ed televiz\u00ed, lednic\u00ed a koupelnou. Ka\u017ed\u00fd pokoj m\u00e1 vlastn\u00ed balkon. B\u011bhem sv\u00e9ho pobytu mohou host\u00e9 vyu\u017e\u00edvat wellness centrum bez poplatku. Pokoje Superior jsou vybaveny \u017eupany. Hotelov\u00ed host\u00e9 mohou parkovi\u0161t\u011b vyu\u017e\u00edvat zcela zdarma.<br \/>\nVzd\u00e1lenost z Prahy: 375 km vzd\u00e1lenost z Brna: 170 km vzd\u00e1lenost z Ostravy: 200 km<\/p>\n","protected":false},"excerpt":{"rendered":"<p>V\u00edtejte na m\u00edst\u011b relaxu a zdrav\u00ed. Nab\u00edz\u00edme komfortn\u00ed ubytov\u00e1n\u00ed ve 45 dvoul\u016f\u017ekov\u00fdch pokoj\u00edch s mo\u017enost\u00ed p\u0159ist\u00fdlky r\u016fzn\u00fdch standard\u016f. L\u00e1ze\u0148sk\u00e9 za\u0159\u00edzen\u00ed vyrostlo p\u0159\u00edmo v m\u00edstech, kde p\u0159irozen\u011b vyv\u011br\u00e1 tepl\u00e1 miner\u00e1ln\u00ed voda, dosahuj\u00edc\u00ed teploty a\u017e 40 stup\u0148\u016f Celsia. M\u00edstn\u00ed prameny maj\u00ed velmi p\u0159\u00edzniv\u00e9 \u00fa\u010dinky p\u0159edev\u0161\u00edm na pohybov\u00e9 \u00fastroj\u00ed, nervovou soustavu, rehabilitaci a regeneraci organismu. Modern\u00ed pokoje jsou [&hellip;]<\/p>\n","protected":false},"author":199,"featured_media":0,"parent":0,"menu_order":0,"comment_status":"closed","ping_status":"closed","template":"","meta":{"footnotes":""},"yoast_head":"<!-- This site is optimized with the Yoast SEO plugin v22.3 - https:\/\/yoast.com\/wordpress\/plugins\/seo\/ -->\n<title>Term\u00e1ly Mal\u00e9 Bielice - Termaly Male Bielice -<\/title>\n<meta name=\"description\" content=\"Komfortn\u00ed ubytov\u00e1n\u00ed, miner\u00e1ln\u00ed prameny na pohyb, nervy a regeneraci, wellness zdarma, Wi-Fi, balkony, parkov\u00e1n\u00ed.\" \/>\n<meta name=\"robots\" content=\"index, follow, max-snippet:-1, max-image-preview:large, max-video-preview:-1\" \/>\n<link rel=\"canonical\" href=\"https:\/\/www.termalymalebielice.com\/cs\/\" \/>\n<meta property=\"og:locale\" content=\"cs_CZ\" \/>\n<meta property=\"og:type\" content=\"article\" \/>\n<meta property=\"og:title\" content=\"Term\u00e1ly Mal\u00e9 Bielice - Termaly Male Bielice -\" \/>\n<meta property=\"og:description\" content=\"Komfortn\u00ed ubytov\u00e1n\u00ed, miner\u00e1ln\u00ed prameny na pohyb, nervy a regeneraci, wellness zdarma, Wi-Fi, balkony, parkov\u00e1n\u00ed.\" \/>\n<meta property=\"og:url\" content=\"https:\/\/www.termalymalebielice.com\/cs\/\" \/>\n<meta property=\"og:site_name\" content=\"Termaly Male Bielice\" \/>\n<meta property=\"article:modified_time\" content=\"2026-04-09T09:17:08+00:00\" \/>\n<meta name=\"twitter:card\" content=\"summary_large_image\" \/>\n<meta name=\"twitter:label1\" content=\"Odhadovan\u00e1 doba \u010dten\u00ed\" \/>\n\t<meta name=\"twitter:data1\" content=\"1 minuta\" \/>\n<script type=\"application\/ld+json\" class=\"yoast-schema-graph\">{\"@context\":\"https:\/\/schema.org\",\"@graph\":[{\"@type\":\"WebPage\",\"@id\":\"https:\/\/www.termalymalebielice.com\/cs\/\",\"url\":\"https:\/\/www.termalymalebielice.com\/cs\/\",\"name\":\"Term\u00e1ly Mal\u00e9 Bielice - Termaly Male Bielice -\",\"isPartOf\":{\"@id\":\"https:\/\/www.termalymalebielice.com\/cs\/#website\"},\"datePublished\":\"2023-12-15T14:06:28+00:00\",\"dateModified\":\"2026-04-09T09:17:08+00:00\",\"description\":\"Komfortn\u00ed ubytov\u00e1n\u00ed, miner\u00e1ln\u00ed prameny na pohyb, nervy a regeneraci, wellness zdarma, Wi-Fi, balkony, parkov\u00e1n\u00ed.\",\"breadcrumb\":{\"@id\":\"https:\/\/www.termalymalebielice.com\/cs\/#breadcrumb\"},\"inLanguage\":\"cs\",\"potentialAction\":[{\"@type\":\"ReadAction\",\"target\":[\"https:\/\/www.termalymalebielice.com\/cs\/\"]}]},{\"@type\":\"BreadcrumbList\",\"@id\":\"https:\/\/www.termalymalebielice.com\/cs\/#breadcrumb\",\"itemListElement\":[{\"@type\":\"ListItem\",\"position\":1,\"name\":\"Home\",\"item\":\"https:\/\/www.termalymalebielice.com\/cs\/\"},{\"@type\":\"ListItem\",\"position\":2,\"name\":\"Term\u00e1ly Mal\u00e9 Bielice\"}]},{\"@type\":\"WebSite\",\"@id\":\"https:\/\/www.termalymalebielice.com\/cs\/#website\",\"url\":\"https:\/\/www.termalymalebielice.com\/cs\/\",\"name\":\"Termaly Male Bielice\",\"description\":\"\",\"potentialAction\":[{\"@type\":\"SearchAction\",\"target\":{\"@type\":\"EntryPoint\",\"urlTemplate\":\"https:\/\/www.termalymalebielice.com\/cs\/?s={search_term_string}\"},\"query-input\":\"required name=search_term_string\"}],\"inLanguage\":\"cs\"}]}<\/script>\n<!-- \/ Yoast SEO plugin. -->","yoast_head_json":{"title":"Term\u00e1ly Mal\u00e9 Bielice - Termaly Male Bielice -","description":"Komfortn\u00ed ubytov\u00e1n\u00ed, miner\u00e1ln\u00ed prameny na pohyb, nervy a regeneraci, wellness zdarma, Wi-Fi, balkony, parkov\u00e1n\u00ed.","robots":{"index":"index","follow":"follow","max-snippet":"max-snippet:-1","max-image-preview":"max-image-preview:large","max-video-preview":"max-video-preview:-1"},"canonical":"https:\/\/www.termalymalebielice.com\/cs\/","og_locale":"cs_CZ","og_type":"article","og_title":"Term\u00e1ly Mal\u00e9 Bielice - Termaly Male Bielice -","og_description":"Komfortn\u00ed ubytov\u00e1n\u00ed, miner\u00e1ln\u00ed prameny na pohyb, nervy a regeneraci, wellness zdarma, Wi-Fi, balkony, parkov\u00e1n\u00ed.","og_url":"https:\/\/www.termalymalebielice.com\/cs\/","og_site_name":"Termaly Male Bielice","article_modified_time":"2026-04-09T09:17:08+00:00","twitter_card":"summary_large_image","twitter_misc":{"Odhadovan\u00e1 doba \u010dten\u00ed":"1 minuta"},"schema":{"@context":"https:\/\/schema.org","@graph":[{"@type":"WebPage","@id":"https:\/\/www.termalymalebielice.com\/cs\/","url":"https:\/\/www.termalymalebielice.com\/cs\/","name":"Term\u00e1ly Mal\u00e9 Bielice - Termaly Male Bielice -","isPartOf":{"@id":"https:\/\/www.termalymalebielice.com\/cs\/#website"},"datePublished":"2023-12-15T14:06:28+00:00","dateModified":"2026-04-09T09:17:08+00:00","description":"Komfortn\u00ed ubytov\u00e1n\u00ed, miner\u00e1ln\u00ed prameny na pohyb, nervy a regeneraci, wellness zdarma, Wi-Fi, balkony, parkov\u00e1n\u00ed.","breadcrumb":{"@id":"https:\/\/www.termalymalebielice.com\/cs\/#breadcrumb"},"inLanguage":"cs","potentialAction":[{"@type":"ReadAction","target":["https:\/\/www.termalymalebielice.com\/cs\/"]}]},{"@type":"BreadcrumbList","@id":"https:\/\/www.termalymalebielice.com\/cs\/#breadcrumb","itemListElement":[{"@type":"ListItem","position":1,"name":"Home","item":"https:\/\/www.termalymalebielice.com\/cs\/"},{"@type":"ListItem","position":2,"name":"Term\u00e1ly Mal\u00e9 Bielice"}]},{"@type":"WebSite","@id":"https:\/\/www.termalymalebielice.com\/cs\/#website","url":"https:\/\/www.termalymalebielice.com\/cs\/","name":"Termaly Male Bielice","description":"","potentialAction":[{"@type":"SearchAction","target":{"@type":"EntryPoint","urlTemplate":"https:\/\/www.termalymalebielice.com\/cs\/?s={search_term_string}"},"query-input":"required name=search_term_string"}],"inLanguage":"cs"}]}},"acf":[],"_links":{"self":[{"href":"https:\/\/www.termalymalebielice.com\/cs\/wp-json\/wp\/v2\/pages\/676"}],"collection":[{"href":"https:\/\/www.termalymalebielice.com\/cs\/wp-json\/wp\/v2\/pages"}],"about":[{"href":"https:\/\/www.termalymalebielice.com\/cs\/wp-json\/wp\/v2\/types\/page"}],"author":[{"embeddable":true,"href":"https:\/\/www.termalymalebielice.com\/cs\/wp-json\/wp\/v2\/users\/199"}],"replies":[{"embeddable":true,"href":"https:\/\/www.termalymalebielice.com\/cs\/wp-json\/wp\/v2\/comments?post=676"}],"version-history":[{"count":0,"href":"https:\/\/www.termalymalebielice.com\/cs\/wp-json\/wp\/v2\/pages\/676\/revisions"}],"wp:attachment":[{"href":"https:\/\/www.termalymalebielice.com\/cs\/wp-json\/wp\/v2\/media?parent=676"}],"curies":[{"name":"wp","href":"https:\/\/api.w.org\/{rel}","templated":true}]}}